{"id":471,"date":"2025-05-08T21:05:57","date_gmt":"2025-05-08T21:05:57","guid":{"rendered":"https:\/\/kolff.cl\/?post_type=product&#038;p=471"},"modified":"2025-06-12T19:17:32","modified_gmt":"2025-06-12T19:17:32","slug":"planissimo","status":"publish","type":"product","link":"https:\/\/kolff.cl\/index.php\/producto\/planissimo\/","title":{"rendered":"PLANISSIMO"},"content":{"rendered":"\t\t<div data-elementor-type=\"product-post\" data-elementor-id=\"471\" class=\"elementor elementor-471\" data-elementor-post-type=\"product\">\n\t\t\t\t<div class=\"elementor-element elementor-element-1bf9f2ff e-flex e-con-boxed e-con e-parent\" data-id=\"1bf9f2ff\" data-element_type=\"container\">\n\t\t\t\t\t<div class=\"e-con-inner\">\n\t\t\t\t<div class=\"elementor-element elementor-element-3d9b39e4 jltma-glass-effect-no elementor-widget elementor-widget-text-editor\" data-id=\"3d9b39e4\" data-element_type=\"widget\" data-widget_type=\"text-editor.default\">\n\t\t\t\t<div class=\"elementor-widget-container\">\n\t\t\t\t\t\t\t\t\t<div class=\"feature-container\"><div class=\"feature\"><img decoding=\"async\" class=\"alignnone wp-image-27577\" src=\"https:\/\/asiqfacility.cl\/wp-content\/uploads\/2025\/03\/cuadrado-amarillo.svg\" alt=\"\" width=\"20\" height=\"20\" \/>\u00a0 Dise\u00f1o contempor\u00e1neo para ambientes requerimientos de bajo impacto visual.<\/div><div>\u00a0<\/div><div class=\"feature\"><img decoding=\"async\" class=\"alignnone wp-image-27577\" src=\"https:\/\/asiqfacility.cl\/wp-content\/uploads\/2025\/03\/cuadrado-amarillo.svg\" alt=\"\" width=\"20\" height=\"20\" \/>\u00a0 Para montaje sobre cielo o muro.<\/div><div>\u00a0<\/div><div class=\"feature\"><img decoding=\"async\" class=\"alignnone wp-image-27577\" src=\"https:\/\/asiqfacility.cl\/wp-content\/uploads\/2025\/03\/cuadrado-amarillo.svg\" alt=\"\" width=\"20\" height=\"20\" \/>\u00a0 Encendido autom\u00e1tico e instant\u00e1neo ante cortes de energ\u00eda el\u00e9ctrica.<\/div><\/div><p><!-- Fuente Montserrat --><\/p><p><style>\n  .feature {<br \/>\n    display: flex;<br \/>\n    align-items: center;<br \/>\n    gap: 15px;<br \/>\n    margin-bottom: 10px;<br \/>\n    width: 100%;<br \/>\n    font-size: 17px;<br \/>\n    font-family: 'Montserrat', sans-serif;<br \/>\n    line-height: 1.2;<br \/>\n  }<\/p>\n<p>  .feature-container {<br \/>\n    display: flex;<br \/>\n    flex-direction: column;<br \/>\n  }<\/p>\n<p>  .feature:last-child {<br \/>\n    margin-bottom: 0;<br \/>\n  }<br \/>\n<\/style><\/p>\t\t\t\t\t\t\t\t<\/div>\n\t\t\t\t<\/div>\n\t\t\t\t\t<\/div>\n\t\t\t\t<\/div>\n\t\t<div class=\"elementor-element elementor-element-4a6456d e-flex e-con-boxed e-con e-parent\" data-id=\"4a6456d\" data-element_type=\"container\">\n\t\t\t\t\t<div class=\"e-con-inner\">\n\t\t\t\t<div class=\"elementor-element elementor-element-65f8291 jltma-glass-effect-no elementor-widget elementor-widget-video\" data-id=\"65f8291\" data-element_type=\"widget\" data-settings=\"{&quot;video_type&quot;:&quot;hosted&quot;,&quot;loop&quot;:&quot;yes&quot;,&quot;controls&quot;:&quot;yes&quot;}\" data-widget_type=\"video.default\">\n\t\t\t\t<div class=\"elementor-widget-container\">\n\t\t\t\t\t\t\t<div class=\"e-hosted-video elementor-wrapper elementor-open-inline\">\n\t\t\t\t\t<video class=\"elementor-video\" src=\"https:\/\/kolff.cl\/wp-content\/uploads\/2025\/06\/PLANISSIMOBLANCO0001-1000.mp4\" loop=\"\" controls=\"\" preload=\"metadata\" controlsList=\"nodownload\"><\/video>\n\t\t\t\t<\/div>\n\t\t\t\t\t\t<\/div>\n\t\t\t\t<\/div>\n\t\t\t\t\t<\/div>\n\t\t\t\t<\/div>\n\t\t\t\t<\/div>\n\t\t","protected":false},"excerpt":{"rendered":"<style><span data-mce-type=\"bookmark\" style=\"display: inline-block; width: 0px; overflow: hidden; line-height: 0;\" class=\"mce_SELRES_start\">\ufeff<\/span><span data-mce-type=\"bookmark\" style=\"display: inline-block; width: 0px; overflow: hidden; line-height: 0;\" class=\"mce_SELRES_start\">\ufeff<\/span><span data-mce-type=\"bookmark\" style=\"display: inline-block; width: 0px; overflow: hidden; line-height: 0;\" class=\"mce_SELRES_start\">\ufeff<\/span><span data-mce-type=\"bookmark\" style=\"display: inline-block; width: 0px; overflow: hidden; line-height: 0;\" class=\"mce_SELRES_start\">\ufeff<\/span><br \/>    .duoled {<br \/>        font-size: 48px;<br \/>        font-weight: 800; \/* Extra negrita *\/<br \/>        color: black; \/* Color negro *\/<br \/>    }<\/p>\n<p>    .emergency-text {<br \/>        font-size: 12px;<br \/>        line-height: 20px; \/* Altura de l\u00ednea *\/<br \/>        margin: 0;<br \/>    }<br \/><\/style>\n<p><strong>ILUMINACI\u00d3N DE EMERGENCIA EST\u00c1NDAR<\/strong><\/p>\n<p>PLANISSIMO<\/p>\n<p class=\"emergency-text\">Equipo aut\u00f3nomo, no permanente.<br \/>\nEvacuaci\u00f3n y antip\u00e1nico.<\/p>\n<p><a style=\"display: inline-block; padding: 12px 20px; background-color: #eeab00; color: #0a1724; text-decoration: none; border-radius: 5px; font-weight: bold; font-size: 16px;\" href=\"https:\/\/kolff.cl\/wp-content\/uploads\/2025\/06\/Ficha-Tecnica-PLANISSIMO-2025.pdf\"_blank\" rel=\"noopener\" download=\"\">\ud83d\udcc4 Descargar ficha t\u00e9cnica<br \/>\n<\/a><\/p>\n","protected":false},"featured_media":460,"comment_status":"open","ping_status":"closed","template":"","meta":{"content-type":""},"product_brand":[],"product_cat":[19],"product_tag":[],"class_list":{"0":"post-471","1":"product","2":"type-product","3":"status-publish","4":"has-post-thumbnail","6":"product_cat-iluminacion-de-emergencia","8":"first","9":"instock","10":"shipping-taxable","11":"product-type-simple"},"yoast_head":"<!-- This site is optimized with the Yoast SEO plugin v25.3.1 - https:\/\/yoast.com\/wordpress\/plugins\/seo\/ -->\n<title>PLANISSIMO - Kolff<\/title>\n<meta name=\"robots\" content=\"index, follow, max-snippet:-1, max-image-preview:large, max-video-preview:-1\" \/>\n<link rel=\"canonical\" href=\"https:\/\/kolff.cl\/index.php\/producto\/planissimo\/\" \/>\n<meta property=\"og:locale\" content=\"es_ES\" \/>\n<meta property=\"og:type\" content=\"article\" \/>\n<meta property=\"og:title\" content=\"PLANISSIMO - Kolff\" \/>\n<meta property=\"og:description\" content=\"ILUMINACI\u00d3N DE EMERGENCIA EST\u00c1NDAR  PLANISSIMO Equipo aut\u00f3nomo, no permanente. Evacuaci\u00f3n y antip\u00e1nico.\" \/>\n<meta property=\"og:url\" content=\"https:\/\/kolff.cl\/index.php\/producto\/planissimo\/\" \/>\n<meta property=\"og:site_name\" content=\"Kolff\" \/>\n<meta property=\"article:modified_time\" content=\"2025-06-12T19:17:32+00:00\" \/>\n<meta property=\"og:image\" content=\"https:\/\/kolff.cl\/wp-content\/uploads\/2025\/05\/PLANISSIMO.webp\" \/>\n\t<meta property=\"og:image:width\" content=\"1000\" \/>\n\t<meta property=\"og:image:height\" content=\"999\" \/>\n\t<meta property=\"og:image:type\" content=\"image\/webp\" \/>\n<meta name=\"twitter:card\" content=\"summary_large_image\" \/>\n<script type=\"application\/ld+json\" class=\"yoast-schema-graph\">{\"@context\":\"https:\/\/schema.org\",\"@graph\":[{\"@type\":\"WebPage\",\"@id\":\"https:\/\/kolff.cl\/index.php\/producto\/planissimo\/\",\"url\":\"https:\/\/kolff.cl\/index.php\/producto\/planissimo\/\",\"name\":\"PLANISSIMO - Kolff\",\"isPartOf\":{\"@id\":\"https:\/\/kolff.cl\/#website\"},\"primaryImageOfPage\":{\"@id\":\"https:\/\/kolff.cl\/index.php\/producto\/planissimo\/#primaryimage\"},\"image\":{\"@id\":\"https:\/\/kolff.cl\/index.php\/producto\/planissimo\/#primaryimage\"},\"thumbnailUrl\":\"https:\/\/kolff.cl\/wp-content\/uploads\/2025\/05\/PLANISSIMO.webp\",\"datePublished\":\"2025-05-08T21:05:57+00:00\",\"dateModified\":\"2025-06-12T19:17:32+00:00\",\"breadcrumb\":{\"@id\":\"https:\/\/kolff.cl\/index.php\/producto\/planissimo\/#breadcrumb\"},\"inLanguage\":\"es\",\"potentialAction\":[{\"@type\":\"ReadAction\",\"target\":[\"https:\/\/kolff.cl\/index.php\/producto\/planissimo\/\"]}]},{\"@type\":\"ImageObject\",\"inLanguage\":\"es\",\"@id\":\"https:\/\/kolff.cl\/index.php\/producto\/planissimo\/#primaryimage\",\"url\":\"https:\/\/kolff.cl\/wp-content\/uploads\/2025\/05\/PLANISSIMO.webp\",\"contentUrl\":\"https:\/\/kolff.cl\/wp-content\/uploads\/2025\/05\/PLANISSIMO.webp\",\"width\":1000,\"height\":999},{\"@type\":\"BreadcrumbList\",\"@id\":\"https:\/\/kolff.cl\/index.php\/producto\/planissimo\/#breadcrumb\",\"itemListElement\":[{\"@type\":\"ListItem\",\"position\":1,\"name\":\"Portada\",\"item\":\"https:\/\/kolff.cl\/\"},{\"@type\":\"ListItem\",\"position\":2,\"name\":\"Tienda\",\"item\":\"https:\/\/kolff.cl\/index.php\/tienda\/\"},{\"@type\":\"ListItem\",\"position\":3,\"name\":\"PLANISSIMO\"}]},{\"@type\":\"WebSite\",\"@id\":\"https:\/\/kolff.cl\/#website\",\"url\":\"https:\/\/kolff.cl\/\",\"name\":\"Kolff\",\"description\":\"\",\"potentialAction\":[{\"@type\":\"SearchAction\",\"target\":{\"@type\":\"EntryPoint\",\"urlTemplate\":\"https:\/\/kolff.cl\/?s={search_term_string}\"},\"query-input\":{\"@type\":\"PropertyValueSpecification\",\"valueRequired\":true,\"valueName\":\"search_term_string\"}}],\"inLanguage\":\"es\"}]}<\/script>\n<!-- \/ Yoast SEO plugin. -->","yoast_head_json":{"title":"PLANISSIMO - Kolff","robots":{"index":"index","follow":"follow","max-snippet":"max-snippet:-1","max-image-preview":"max-image-preview:large","max-video-preview":"max-video-preview:-1"},"canonical":"https:\/\/kolff.cl\/index.php\/producto\/planissimo\/","og_locale":"es_ES","og_type":"article","og_title":"PLANISSIMO - Kolff","og_description":"ILUMINACI\u00d3N DE EMERGENCIA EST\u00c1NDAR  PLANISSIMO Equipo aut\u00f3nomo, no permanente. Evacuaci\u00f3n y antip\u00e1nico.","og_url":"https:\/\/kolff.cl\/index.php\/producto\/planissimo\/","og_site_name":"Kolff","article_modified_time":"2025-06-12T19:17:32+00:00","og_image":[{"width":1000,"height":999,"url":"https:\/\/kolff.cl\/wp-content\/uploads\/2025\/05\/PLANISSIMO.webp","type":"image\/webp"}],"twitter_card":"summary_large_image","schema":{"@context":"https:\/\/schema.org","@graph":[{"@type":"WebPage","@id":"https:\/\/kolff.cl\/index.php\/producto\/planissimo\/","url":"https:\/\/kolff.cl\/index.php\/producto\/planissimo\/","name":"PLANISSIMO - Kolff","isPartOf":{"@id":"https:\/\/kolff.cl\/#website"},"primaryImageOfPage":{"@id":"https:\/\/kolff.cl\/index.php\/producto\/planissimo\/#primaryimage"},"image":{"@id":"https:\/\/kolff.cl\/index.php\/producto\/planissimo\/#primaryimage"},"thumbnailUrl":"https:\/\/kolff.cl\/wp-content\/uploads\/2025\/05\/PLANISSIMO.webp","datePublished":"2025-05-08T21:05:57+00:00","dateModified":"2025-06-12T19:17:32+00:00","breadcrumb":{"@id":"https:\/\/kolff.cl\/index.php\/producto\/planissimo\/#breadcrumb"},"inLanguage":"es","potentialAction":[{"@type":"ReadAction","target":["https:\/\/kolff.cl\/index.php\/producto\/planissimo\/"]}]},{"@type":"ImageObject","inLanguage":"es","@id":"https:\/\/kolff.cl\/index.php\/producto\/planissimo\/#primaryimage","url":"https:\/\/kolff.cl\/wp-content\/uploads\/2025\/05\/PLANISSIMO.webp","contentUrl":"https:\/\/kolff.cl\/wp-content\/uploads\/2025\/05\/PLANISSIMO.webp","width":1000,"height":999},{"@type":"BreadcrumbList","@id":"https:\/\/kolff.cl\/index.php\/producto\/planissimo\/#breadcrumb","itemListElement":[{"@type":"ListItem","position":1,"name":"Portada","item":"https:\/\/kolff.cl\/"},{"@type":"ListItem","position":2,"name":"Tienda","item":"https:\/\/kolff.cl\/index.php\/tienda\/"},{"@type":"ListItem","position":3,"name":"PLANISSIMO"}]},{"@type":"WebSite","@id":"https:\/\/kolff.cl\/#website","url":"https:\/\/kolff.cl\/","name":"Kolff","description":"","potentialAction":[{"@type":"SearchAction","target":{"@type":"EntryPoint","urlTemplate":"https:\/\/kolff.cl\/?s={search_term_string}"},"query-input":{"@type":"PropertyValueSpecification","valueRequired":true,"valueName":"search_term_string"}}],"inLanguage":"es"}]}},"_links":{"self":[{"href":"https:\/\/kolff.cl\/index.php\/wp-json\/wp\/v2\/product\/471","targetHints":{"allow":["GET"]}}],"collection":[{"href":"https:\/\/kolff.cl\/index.php\/wp-json\/wp\/v2\/product"}],"about":[{"href":"https:\/\/kolff.cl\/index.php\/wp-json\/wp\/v2\/types\/product"}],"replies":[{"embeddable":true,"href":"https:\/\/kolff.cl\/index.php\/wp-json\/wp\/v2\/comments?post=471"}],"version-history":[{"count":10,"href":"https:\/\/kolff.cl\/index.php\/wp-json\/wp\/v2\/product\/471\/revisions"}],"predecessor-version":[{"id":1321,"href":"https:\/\/kolff.cl\/index.php\/wp-json\/wp\/v2\/product\/471\/revisions\/1321"}],"wp:featuredmedia":[{"embeddable":true,"href":"https:\/\/kolff.cl\/index.php\/wp-json\/wp\/v2\/media\/460"}],"wp:attachment":[{"href":"https:\/\/kolff.cl\/index.php\/wp-json\/wp\/v2\/media?parent=471"}],"wp:term":[{"taxonomy":"product_brand","embeddable":true,"href":"https:\/\/kolff.cl\/index.php\/wp-json\/wp\/v2\/product_brand?post=471"},{"taxonomy":"product_cat","embeddable":true,"href":"https:\/\/kolff.cl\/index.php\/wp-json\/wp\/v2\/product_cat?post=471"},{"taxonomy":"product_tag","embeddable":true,"href":"https:\/\/kolff.cl\/index.php\/wp-json\/wp\/v2\/product_tag?post=471"}],"curies":[{"name":"wp","href":"https:\/\/api.w.org\/{rel}","templated":true}]}}