{"id":441,"date":"2025-05-08T20:21:13","date_gmt":"2025-05-08T20:21:13","guid":{"rendered":"https:\/\/kolff.cl\/?post_type=product&#038;p=441"},"modified":"2025-06-12T19:37:15","modified_gmt":"2025-06-12T19:37:15","slug":"stylo-220","status":"publish","type":"product","link":"https:\/\/kolff.cl\/index.php\/producto\/stylo-220\/","title":{"rendered":"STYLO 220"},"content":{"rendered":"\t\t<div data-elementor-type=\"product-post\" data-elementor-id=\"441\" class=\"elementor elementor-441\" data-elementor-post-type=\"product\">\n\t\t\t\t<div class=\"elementor-element elementor-element-60d0d68b e-con-full e-flex e-con e-parent\" data-id=\"60d0d68b\" data-element_type=\"container\">\n\t\t\t\t<div class=\"elementor-element elementor-element-45e9031f jltma-glass-effect-no elementor-widget elementor-widget-text-editor\" data-id=\"45e9031f\" data-element_type=\"widget\" data-widget_type=\"text-editor.default\">\n\t\t\t\t<div class=\"elementor-widget-container\">\n\t\t\t\t\t\t\t\t\t<div class=\"feature-container\"><div class=\"feature\"><img decoding=\"async\" class=\"alignnone wp-image-27577\" src=\"https:\/\/asiqfacility.cl\/wp-content\/uploads\/2025\/03\/cuadrado-amarillo.svg\" alt=\"\" width=\"20\" height=\"20\" \/>\u00a0 Encendido autom\u00e1tico ante cortes de energ\u00eda.<\/div><div>\u00a0<\/div><div class=\"feature\"><img decoding=\"async\" class=\"alignnone wp-image-27577\" src=\"https:\/\/asiqfacility.cl\/wp-content\/uploads\/2025\/03\/cuadrado-amarillo.svg\" alt=\"\" width=\"20\" height=\"20\" \/>\u00a0 Autonom\u00eda <strong>1 Hr. 30 min.<\/strong><\/div><div>\u00a0<\/div><div class=\"feature\"><img decoding=\"async\" class=\"alignnone wp-image-27577\" src=\"https:\/\/asiqfacility.cl\/wp-content\/uploads\/2025\/03\/cuadrado-amarillo.svg\" alt=\"\" width=\"20\" height=\"20\" \/>\u00a0 LED de bajo consumo.<\/div><div>\u00a0<\/div><div class=\"feature\"><img decoding=\"async\" class=\"alignnone wp-image-27577\" src=\"https:\/\/asiqfacility.cl\/wp-content\/uploads\/2025\/03\/cuadrado-amarillo.svg\" alt=\"\" width=\"20\" height=\"20\" \/>\u00a0 Garant\u00eda <strong>KOLFF.<\/strong><\/div><\/div><p><!-- Fuente Montserrat --><\/p><p><style>\n  .feature {<br \/>    display: flex;<br \/>    align-items: center;<br \/>    gap: 15px;<br \/>    margin-bottom: 10px;<br \/>    width: 100%;<br \/>    font-size: 17px;<br \/>    font-family: 'Montserrat', sans-serif;<br \/>    line-height: 1.2;<br \/>  }<\/p>\n<p>  .feature-container {<br \/>    display: flex;<br \/>    flex-direction: column;<br \/>  }<\/p>\n<p>  .feature:last-child {<br \/>    margin-bottom: 0;<br \/>  }<br \/><\/style><\/p>\t\t\t\t\t\t\t\t<\/div>\n\t\t\t\t<\/div>\n\t\t\t\t<\/div>\n\t\t<div class=\"elementor-element elementor-element-8771423 e-flex e-con-boxed e-con e-parent\" data-id=\"8771423\" data-element_type=\"container\">\n\t\t\t\t\t<div class=\"e-con-inner\">\n\t\t\t\t<div class=\"elementor-element elementor-element-0736f9e jltma-glass-effect-no elementor-widget elementor-widget-video\" data-id=\"0736f9e\" data-element_type=\"widget\" data-settings=\"{&quot;video_type&quot;:&quot;hosted&quot;,&quot;loop&quot;:&quot;yes&quot;,&quot;controls&quot;:&quot;yes&quot;}\" data-widget_type=\"video.default\">\n\t\t\t\t<div class=\"elementor-widget-container\">\n\t\t\t\t\t\t\t<div class=\"e-hosted-video elementor-wrapper elementor-open-inline\">\n\t\t\t\t\t<video class=\"elementor-video\" src=\"https:\/\/kolff.cl\/wp-content\/uploads\/2025\/06\/STYLO0001-1000.mp4\" loop=\"\" controls=\"\" preload=\"metadata\" controlsList=\"nodownload\"><\/video>\n\t\t\t\t<\/div>\n\t\t\t\t\t\t<\/div>\n\t\t\t\t<\/div>\n\t\t\t\t\t<\/div>\n\t\t\t\t<\/div>\n\t\t\t\t<\/div>\n\t\t","protected":false},"excerpt":{"rendered":"<style><span data-mce-type=\"bookmark\" style=\"display: inline-block; width: 0px; overflow: hidden; line-height: 0;\" class=\"mce_SELRES_start\">\ufeff<\/span><span data-mce-type=\"bookmark\" style=\"display: inline-block; width: 0px; overflow: hidden; line-height: 0;\" class=\"mce_SELRES_start\">\ufeff<\/span><span data-mce-type=\"bookmark\" style=\"display: inline-block; width: 0px; overflow: hidden; line-height: 0;\" class=\"mce_SELRES_start\">\ufeff<\/span><span data-mce-type=\"bookmark\" style=\"display: inline-block; width: 0px; overflow: hidden; line-height: 0;\" class=\"mce_SELRES_start\">\ufeff<\/span><br \/>    .duoled {<br \/>        font-size: 48px;<br \/>        font-weight: 800; \/* Extra negrita *\/<br \/>        color: black; \/* Color negro *\/<br \/>    }<\/p>\n<p>    .emergency-text {<br \/>        font-size: 12px;<br \/>        line-height: 20px; \/* Altura de l\u00ednea *\/<br \/>        margin: 0;<br \/>    }<br \/><\/style>\n<p><strong>ILUMINACI\u00d3N DE EMERGENCIA EST\u00c1NDAR<\/strong><\/p>\n<p><strong>STYLO 220<\/strong><\/p>\n<p class=\"emergency-text\">Equipo aut\u00f3nomo, no permanente, para ambientes<br \/>\ncon requerimientos de bajo impacto visual, para<br \/>\nmontaje en cielo, muro o suspendido.<\/p>\n<p><a style=\"display: inline-block; padding: 12px 20px; background-color: #eeab00; color: #0a1724; text-decoration: none; border-radius: 5px; font-weight: bold; font-size: 16px;\" href=\"https:\/\/kolff.cl\/wp-content\/uploads\/2025\/06\/Ficha-Tecnica-STYLO-2025.pdf\" target=\"_blank\" rel=\"noopener\" download=\"\">\ud83d\udcc4 Descargar ficha t\u00e9cnica<br \/>\n<\/a><\/p>\n","protected":false},"featured_media":459,"comment_status":"open","ping_status":"closed","template":"","meta":{"content-type":""},"product_brand":[],"product_cat":[19],"product_tag":[],"class_list":{"0":"post-441","1":"product","2":"type-product","3":"status-publish","4":"has-post-thumbnail","6":"product_cat-iluminacion-de-emergencia","8":"first","9":"instock","10":"shipping-taxable","11":"product-type-simple"},"yoast_head":"<!-- This site is optimized with the Yoast SEO plugin v25.3.1 - https:\/\/yoast.com\/wordpress\/plugins\/seo\/ -->\n<title>STYLO 220 - Kolff<\/title>\n<meta name=\"robots\" content=\"index, follow, max-snippet:-1, max-image-preview:large, max-video-preview:-1\" \/>\n<link rel=\"canonical\" href=\"https:\/\/kolff.cl\/index.php\/producto\/stylo-220\/\" \/>\n<meta property=\"og:locale\" content=\"es_ES\" \/>\n<meta property=\"og:type\" content=\"article\" \/>\n<meta property=\"og:title\" content=\"STYLO 220 - Kolff\" \/>\n<meta property=\"og:description\" content=\"ILUMINACI\u00d3N DE EMERGENCIA EST\u00c1NDAR  STYLO 220 Equipo aut\u00f3nomo, no permanente, para ambientes con requerimientos de bajo impacto visual, para montaje en cielo, muro o suspendido. \ud83d\udcc4 Descargar ficha t\u00e9cnica\" \/>\n<meta property=\"og:url\" content=\"https:\/\/kolff.cl\/index.php\/producto\/stylo-220\/\" \/>\n<meta property=\"og:site_name\" content=\"Kolff\" \/>\n<meta property=\"article:modified_time\" content=\"2025-06-12T19:37:15+00:00\" \/>\n<meta property=\"og:image\" content=\"https:\/\/kolff.cl\/wp-content\/uploads\/2025\/05\/EUROSAFE.webp\" \/>\n\t<meta property=\"og:image:width\" content=\"1000\" \/>\n\t<meta property=\"og:image:height\" content=\"1000\" \/>\n\t<meta property=\"og:image:type\" content=\"image\/webp\" \/>\n<meta name=\"twitter:card\" content=\"summary_large_image\" \/>\n<script type=\"application\/ld+json\" class=\"yoast-schema-graph\">{\"@context\":\"https:\/\/schema.org\",\"@graph\":[{\"@type\":\"WebPage\",\"@id\":\"https:\/\/kolff.cl\/index.php\/producto\/stylo-220\/\",\"url\":\"https:\/\/kolff.cl\/index.php\/producto\/stylo-220\/\",\"name\":\"STYLO 220 - Kolff\",\"isPartOf\":{\"@id\":\"https:\/\/kolff.cl\/#website\"},\"primaryImageOfPage\":{\"@id\":\"https:\/\/kolff.cl\/index.php\/producto\/stylo-220\/#primaryimage\"},\"image\":{\"@id\":\"https:\/\/kolff.cl\/index.php\/producto\/stylo-220\/#primaryimage\"},\"thumbnailUrl\":\"https:\/\/kolff.cl\/wp-content\/uploads\/2025\/05\/EUROSAFE.webp\",\"datePublished\":\"2025-05-08T20:21:13+00:00\",\"dateModified\":\"2025-06-12T19:37:15+00:00\",\"breadcrumb\":{\"@id\":\"https:\/\/kolff.cl\/index.php\/producto\/stylo-220\/#breadcrumb\"},\"inLanguage\":\"es\",\"potentialAction\":[{\"@type\":\"ReadAction\",\"target\":[\"https:\/\/kolff.cl\/index.php\/producto\/stylo-220\/\"]}]},{\"@type\":\"ImageObject\",\"inLanguage\":\"es\",\"@id\":\"https:\/\/kolff.cl\/index.php\/producto\/stylo-220\/#primaryimage\",\"url\":\"https:\/\/kolff.cl\/wp-content\/uploads\/2025\/05\/EUROSAFE.webp\",\"contentUrl\":\"https:\/\/kolff.cl\/wp-content\/uploads\/2025\/05\/EUROSAFE.webp\",\"width\":1000,\"height\":1000},{\"@type\":\"BreadcrumbList\",\"@id\":\"https:\/\/kolff.cl\/index.php\/producto\/stylo-220\/#breadcrumb\",\"itemListElement\":[{\"@type\":\"ListItem\",\"position\":1,\"name\":\"Portada\",\"item\":\"https:\/\/kolff.cl\/\"},{\"@type\":\"ListItem\",\"position\":2,\"name\":\"Tienda\",\"item\":\"https:\/\/kolff.cl\/index.php\/tienda\/\"},{\"@type\":\"ListItem\",\"position\":3,\"name\":\"STYLO 220\"}]},{\"@type\":\"WebSite\",\"@id\":\"https:\/\/kolff.cl\/#website\",\"url\":\"https:\/\/kolff.cl\/\",\"name\":\"Kolff\",\"description\":\"\",\"potentialAction\":[{\"@type\":\"SearchAction\",\"target\":{\"@type\":\"EntryPoint\",\"urlTemplate\":\"https:\/\/kolff.cl\/?s={search_term_string}\"},\"query-input\":{\"@type\":\"PropertyValueSpecification\",\"valueRequired\":true,\"valueName\":\"search_term_string\"}}],\"inLanguage\":\"es\"}]}<\/script>\n<!-- \/ Yoast SEO plugin. -->","yoast_head_json":{"title":"STYLO 220 - Kolff","robots":{"index":"index","follow":"follow","max-snippet":"max-snippet:-1","max-image-preview":"max-image-preview:large","max-video-preview":"max-video-preview:-1"},"canonical":"https:\/\/kolff.cl\/index.php\/producto\/stylo-220\/","og_locale":"es_ES","og_type":"article","og_title":"STYLO 220 - Kolff","og_description":"ILUMINACI\u00d3N DE EMERGENCIA EST\u00c1NDAR  STYLO 220 Equipo aut\u00f3nomo, no permanente, para ambientes con requerimientos de bajo impacto visual, para montaje en cielo, muro o suspendido. \ud83d\udcc4 Descargar ficha t\u00e9cnica","og_url":"https:\/\/kolff.cl\/index.php\/producto\/stylo-220\/","og_site_name":"Kolff","article_modified_time":"2025-06-12T19:37:15+00:00","og_image":[{"width":1000,"height":1000,"url":"https:\/\/kolff.cl\/wp-content\/uploads\/2025\/05\/EUROSAFE.webp","type":"image\/webp"}],"twitter_card":"summary_large_image","schema":{"@context":"https:\/\/schema.org","@graph":[{"@type":"WebPage","@id":"https:\/\/kolff.cl\/index.php\/producto\/stylo-220\/","url":"https:\/\/kolff.cl\/index.php\/producto\/stylo-220\/","name":"STYLO 220 - Kolff","isPartOf":{"@id":"https:\/\/kolff.cl\/#website"},"primaryImageOfPage":{"@id":"https:\/\/kolff.cl\/index.php\/producto\/stylo-220\/#primaryimage"},"image":{"@id":"https:\/\/kolff.cl\/index.php\/producto\/stylo-220\/#primaryimage"},"thumbnailUrl":"https:\/\/kolff.cl\/wp-content\/uploads\/2025\/05\/EUROSAFE.webp","datePublished":"2025-05-08T20:21:13+00:00","dateModified":"2025-06-12T19:37:15+00:00","breadcrumb":{"@id":"https:\/\/kolff.cl\/index.php\/producto\/stylo-220\/#breadcrumb"},"inLanguage":"es","potentialAction":[{"@type":"ReadAction","target":["https:\/\/kolff.cl\/index.php\/producto\/stylo-220\/"]}]},{"@type":"ImageObject","inLanguage":"es","@id":"https:\/\/kolff.cl\/index.php\/producto\/stylo-220\/#primaryimage","url":"https:\/\/kolff.cl\/wp-content\/uploads\/2025\/05\/EUROSAFE.webp","contentUrl":"https:\/\/kolff.cl\/wp-content\/uploads\/2025\/05\/EUROSAFE.webp","width":1000,"height":1000},{"@type":"BreadcrumbList","@id":"https:\/\/kolff.cl\/index.php\/producto\/stylo-220\/#breadcrumb","itemListElement":[{"@type":"ListItem","position":1,"name":"Portada","item":"https:\/\/kolff.cl\/"},{"@type":"ListItem","position":2,"name":"Tienda","item":"https:\/\/kolff.cl\/index.php\/tienda\/"},{"@type":"ListItem","position":3,"name":"STYLO 220"}]},{"@type":"WebSite","@id":"https:\/\/kolff.cl\/#website","url":"https:\/\/kolff.cl\/","name":"Kolff","description":"","potentialAction":[{"@type":"SearchAction","target":{"@type":"EntryPoint","urlTemplate":"https:\/\/kolff.cl\/?s={search_term_string}"},"query-input":{"@type":"PropertyValueSpecification","valueRequired":true,"valueName":"search_term_string"}}],"inLanguage":"es"}]}},"_links":{"self":[{"href":"https:\/\/kolff.cl\/index.php\/wp-json\/wp\/v2\/product\/441","targetHints":{"allow":["GET"]}}],"collection":[{"href":"https:\/\/kolff.cl\/index.php\/wp-json\/wp\/v2\/product"}],"about":[{"href":"https:\/\/kolff.cl\/index.php\/wp-json\/wp\/v2\/types\/product"}],"replies":[{"embeddable":true,"href":"https:\/\/kolff.cl\/index.php\/wp-json\/wp\/v2\/comments?post=441"}],"version-history":[{"count":11,"href":"https:\/\/kolff.cl\/index.php\/wp-json\/wp\/v2\/product\/441\/revisions"}],"predecessor-version":[{"id":1334,"href":"https:\/\/kolff.cl\/index.php\/wp-json\/wp\/v2\/product\/441\/revisions\/1334"}],"wp:featuredmedia":[{"embeddable":true,"href":"https:\/\/kolff.cl\/index.php\/wp-json\/wp\/v2\/media\/459"}],"wp:attachment":[{"href":"https:\/\/kolff.cl\/index.php\/wp-json\/wp\/v2\/media?parent=441"}],"wp:term":[{"taxonomy":"product_brand","embeddable":true,"href":"https:\/\/kolff.cl\/index.php\/wp-json\/wp\/v2\/product_brand?post=441"},{"taxonomy":"product_cat","embeddable":true,"href":"https:\/\/kolff.cl\/index.php\/wp-json\/wp\/v2\/product_cat?post=441"},{"taxonomy":"product_tag","embeddable":true,"href":"https:\/\/kolff.cl\/index.php\/wp-json\/wp\/v2\/product_tag?post=441"}],"curies":[{"name":"wp","href":"https:\/\/api.w.org\/{rel}","templated":true}]}}