{"id":2721,"date":"2026-01-19T11:12:11","date_gmt":"2026-01-19T11:12:11","guid":{"rendered":"https:\/\/kolff.cl\/?post_type=product&#038;p=2721"},"modified":"2026-01-19T11:27:59","modified_gmt":"2026-01-19T11:27:59","slug":"ups-blue","status":"publish","type":"product","link":"https:\/\/kolff.cl\/index.php\/producto\/ups-blue\/","title":{"rendered":"UPS Blue"},"content":{"rendered":"\t\t<div data-elementor-type=\"product-post\" data-elementor-id=\"2721\" class=\"elementor elementor-2721\" data-elementor-post-type=\"product\">\n\t\t\t\t<div class=\"elementor-element elementor-element-771ef02 e-con-full e-flex e-con e-parent\" data-id=\"771ef02\" data-element_type=\"container\">\n\t\t\t\t<div class=\"elementor-element elementor-element-56d9192 jltma-glass-effect-no elementor-widget elementor-widget-heading\" data-id=\"56d9192\" data-element_type=\"widget\" data-widget_type=\"heading.default\">\n\t\t\t\t<div class=\"elementor-widget-container\">\n\t\t\t\t\t<h2 class=\"elementor-heading-title elementor-size-default\"><div style=\"display: flex; align-items: center; gap: 15px; margin-bottom: 10px; width: 426.836px; font-size: 17px; font-family: Montserrat, sans-serif; line-height: 1.2; color: rgb(53, 53, 53); white-space-collapse: collapse;\"><img decoding=\"async\" src=\"https:\/\/asiqfacility.cl\/wp-content\/uploads\/2025\/03\/cuadrado-amarillo.svg\" alt=\"\" width=\"20\" height=\"20\"><b style=\"display: inline !important;\">1kVA<\/b><\/div><div style=\"display: flex; align-items: center; gap: 15px; margin-bottom: 10px; width: 426.836px; font-size: 17px; font-family: Montserrat, sans-serif; line-height: 1.2; color: rgb(53, 53, 53); font-weight: 400; white-space-collapse: collapse;\">- Tipo torre<br>- 1 minuto de autonom\u00eda con bater\u00edas internas<br>- Capacidad de autonom\u00eda extendida con bancos externos<br>- Eficiencia: 88%<br>- Factor de Potencia: 0,6<\/div><\/h2>\t\t\t\t<\/div>\n\t\t\t\t<\/div>\n\t\t\t\t<\/div>\n\t\t\t\t<\/div>\n\t\t","protected":false},"excerpt":{"rendered":"<p><strong>Monof\u00e1sica<\/strong><\/p>\n<p><strong>UPS Blue<\/strong><\/p>\n<p class=\"emergency-text\">UPS interactiva: Regula voltaje de se\u00f1al desde la red.<\/p>\n<p class=\"emergency-text\">Transferencia a bater\u00edas ante defectos en el suministro es de aprox. 6 ms.<\/p>\n<p>Frecuencia de salida var\u00eda en un rango. Suficiente para la mayor\u00eda de equipos sin tanta sensibilidad a cambios de frecuencia ni tiempos de transferencias breves.<\/p>\n<p>Regulaci\u00f3n de voltaje +\/-10% modo bater\u00eda.<\/p>\n<p>Regulaci\u00f3n de frecuencia +\/-1 Hz modo bater\u00eda.<\/p>\n<p>&nbsp;<\/p>\n<p><a style=\"display: inline-block; padding: 12px 20px; background-color: #eeab00; color: #0a1724; text-decoration: none; border-radius: 5px; font-weight: bold; font-size: 16px;\" href=\"https:\/\/kolff.cl\/wp-content\/uploads\/2026\/01\/UPS-BLUE-650_compressed.pdf\">\ud83d\udcc4 Descargar ficha t\u00e9cnica<br \/>\n<\/a><\/p>\n","protected":false},"featured_media":2724,"comment_status":"open","ping_status":"closed","template":"","meta":{"content-type":""},"product_brand":[],"product_cat":[19],"product_tag":[],"class_list":{"0":"post-2721","1":"product","2":"type-product","3":"status-publish","4":"has-post-thumbnail","6":"product_cat-iluminacion-de-emergencia","8":"first","9":"instock","10":"shipping-taxable","11":"product-type-simple"},"yoast_head":"<!-- This site is optimized with the Yoast SEO plugin v25.3.1 - https:\/\/yoast.com\/wordpress\/plugins\/seo\/ -->\n<title>UPS Blue - Kolff<\/title>\n<meta name=\"robots\" content=\"index, follow, max-snippet:-1, max-image-preview:large, max-video-preview:-1\" \/>\n<link rel=\"canonical\" href=\"https:\/\/kolff.cl\/index.php\/producto\/ups-blue\/\" \/>\n<meta property=\"og:locale\" content=\"es_ES\" \/>\n<meta property=\"og:type\" content=\"article\" \/>\n<meta property=\"og:title\" content=\"UPS Blue - Kolff\" \/>\n<meta property=\"og:description\" content=\"Monof\u00e1sica  UPS Blue UPS interactiva: Regula voltaje de se\u00f1al desde la red. Transferencia a bater\u00edas ante defectos en el suministro es de aprox. 6 ms. Frecuencia de salida var\u00eda en un rango. Suficiente para la mayor\u00eda de equipos sin tanta sensibilidad a cambios de frecuencia ni tiempos de transferencias breves.  Regulaci\u00f3n de voltaje +\/-10% modo bater\u00eda.  Regulaci\u00f3n de frecuencia +\/-1 Hz modo bater\u00eda.  &nbsp;  \ud83d\udcc4 Descargar ficha t\u00e9cnica\" \/>\n<meta property=\"og:url\" content=\"https:\/\/kolff.cl\/index.php\/producto\/ups-blue\/\" \/>\n<meta property=\"og:site_name\" content=\"Kolff\" \/>\n<meta property=\"article:modified_time\" content=\"2026-01-19T11:27:59+00:00\" \/>\n<meta property=\"og:image\" content=\"https:\/\/kolff.cl\/wp-content\/uploads\/2026\/01\/blue650ficha-1024x911.png\" \/>\n\t<meta property=\"og:image:width\" content=\"1024\" \/>\n\t<meta property=\"og:image:height\" content=\"911\" \/>\n\t<meta property=\"og:image:type\" content=\"image\/png\" \/>\n<meta name=\"twitter:card\" content=\"summary_large_image\" \/>\n<meta name=\"twitter:label1\" content=\"Tiempo de lectura\" \/>\n\t<meta name=\"twitter:data1\" content=\"2 minutos\" \/>\n<script type=\"application\/ld+json\" class=\"yoast-schema-graph\">{\"@context\":\"https:\/\/schema.org\",\"@graph\":[{\"@type\":\"WebPage\",\"@id\":\"https:\/\/kolff.cl\/index.php\/producto\/ups-blue\/\",\"url\":\"https:\/\/kolff.cl\/index.php\/producto\/ups-blue\/\",\"name\":\"UPS Blue - Kolff\",\"isPartOf\":{\"@id\":\"https:\/\/kolff.cl\/#website\"},\"primaryImageOfPage\":{\"@id\":\"https:\/\/kolff.cl\/index.php\/producto\/ups-blue\/#primaryimage\"},\"image\":{\"@id\":\"https:\/\/kolff.cl\/index.php\/producto\/ups-blue\/#primaryimage\"},\"thumbnailUrl\":\"https:\/\/kolff.cl\/wp-content\/uploads\/2026\/01\/blue650ficha.png\",\"datePublished\":\"2026-01-19T11:12:11+00:00\",\"dateModified\":\"2026-01-19T11:27:59+00:00\",\"breadcrumb\":{\"@id\":\"https:\/\/kolff.cl\/index.php\/producto\/ups-blue\/#breadcrumb\"},\"inLanguage\":\"es\",\"potentialAction\":[{\"@type\":\"ReadAction\",\"target\":[\"https:\/\/kolff.cl\/index.php\/producto\/ups-blue\/\"]}]},{\"@type\":\"ImageObject\",\"inLanguage\":\"es\",\"@id\":\"https:\/\/kolff.cl\/index.php\/producto\/ups-blue\/#primaryimage\",\"url\":\"https:\/\/kolff.cl\/wp-content\/uploads\/2026\/01\/blue650ficha.png\",\"contentUrl\":\"https:\/\/kolff.cl\/wp-content\/uploads\/2026\/01\/blue650ficha.png\",\"width\":2158,\"height\":1920},{\"@type\":\"BreadcrumbList\",\"@id\":\"https:\/\/kolff.cl\/index.php\/producto\/ups-blue\/#breadcrumb\",\"itemListElement\":[{\"@type\":\"ListItem\",\"position\":1,\"name\":\"Portada\",\"item\":\"https:\/\/kolff.cl\/\"},{\"@type\":\"ListItem\",\"position\":2,\"name\":\"Tienda\",\"item\":\"https:\/\/kolff.cl\/index.php\/tienda\/\"},{\"@type\":\"ListItem\",\"position\":3,\"name\":\"UPS Blue\"}]},{\"@type\":\"WebSite\",\"@id\":\"https:\/\/kolff.cl\/#website\",\"url\":\"https:\/\/kolff.cl\/\",\"name\":\"Kolff\",\"description\":\"\",\"potentialAction\":[{\"@type\":\"SearchAction\",\"target\":{\"@type\":\"EntryPoint\",\"urlTemplate\":\"https:\/\/kolff.cl\/?s={search_term_string}\"},\"query-input\":{\"@type\":\"PropertyValueSpecification\",\"valueRequired\":true,\"valueName\":\"search_term_string\"}}],\"inLanguage\":\"es\"}]}<\/script>\n<!-- \/ Yoast SEO plugin. -->","yoast_head_json":{"title":"UPS Blue - Kolff","robots":{"index":"index","follow":"follow","max-snippet":"max-snippet:-1","max-image-preview":"max-image-preview:large","max-video-preview":"max-video-preview:-1"},"canonical":"https:\/\/kolff.cl\/index.php\/producto\/ups-blue\/","og_locale":"es_ES","og_type":"article","og_title":"UPS Blue - Kolff","og_description":"Monof\u00e1sica  UPS Blue UPS interactiva: Regula voltaje de se\u00f1al desde la red. Transferencia a bater\u00edas ante defectos en el suministro es de aprox. 6 ms. Frecuencia de salida var\u00eda en un rango. Suficiente para la mayor\u00eda de equipos sin tanta sensibilidad a cambios de frecuencia ni tiempos de transferencias breves.  Regulaci\u00f3n de voltaje +\/-10% modo bater\u00eda.  Regulaci\u00f3n de frecuencia +\/-1 Hz modo bater\u00eda.  &nbsp;  \ud83d\udcc4 Descargar ficha t\u00e9cnica","og_url":"https:\/\/kolff.cl\/index.php\/producto\/ups-blue\/","og_site_name":"Kolff","article_modified_time":"2026-01-19T11:27:59+00:00","og_image":[{"width":1024,"height":911,"url":"https:\/\/kolff.cl\/wp-content\/uploads\/2026\/01\/blue650ficha-1024x911.png","type":"image\/png"}],"twitter_card":"summary_large_image","twitter_misc":{"Tiempo de lectura":"2 minutos"},"schema":{"@context":"https:\/\/schema.org","@graph":[{"@type":"WebPage","@id":"https:\/\/kolff.cl\/index.php\/producto\/ups-blue\/","url":"https:\/\/kolff.cl\/index.php\/producto\/ups-blue\/","name":"UPS Blue - Kolff","isPartOf":{"@id":"https:\/\/kolff.cl\/#website"},"primaryImageOfPage":{"@id":"https:\/\/kolff.cl\/index.php\/producto\/ups-blue\/#primaryimage"},"image":{"@id":"https:\/\/kolff.cl\/index.php\/producto\/ups-blue\/#primaryimage"},"thumbnailUrl":"https:\/\/kolff.cl\/wp-content\/uploads\/2026\/01\/blue650ficha.png","datePublished":"2026-01-19T11:12:11+00:00","dateModified":"2026-01-19T11:27:59+00:00","breadcrumb":{"@id":"https:\/\/kolff.cl\/index.php\/producto\/ups-blue\/#breadcrumb"},"inLanguage":"es","potentialAction":[{"@type":"ReadAction","target":["https:\/\/kolff.cl\/index.php\/producto\/ups-blue\/"]}]},{"@type":"ImageObject","inLanguage":"es","@id":"https:\/\/kolff.cl\/index.php\/producto\/ups-blue\/#primaryimage","url":"https:\/\/kolff.cl\/wp-content\/uploads\/2026\/01\/blue650ficha.png","contentUrl":"https:\/\/kolff.cl\/wp-content\/uploads\/2026\/01\/blue650ficha.png","width":2158,"height":1920},{"@type":"BreadcrumbList","@id":"https:\/\/kolff.cl\/index.php\/producto\/ups-blue\/#breadcrumb","itemListElement":[{"@type":"ListItem","position":1,"name":"Portada","item":"https:\/\/kolff.cl\/"},{"@type":"ListItem","position":2,"name":"Tienda","item":"https:\/\/kolff.cl\/index.php\/tienda\/"},{"@type":"ListItem","position":3,"name":"UPS Blue"}]},{"@type":"WebSite","@id":"https:\/\/kolff.cl\/#website","url":"https:\/\/kolff.cl\/","name":"Kolff","description":"","potentialAction":[{"@type":"SearchAction","target":{"@type":"EntryPoint","urlTemplate":"https:\/\/kolff.cl\/?s={search_term_string}"},"query-input":{"@type":"PropertyValueSpecification","valueRequired":true,"valueName":"search_term_string"}}],"inLanguage":"es"}]}},"_links":{"self":[{"href":"https:\/\/kolff.cl\/index.php\/wp-json\/wp\/v2\/product\/2721","targetHints":{"allow":["GET"]}}],"collection":[{"href":"https:\/\/kolff.cl\/index.php\/wp-json\/wp\/v2\/product"}],"about":[{"href":"https:\/\/kolff.cl\/index.php\/wp-json\/wp\/v2\/types\/product"}],"replies":[{"embeddable":true,"href":"https:\/\/kolff.cl\/index.php\/wp-json\/wp\/v2\/comments?post=2721"}],"version-history":[{"count":5,"href":"https:\/\/kolff.cl\/index.php\/wp-json\/wp\/v2\/product\/2721\/revisions"}],"predecessor-version":[{"id":2728,"href":"https:\/\/kolff.cl\/index.php\/wp-json\/wp\/v2\/product\/2721\/revisions\/2728"}],"wp:featuredmedia":[{"embeddable":true,"href":"https:\/\/kolff.cl\/index.php\/wp-json\/wp\/v2\/media\/2724"}],"wp:attachment":[{"href":"https:\/\/kolff.cl\/index.php\/wp-json\/wp\/v2\/media?parent=2721"}],"wp:term":[{"taxonomy":"product_brand","embeddable":true,"href":"https:\/\/kolff.cl\/index.php\/wp-json\/wp\/v2\/product_brand?post=2721"},{"taxonomy":"product_cat","embeddable":true,"href":"https:\/\/kolff.cl\/index.php\/wp-json\/wp\/v2\/product_cat?post=2721"},{"taxonomy":"product_tag","embeddable":true,"href":"https:\/\/kolff.cl\/index.php\/wp-json\/wp\/v2\/product_tag?post=2721"}],"curies":[{"name":"wp","href":"https:\/\/api.w.org\/{rel}","templated":true}]}}