{"id":2509,"date":"2025-11-18T20:18:04","date_gmt":"2025-11-18T20:18:04","guid":{"rendered":"https:\/\/kolff.cl\/?post_type=product&#038;p=2509"},"modified":"2025-11-18T20:28:45","modified_gmt":"2025-11-18T20:28:45","slug":"abb-ups-dpa-500","status":"publish","type":"product","link":"https:\/\/kolff.cl\/index.php\/producto\/abb-ups-dpa-500\/","title":{"rendered":"ABB UPS DPA 500"},"content":{"rendered":"\t\t<div data-elementor-type=\"product-post\" data-elementor-id=\"2509\" class=\"elementor elementor-2509\" data-elementor-post-type=\"product\">\n\t\t\t\t<div class=\"elementor-element elementor-element-6886d8ea e-flex e-con-boxed e-con e-parent\" data-id=\"6886d8ea\" data-element_type=\"container\">\n\t\t\t\t\t<div class=\"e-con-inner\">\n\t\t\t\t<div class=\"elementor-element elementor-element-57a1028 jltma-glass-effect-no elementor-widget elementor-widget-heading\" data-id=\"57a1028\" data-element_type=\"widget\" data-widget_type=\"heading.default\">\n\t\t\t\t<div class=\"elementor-widget-container\">\n\t\t\t\t\t<h2 class=\"elementor-heading-title elementor-size-default\"><div style=\"display: flex; align-items: center; gap: 15px; margin-bottom: 10px; width: 426.836px; font-size: 17px; font-family: Montserrat, sans-serif; line-height: 1.2; color: rgb(53, 53, 53); white-space-collapse: collapse;\"><img decoding=\"async\" src=\"https:\/\/asiqfacility.cl\/wp-content\/uploads\/2025\/03\/cuadrado-amarillo.svg\" alt=\"\" width=\"20\" height=\"20\"><b style=\"display: inline !important;\">100kVA - 500kVA<\/b><\/div><span style=\"color: rgb(53, 53, 53); font-family: Montserrat, sans-serif; font-size: 17px; font-weight: 400; white-space-collapse: collapse;\">- Modular tipo armario<\/span><br><div style=\"display: flex; align-items: center; gap: 15px; margin-bottom: 10px; width: 426.836px; line-height: 1.2; white-space-collapse: collapse; font-weight: 400; font-size: 17px; font-family: Montserrat, sans-serif; color: rgb(53, 53, 53);\">- Capacidad para 5 m\u00f3dulos de 100kVA<br>- Uso solo con bater\u00edas externas<br>- Compatible con bater\u00edas externas VRLA, NiCd y Litio<br>- Eficiencia: 95,6%<br>- Factor de Potencia: 1<br>- Paralelizable hasta 6 armarios&nbsp;<\/div><\/h2>\t\t\t\t<\/div>\n\t\t\t\t<\/div>\n\t\t\t\t\t<\/div>\n\t\t\t\t<\/div>\n\t\t\t\t<\/div>\n\t\t","protected":false},"excerpt":{"rendered":"<style><span data-mce-type=\"bookmark\" style=\"display: inline-block; width: 0px; overflow: hidden; line-height: 0;\" class=\"mce_SELRES_start\">\ufeff<\/span><span data-mce-type=\"bookmark\" style=\"display: inline-block; width: 0px; overflow: hidden; line-height: 0;\" class=\"mce_SELRES_start\">\ufeff<\/span><span data-mce-type=\"bookmark\" style=\"display: inline-block; width: 0px; overflow: hidden; line-height: 0;\" class=\"mce_SELRES_start\">\ufeff<\/span><span data-mce-type=\"bookmark\" style=\"display: inline-block; width: 0px; overflow: hidden; line-height: 0;\" class=\"mce_SELRES_start\">\ufeff<\/span><span data-mce-type=\"bookmark\" style=\"display: inline-block; width: 0px; overflow: hidden; line-height: 0;\" class=\"mce_SELRES_start\">\ufeff<\/span><br \/>    .duoled {<br \/>        font-size: 48px;<br \/>        font-weight: 800; \/* Extra negrita *\/<br \/>        color: black; \/* Color negro *\/<br \/>    }<\/p>\n<p>    .emergency-text {<br \/>        font-size: 12px;<br \/>        line-height: 20px; \/* Altura de l\u00ednea *\/<br \/>        margin: 0;<br \/>    }<br \/><\/style>\n<p><strong>Trif\u00e1sica<\/strong><\/p>\n<p><strong>ABB UPS DPA 500<\/strong><\/p>\n<p>Concebido para centros de datos medianos y grandes, el sistema de alimentaci\u00f3n ininterrumpida (UPS) modular DPA 500 de ABB cubre requerimientos de potencia desde 100 kW hasta 3 MW y proporciona la m\u00e1xima disponibilidad para quienes buscan cero tiempos de inactividad, as\u00ed como un bajo costo de propiedad.<\/p>\n<p>&nbsp;<\/p>\n<p><a style=\"display: inline-block; padding: 12px 20px; background-color: #eeab00; color: #0a1724; text-decoration: none; border-radius: 5px; font-weight: bold; font-size: 16px;\" href=\"https:\/\/kolff.cl\/wp-content\/uploads\/2025\/05\/Ficha-Tecnica-SIGLED-INOX-2024-REV-16.05.pdf\" rel=\"noopener\" download=\"\">\ud83d\udcc4 Descargar ficha t\u00e9cnica<br \/>\n<\/a><\/p>\n","protected":false},"featured_media":447,"comment_status":"open","ping_status":"closed","template":"","meta":{"content-type":""},"product_brand":[],"product_cat":[19],"product_tag":[],"class_list":{"0":"post-2509","1":"product","2":"type-product","3":"status-publish","4":"has-post-thumbnail","6":"product_cat-iluminacion-de-emergencia","8":"first","9":"instock","10":"shipping-taxable","11":"product-type-simple"},"yoast_head":"<!-- This site is optimized with the Yoast SEO plugin v25.3.1 - https:\/\/yoast.com\/wordpress\/plugins\/seo\/ -->\n<title>ABB UPS DPA 500 - Kolff<\/title>\n<meta name=\"robots\" content=\"index, follow, max-snippet:-1, max-image-preview:large, max-video-preview:-1\" \/>\n<link rel=\"canonical\" href=\"https:\/\/kolff.cl\/index.php\/producto\/abb-ups-dpa-500\/\" \/>\n<meta property=\"og:locale\" content=\"es_ES\" \/>\n<meta property=\"og:type\" content=\"article\" \/>\n<meta property=\"og:title\" content=\"ABB UPS DPA 500 - Kolff\" \/>\n<meta property=\"og:description\" content=\"Trif\u00e1sica  ABB UPS DPA 500  Concebido para centros de datos medianos y grandes, el sistema de alimentaci\u00f3n ininterrumpida (UPS) modular DPA 500 de ABB cubre requerimientos de potencia desde 100 kW hasta 3 MW y proporciona la m\u00e1xima disponibilidad para quienes buscan cero tiempos de inactividad, as\u00ed como un bajo costo de propiedad.  &nbsp;  \ud83d\udcc4 Descargar ficha t\u00e9cnica\" \/>\n<meta property=\"og:url\" content=\"https:\/\/kolff.cl\/index.php\/producto\/abb-ups-dpa-500\/\" \/>\n<meta property=\"og:site_name\" content=\"Kolff\" \/>\n<meta property=\"article:modified_time\" content=\"2025-11-18T20:28:45+00:00\" \/>\n<meta property=\"og:image\" content=\"https:\/\/kolff.cl\/wp-content\/uploads\/2025\/05\/Recurso-40.webp\" \/>\n\t<meta property=\"og:image:width\" content=\"267\" \/>\n\t<meta property=\"og:image:height\" content=\"267\" \/>\n\t<meta property=\"og:image:type\" content=\"image\/webp\" \/>\n<meta name=\"twitter:card\" content=\"summary_large_image\" \/>\n<script type=\"application\/ld+json\" class=\"yoast-schema-graph\">{\"@context\":\"https:\/\/schema.org\",\"@graph\":[{\"@type\":\"WebPage\",\"@id\":\"https:\/\/kolff.cl\/index.php\/producto\/abb-ups-dpa-500\/\",\"url\":\"https:\/\/kolff.cl\/index.php\/producto\/abb-ups-dpa-500\/\",\"name\":\"ABB UPS DPA 500 - Kolff\",\"isPartOf\":{\"@id\":\"https:\/\/kolff.cl\/#website\"},\"primaryImageOfPage\":{\"@id\":\"https:\/\/kolff.cl\/index.php\/producto\/abb-ups-dpa-500\/#primaryimage\"},\"image\":{\"@id\":\"https:\/\/kolff.cl\/index.php\/producto\/abb-ups-dpa-500\/#primaryimage\"},\"thumbnailUrl\":\"https:\/\/kolff.cl\/wp-content\/uploads\/2025\/05\/Recurso-40.webp\",\"datePublished\":\"2025-11-18T20:18:04+00:00\",\"dateModified\":\"2025-11-18T20:28:45+00:00\",\"breadcrumb\":{\"@id\":\"https:\/\/kolff.cl\/index.php\/producto\/abb-ups-dpa-500\/#breadcrumb\"},\"inLanguage\":\"es\",\"potentialAction\":[{\"@type\":\"ReadAction\",\"target\":[\"https:\/\/kolff.cl\/index.php\/producto\/abb-ups-dpa-500\/\"]}]},{\"@type\":\"ImageObject\",\"inLanguage\":\"es\",\"@id\":\"https:\/\/kolff.cl\/index.php\/producto\/abb-ups-dpa-500\/#primaryimage\",\"url\":\"https:\/\/kolff.cl\/wp-content\/uploads\/2025\/05\/Recurso-40.webp\",\"contentUrl\":\"https:\/\/kolff.cl\/wp-content\/uploads\/2025\/05\/Recurso-40.webp\",\"width\":267,\"height\":267},{\"@type\":\"BreadcrumbList\",\"@id\":\"https:\/\/kolff.cl\/index.php\/producto\/abb-ups-dpa-500\/#breadcrumb\",\"itemListElement\":[{\"@type\":\"ListItem\",\"position\":1,\"name\":\"Portada\",\"item\":\"https:\/\/kolff.cl\/\"},{\"@type\":\"ListItem\",\"position\":2,\"name\":\"Tienda\",\"item\":\"https:\/\/kolff.cl\/index.php\/tienda\/\"},{\"@type\":\"ListItem\",\"position\":3,\"name\":\"ABB UPS DPA 500\"}]},{\"@type\":\"WebSite\",\"@id\":\"https:\/\/kolff.cl\/#website\",\"url\":\"https:\/\/kolff.cl\/\",\"name\":\"Kolff\",\"description\":\"\",\"potentialAction\":[{\"@type\":\"SearchAction\",\"target\":{\"@type\":\"EntryPoint\",\"urlTemplate\":\"https:\/\/kolff.cl\/?s={search_term_string}\"},\"query-input\":{\"@type\":\"PropertyValueSpecification\",\"valueRequired\":true,\"valueName\":\"search_term_string\"}}],\"inLanguage\":\"es\"}]}<\/script>\n<!-- \/ Yoast SEO plugin. -->","yoast_head_json":{"title":"ABB UPS DPA 500 - Kolff","robots":{"index":"index","follow":"follow","max-snippet":"max-snippet:-1","max-image-preview":"max-image-preview:large","max-video-preview":"max-video-preview:-1"},"canonical":"https:\/\/kolff.cl\/index.php\/producto\/abb-ups-dpa-500\/","og_locale":"es_ES","og_type":"article","og_title":"ABB UPS DPA 500 - Kolff","og_description":"Trif\u00e1sica  ABB UPS DPA 500  Concebido para centros de datos medianos y grandes, el sistema de alimentaci\u00f3n ininterrumpida (UPS) modular DPA 500 de ABB cubre requerimientos de potencia desde 100 kW hasta 3 MW y proporciona la m\u00e1xima disponibilidad para quienes buscan cero tiempos de inactividad, as\u00ed como un bajo costo de propiedad.  &nbsp;  \ud83d\udcc4 Descargar ficha t\u00e9cnica","og_url":"https:\/\/kolff.cl\/index.php\/producto\/abb-ups-dpa-500\/","og_site_name":"Kolff","article_modified_time":"2025-11-18T20:28:45+00:00","og_image":[{"width":267,"height":267,"url":"https:\/\/kolff.cl\/wp-content\/uploads\/2025\/05\/Recurso-40.webp","type":"image\/webp"}],"twitter_card":"summary_large_image","schema":{"@context":"https:\/\/schema.org","@graph":[{"@type":"WebPage","@id":"https:\/\/kolff.cl\/index.php\/producto\/abb-ups-dpa-500\/","url":"https:\/\/kolff.cl\/index.php\/producto\/abb-ups-dpa-500\/","name":"ABB UPS DPA 500 - Kolff","isPartOf":{"@id":"https:\/\/kolff.cl\/#website"},"primaryImageOfPage":{"@id":"https:\/\/kolff.cl\/index.php\/producto\/abb-ups-dpa-500\/#primaryimage"},"image":{"@id":"https:\/\/kolff.cl\/index.php\/producto\/abb-ups-dpa-500\/#primaryimage"},"thumbnailUrl":"https:\/\/kolff.cl\/wp-content\/uploads\/2025\/05\/Recurso-40.webp","datePublished":"2025-11-18T20:18:04+00:00","dateModified":"2025-11-18T20:28:45+00:00","breadcrumb":{"@id":"https:\/\/kolff.cl\/index.php\/producto\/abb-ups-dpa-500\/#breadcrumb"},"inLanguage":"es","potentialAction":[{"@type":"ReadAction","target":["https:\/\/kolff.cl\/index.php\/producto\/abb-ups-dpa-500\/"]}]},{"@type":"ImageObject","inLanguage":"es","@id":"https:\/\/kolff.cl\/index.php\/producto\/abb-ups-dpa-500\/#primaryimage","url":"https:\/\/kolff.cl\/wp-content\/uploads\/2025\/05\/Recurso-40.webp","contentUrl":"https:\/\/kolff.cl\/wp-content\/uploads\/2025\/05\/Recurso-40.webp","width":267,"height":267},{"@type":"BreadcrumbList","@id":"https:\/\/kolff.cl\/index.php\/producto\/abb-ups-dpa-500\/#breadcrumb","itemListElement":[{"@type":"ListItem","position":1,"name":"Portada","item":"https:\/\/kolff.cl\/"},{"@type":"ListItem","position":2,"name":"Tienda","item":"https:\/\/kolff.cl\/index.php\/tienda\/"},{"@type":"ListItem","position":3,"name":"ABB UPS DPA 500"}]},{"@type":"WebSite","@id":"https:\/\/kolff.cl\/#website","url":"https:\/\/kolff.cl\/","name":"Kolff","description":"","potentialAction":[{"@type":"SearchAction","target":{"@type":"EntryPoint","urlTemplate":"https:\/\/kolff.cl\/?s={search_term_string}"},"query-input":{"@type":"PropertyValueSpecification","valueRequired":true,"valueName":"search_term_string"}}],"inLanguage":"es"}]}},"_links":{"self":[{"href":"https:\/\/kolff.cl\/index.php\/wp-json\/wp\/v2\/product\/2509","targetHints":{"allow":["GET"]}}],"collection":[{"href":"https:\/\/kolff.cl\/index.php\/wp-json\/wp\/v2\/product"}],"about":[{"href":"https:\/\/kolff.cl\/index.php\/wp-json\/wp\/v2\/types\/product"}],"replies":[{"embeddable":true,"href":"https:\/\/kolff.cl\/index.php\/wp-json\/wp\/v2\/comments?post=2509"}],"version-history":[{"count":4,"href":"https:\/\/kolff.cl\/index.php\/wp-json\/wp\/v2\/product\/2509\/revisions"}],"predecessor-version":[{"id":2514,"href":"https:\/\/kolff.cl\/index.php\/wp-json\/wp\/v2\/product\/2509\/revisions\/2514"}],"wp:featuredmedia":[{"embeddable":true,"href":"https:\/\/kolff.cl\/index.php\/wp-json\/wp\/v2\/media\/447"}],"wp:attachment":[{"href":"https:\/\/kolff.cl\/index.php\/wp-json\/wp\/v2\/media?parent=2509"}],"wp:term":[{"taxonomy":"product_brand","embeddable":true,"href":"https:\/\/kolff.cl\/index.php\/wp-json\/wp\/v2\/product_brand?post=2509"},{"taxonomy":"product_cat","embeddable":true,"href":"https:\/\/kolff.cl\/index.php\/wp-json\/wp\/v2\/product_cat?post=2509"},{"taxonomy":"product_tag","embeddable":true,"href":"https:\/\/kolff.cl\/index.php\/wp-json\/wp\/v2\/product_tag?post=2509"}],"curies":[{"name":"wp","href":"https:\/\/api.w.org\/{rel}","templated":true}]}}