{"id":1974,"date":"2025-08-28T20:24:16","date_gmt":"2025-08-28T20:24:16","guid":{"rendered":"https:\/\/kolff.cl\/?post_type=product&#038;p=1974"},"modified":"2026-02-03T13:13:19","modified_gmt":"2026-02-03T13:13:19","slug":"ups-yellow-20k-100k","status":"publish","type":"product","link":"https:\/\/kolff.cl\/index.php\/producto\/ups-yellow-20k-100k\/","title":{"rendered":"UPS Yellow 20kVA &#8211; 100kVA"},"content":{"rendered":"\t\t<div data-elementor-type=\"product-post\" data-elementor-id=\"1974\" class=\"elementor elementor-1974\" data-elementor-post-type=\"product\">\n\t\t\t\t<div class=\"elementor-element elementor-element-738d1c7 e-flex e-con-boxed e-con e-parent\" data-id=\"738d1c7\" data-element_type=\"container\">\n\t\t\t\t\t<div class=\"e-con-inner\">\n\t\t\t\t<div class=\"elementor-element elementor-element-cc4e581 jltma-glass-effect-no elementor-widget elementor-widget-heading\" data-id=\"cc4e581\" data-element_type=\"widget\" data-widget_type=\"heading.default\">\n\t\t\t\t<div class=\"elementor-widget-container\">\n\t\t\t\t\t<h2 class=\"elementor-heading-title elementor-size-default\"><div style=\"display: flex; align-items: center; gap: 15px; margin-bottom: 10px; width: 426.836px; font-size: 17px; font-family: Montserrat, sans-serif; line-height: 1.2; color: rgb(53, 53, 53); white-space-collapse: collapse;\"><img decoding=\"async\" src=\"https:\/\/asiqfacility.cl\/wp-content\/uploads\/2025\/03\/cuadrado-amarillo.svg\" alt=\"\" width=\"20\" height=\"20\"><b style=\"display: inline !important;\">20kVA - 100kVA<\/b><\/div><div style=\"display: flex; align-items: center; gap: 15px; margin-bottom: 10px; width: 426.836px; font-size: 17px; font-family: Montserrat, sans-serif; line-height: 1.2; color: rgb(53, 53, 53); font-weight: 400; white-space-collapse: collapse;\">- Modular rackeable<br>- Capacidad escalable hasta 100kVA en m\u00f3dulos de 20kVA<br>- Dise\u00f1ada especialmente para soluciones de integraci\u00f3n en gabinetes autosoportados<br>- Uso solo con bater\u00edas externas<br>- Compatible con bater\u00edas VRLA y NiCd<br>- Eficiencia: 96%<br>- Factor de Potencia: 1<\/div><div style=\"display: flex; align-items: center; gap: 15px; margin-bottom: 10px; width: 426.836px; font-size: 17px; font-family: Montserrat, sans-serif; line-height: 1.2; color: rgb(53, 53, 53); font-weight: 400; white-space-collapse: collapse;\">- Configurable con salida trif\u00e1sica o monof\u00e1sica sin derrateo de potencia<\/div> <\/h2>\t\t\t\t<\/div>\n\t\t\t\t<\/div>\n\t\t\t\t\t<\/div>\n\t\t\t\t<\/div>\n\t\t\t\t<\/div>\n\t\t","protected":false},"excerpt":{"rendered":"<p><strong>Trif\u00e1sica<\/strong><\/p>\n<p><strong>Yellow 20kVA &#8211; 100kVA<\/strong><\/p>\n<p>YELLOW TMD es un UPS modular compacto y escalable que proporciona una salida de CA en onda sinusoidal pura.<\/p>\n<p>La tecnolog\u00eda \u201cTwin Sine Innovation\u201d (TSI) asegura m\u00f3dulos independientes \u201chot pluggable\u201d y \u201chot swap\u201d que incluyen pr\u00e1cticamente todas las funciones de un UPS convencional (CA\/CC, CC\/CA, cargador de bater\u00edas, interruptor est\u00e1tico), eliminando todos los posibles puntos \u00fanicos de falla.<\/p>\n<p>Se pueden instalar hasta 5 m\u00f3dulos en paralelo para llevar el potencial total de salida a un m\u00e1ximo de 100 kVA en configuraci\u00f3n 3F\u21921F.<\/p>\n<p>&nbsp;<\/p>\n<p><a style=\"display: inline-block; padding: 12px 20px; background-color: #eeab00; color: #0a1724; text-decoration: none; border-radius: 5px; font-weight: bold; font-size: 16px;\" href=\"https:\/\/kolff.cl\/wp-content\/uploads\/2026\/02\/UPS-YELLOW_compressed.pdf\">\ud83d\udcc4 Descargar ficha t\u00e9cnica<\/a><\/p>\n","protected":false},"featured_media":2979,"comment_status":"open","ping_status":"closed","template":"","meta":{"content-type":""},"product_brand":[],"product_cat":[17],"product_tag":[],"class_list":{"0":"post-1974","1":"product","2":"type-product","3":"status-publish","4":"has-post-thumbnail","6":"product_cat-sin-categorizar","8":"first","9":"instock","10":"shipping-taxable","11":"product-type-simple"},"yoast_head":"<!-- This site is optimized with the Yoast SEO plugin v25.3.1 - https:\/\/yoast.com\/wordpress\/plugins\/seo\/ -->\n<title>UPS Yellow 20kVA - 100kVA - Kolff<\/title>\n<meta name=\"robots\" content=\"index, follow, max-snippet:-1, max-image-preview:large, max-video-preview:-1\" \/>\n<link rel=\"canonical\" href=\"https:\/\/kolff.cl\/index.php\/producto\/ups-yellow-20k-100k\/\" \/>\n<meta property=\"og:locale\" content=\"es_ES\" \/>\n<meta property=\"og:type\" content=\"article\" \/>\n<meta property=\"og:title\" content=\"UPS Yellow 20kVA - 100kVA - Kolff\" \/>\n<meta property=\"og:description\" content=\"Trif\u00e1sica  Yellow 20kVA - 100kVA  YELLOW TMD es un UPS modular compacto y escalable que proporciona una salida de CA en onda sinusoidal pura.  La tecnolog\u00eda \u201cTwin Sine Innovation\u201d (TSI) asegura m\u00f3dulos independientes \u201chot pluggable\u201d y \u201chot swap\u201d que incluyen pr\u00e1cticamente todas las funciones de un UPS convencional (CA\/CC, CC\/CA, cargador de bater\u00edas, interruptor est\u00e1tico), eliminando todos los posibles puntos \u00fanicos de falla.  Se pueden instalar hasta 5 m\u00f3dulos en paralelo para llevar el potencial total de salida a un m\u00e1ximo de 100 kVA en configuraci\u00f3n 3F\u21921F.  &nbsp;  \ud83d\udcc4 Descargar ficha t\u00e9cnica\" \/>\n<meta property=\"og:url\" content=\"https:\/\/kolff.cl\/index.php\/producto\/ups-yellow-20k-100k\/\" \/>\n<meta property=\"og:site_name\" content=\"Kolff\" \/>\n<meta property=\"article:modified_time\" content=\"2026-02-03T13:13:19+00:00\" \/>\n<meta property=\"og:image\" content=\"https:\/\/kolff.cl\/wp-content\/uploads\/2025\/08\/yellowv1webp.webp\" \/>\n\t<meta property=\"og:image:width\" content=\"1200\" \/>\n\t<meta property=\"og:image:height\" content=\"1200\" \/>\n\t<meta property=\"og:image:type\" content=\"image\/webp\" \/>\n<meta name=\"twitter:card\" content=\"summary_large_image\" \/>\n<meta name=\"twitter:label1\" content=\"Tiempo de lectura\" \/>\n\t<meta name=\"twitter:data1\" content=\"1 minuto\" \/>\n<script type=\"application\/ld+json\" class=\"yoast-schema-graph\">{\"@context\":\"https:\/\/schema.org\",\"@graph\":[{\"@type\":\"WebPage\",\"@id\":\"https:\/\/kolff.cl\/index.php\/producto\/ups-yellow-20k-100k\/\",\"url\":\"https:\/\/kolff.cl\/index.php\/producto\/ups-yellow-20k-100k\/\",\"name\":\"UPS Yellow 20kVA - 100kVA - Kolff\",\"isPartOf\":{\"@id\":\"https:\/\/kolff.cl\/#website\"},\"primaryImageOfPage\":{\"@id\":\"https:\/\/kolff.cl\/index.php\/producto\/ups-yellow-20k-100k\/#primaryimage\"},\"image\":{\"@id\":\"https:\/\/kolff.cl\/index.php\/producto\/ups-yellow-20k-100k\/#primaryimage\"},\"thumbnailUrl\":\"https:\/\/kolff.cl\/wp-content\/uploads\/2025\/08\/yellowv1webp.webp\",\"datePublished\":\"2025-08-28T20:24:16+00:00\",\"dateModified\":\"2026-02-03T13:13:19+00:00\",\"breadcrumb\":{\"@id\":\"https:\/\/kolff.cl\/index.php\/producto\/ups-yellow-20k-100k\/#breadcrumb\"},\"inLanguage\":\"es\",\"potentialAction\":[{\"@type\":\"ReadAction\",\"target\":[\"https:\/\/kolff.cl\/index.php\/producto\/ups-yellow-20k-100k\/\"]}]},{\"@type\":\"ImageObject\",\"inLanguage\":\"es\",\"@id\":\"https:\/\/kolff.cl\/index.php\/producto\/ups-yellow-20k-100k\/#primaryimage\",\"url\":\"https:\/\/kolff.cl\/wp-content\/uploads\/2025\/08\/yellowv1webp.webp\",\"contentUrl\":\"https:\/\/kolff.cl\/wp-content\/uploads\/2025\/08\/yellowv1webp.webp\",\"width\":1200,\"height\":1200},{\"@type\":\"BreadcrumbList\",\"@id\":\"https:\/\/kolff.cl\/index.php\/producto\/ups-yellow-20k-100k\/#breadcrumb\",\"itemListElement\":[{\"@type\":\"ListItem\",\"position\":1,\"name\":\"Portada\",\"item\":\"https:\/\/kolff.cl\/\"},{\"@type\":\"ListItem\",\"position\":2,\"name\":\"Tienda\",\"item\":\"https:\/\/kolff.cl\/index.php\/tienda\/\"},{\"@type\":\"ListItem\",\"position\":3,\"name\":\"UPS Yellow 20kVA &#8211; 100kVA\"}]},{\"@type\":\"WebSite\",\"@id\":\"https:\/\/kolff.cl\/#website\",\"url\":\"https:\/\/kolff.cl\/\",\"name\":\"Kolff\",\"description\":\"\",\"potentialAction\":[{\"@type\":\"SearchAction\",\"target\":{\"@type\":\"EntryPoint\",\"urlTemplate\":\"https:\/\/kolff.cl\/?s={search_term_string}\"},\"query-input\":{\"@type\":\"PropertyValueSpecification\",\"valueRequired\":true,\"valueName\":\"search_term_string\"}}],\"inLanguage\":\"es\"}]}<\/script>\n<!-- \/ Yoast SEO plugin. -->","yoast_head_json":{"title":"UPS Yellow 20kVA - 100kVA - Kolff","robots":{"index":"index","follow":"follow","max-snippet":"max-snippet:-1","max-image-preview":"max-image-preview:large","max-video-preview":"max-video-preview:-1"},"canonical":"https:\/\/kolff.cl\/index.php\/producto\/ups-yellow-20k-100k\/","og_locale":"es_ES","og_type":"article","og_title":"UPS Yellow 20kVA - 100kVA - Kolff","og_description":"Trif\u00e1sica  Yellow 20kVA - 100kVA  YELLOW TMD es un UPS modular compacto y escalable que proporciona una salida de CA en onda sinusoidal pura.  La tecnolog\u00eda \u201cTwin Sine Innovation\u201d (TSI) asegura m\u00f3dulos independientes \u201chot pluggable\u201d y \u201chot swap\u201d que incluyen pr\u00e1cticamente todas las funciones de un UPS convencional (CA\/CC, CC\/CA, cargador de bater\u00edas, interruptor est\u00e1tico), eliminando todos los posibles puntos \u00fanicos de falla.  Se pueden instalar hasta 5 m\u00f3dulos en paralelo para llevar el potencial total de salida a un m\u00e1ximo de 100 kVA en configuraci\u00f3n 3F\u21921F.  &nbsp;  \ud83d\udcc4 Descargar ficha t\u00e9cnica","og_url":"https:\/\/kolff.cl\/index.php\/producto\/ups-yellow-20k-100k\/","og_site_name":"Kolff","article_modified_time":"2026-02-03T13:13:19+00:00","og_image":[{"width":1200,"height":1200,"url":"https:\/\/kolff.cl\/wp-content\/uploads\/2025\/08\/yellowv1webp.webp","type":"image\/webp"}],"twitter_card":"summary_large_image","twitter_misc":{"Tiempo de lectura":"1 minuto"},"schema":{"@context":"https:\/\/schema.org","@graph":[{"@type":"WebPage","@id":"https:\/\/kolff.cl\/index.php\/producto\/ups-yellow-20k-100k\/","url":"https:\/\/kolff.cl\/index.php\/producto\/ups-yellow-20k-100k\/","name":"UPS Yellow 20kVA - 100kVA - Kolff","isPartOf":{"@id":"https:\/\/kolff.cl\/#website"},"primaryImageOfPage":{"@id":"https:\/\/kolff.cl\/index.php\/producto\/ups-yellow-20k-100k\/#primaryimage"},"image":{"@id":"https:\/\/kolff.cl\/index.php\/producto\/ups-yellow-20k-100k\/#primaryimage"},"thumbnailUrl":"https:\/\/kolff.cl\/wp-content\/uploads\/2025\/08\/yellowv1webp.webp","datePublished":"2025-08-28T20:24:16+00:00","dateModified":"2026-02-03T13:13:19+00:00","breadcrumb":{"@id":"https:\/\/kolff.cl\/index.php\/producto\/ups-yellow-20k-100k\/#breadcrumb"},"inLanguage":"es","potentialAction":[{"@type":"ReadAction","target":["https:\/\/kolff.cl\/index.php\/producto\/ups-yellow-20k-100k\/"]}]},{"@type":"ImageObject","inLanguage":"es","@id":"https:\/\/kolff.cl\/index.php\/producto\/ups-yellow-20k-100k\/#primaryimage","url":"https:\/\/kolff.cl\/wp-content\/uploads\/2025\/08\/yellowv1webp.webp","contentUrl":"https:\/\/kolff.cl\/wp-content\/uploads\/2025\/08\/yellowv1webp.webp","width":1200,"height":1200},{"@type":"BreadcrumbList","@id":"https:\/\/kolff.cl\/index.php\/producto\/ups-yellow-20k-100k\/#breadcrumb","itemListElement":[{"@type":"ListItem","position":1,"name":"Portada","item":"https:\/\/kolff.cl\/"},{"@type":"ListItem","position":2,"name":"Tienda","item":"https:\/\/kolff.cl\/index.php\/tienda\/"},{"@type":"ListItem","position":3,"name":"UPS Yellow 20kVA &#8211; 100kVA"}]},{"@type":"WebSite","@id":"https:\/\/kolff.cl\/#website","url":"https:\/\/kolff.cl\/","name":"Kolff","description":"","potentialAction":[{"@type":"SearchAction","target":{"@type":"EntryPoint","urlTemplate":"https:\/\/kolff.cl\/?s={search_term_string}"},"query-input":{"@type":"PropertyValueSpecification","valueRequired":true,"valueName":"search_term_string"}}],"inLanguage":"es"}]}},"_links":{"self":[{"href":"https:\/\/kolff.cl\/index.php\/wp-json\/wp\/v2\/product\/1974","targetHints":{"allow":["GET"]}}],"collection":[{"href":"https:\/\/kolff.cl\/index.php\/wp-json\/wp\/v2\/product"}],"about":[{"href":"https:\/\/kolff.cl\/index.php\/wp-json\/wp\/v2\/types\/product"}],"replies":[{"embeddable":true,"href":"https:\/\/kolff.cl\/index.php\/wp-json\/wp\/v2\/comments?post=1974"}],"version-history":[{"count":25,"href":"https:\/\/kolff.cl\/index.php\/wp-json\/wp\/v2\/product\/1974\/revisions"}],"predecessor-version":[{"id":2984,"href":"https:\/\/kolff.cl\/index.php\/wp-json\/wp\/v2\/product\/1974\/revisions\/2984"}],"wp:featuredmedia":[{"embeddable":true,"href":"https:\/\/kolff.cl\/index.php\/wp-json\/wp\/v2\/media\/2979"}],"wp:attachment":[{"href":"https:\/\/kolff.cl\/index.php\/wp-json\/wp\/v2\/media?parent=1974"}],"wp:term":[{"taxonomy":"product_brand","embeddable":true,"href":"https:\/\/kolff.cl\/index.php\/wp-json\/wp\/v2\/product_brand?post=1974"},{"taxonomy":"product_cat","embeddable":true,"href":"https:\/\/kolff.cl\/index.php\/wp-json\/wp\/v2\/product_cat?post=1974"},{"taxonomy":"product_tag","embeddable":true,"href":"https:\/\/kolff.cl\/index.php\/wp-json\/wp\/v2\/product_tag?post=1974"}],"curies":[{"name":"wp","href":"https:\/\/api.w.org\/{rel}","templated":true}]}}