{"id":1972,"date":"2025-08-28T20:12:59","date_gmt":"2025-08-28T20:12:59","guid":{"rendered":"https:\/\/kolff.cl\/?post_type=product&#038;p=1972"},"modified":"2025-10-23T12:42:21","modified_gmt":"2025-10-23T12:42:21","slug":"ups-iot-10k-20k","status":"publish","type":"product","link":"https:\/\/kolff.cl\/index.php\/producto\/ups-iot-10k-20k\/","title":{"rendered":"UPS IoT 10kVA \/ 20kVA"},"content":{"rendered":"\t\t<div data-elementor-type=\"product-post\" data-elementor-id=\"1972\" class=\"elementor elementor-1972\" data-elementor-post-type=\"product\">\n\t\t\t\t<div class=\"elementor-element elementor-element-bbfabd1 e-flex e-con-boxed e-con e-parent\" data-id=\"bbfabd1\" data-element_type=\"container\">\n\t\t\t\t\t<div class=\"e-con-inner\">\n\t\t\t\t<div class=\"elementor-element elementor-element-51f9014 jltma-glass-effect-no elementor-widget elementor-widget-heading\" data-id=\"51f9014\" data-element_type=\"widget\" data-widget_type=\"heading.default\">\n\t\t\t\t<div class=\"elementor-widget-container\">\n\t\t\t\t\t<h2 class=\"elementor-heading-title elementor-size-default\"><div style=\"display: flex; align-items: center; gap: 15px; margin-bottom: 10px; width: 426.836px; font-size: 17px; font-family: Montserrat, sans-serif; line-height: 1.2; color: rgb(53, 53, 53); white-space-collapse: collapse;\"><img decoding=\"async\" src=\"https:\/\/asiqfacility.cl\/wp-content\/uploads\/2025\/03\/cuadrado-amarillo.svg\" alt=\"\" width=\"20\" height=\"20\"><b style=\"display: inline !important;\">10kVA<\/b><\/div><div style=\"display: flex; align-items: center; gap: 15px; margin-bottom: 10px; width: 426.836px; font-size: 17px; font-family: Montserrat, sans-serif; line-height: 1.2; color: rgb(53, 53, 53); font-weight: 400; white-space-collapse: collapse;\">- Rackeable<br>- Uso solo con bater\u00edas externas<br>- Eficiencia: 95%<br>- Factor de Potencia: 1<br>- Configurable con salida trf\u00e1sica o monof\u00e1sica sin derrateo de potencia&nbsp;<\/div><div style=\"display: flex; align-items: center; gap: 15px; margin-bottom: 10px; width: 426.836px; font-size: 17px; font-family: Montserrat, sans-serif; line-height: 1.2; color: rgb(53, 53, 53); font-weight: 400; white-space-collapse: collapse;\">- Paralelizable hasta 3 UPS<\/div><\/h2>\t\t\t\t<\/div>\n\t\t\t\t<\/div>\n\t\t\t\t<div class=\"elementor-element elementor-element-e60f240 jltma-glass-effect-no elementor-widget elementor-widget-heading\" data-id=\"e60f240\" data-element_type=\"widget\" data-widget_type=\"heading.default\">\n\t\t\t\t<div class=\"elementor-widget-container\">\n\t\t\t\t\t<h2 class=\"elementor-heading-title elementor-size-default\"><div style=\"display: flex; align-items: center; gap: 15px; margin-bottom: 10px; width: 426.836px; font-size: 17px; font-family: Montserrat, sans-serif; line-height: 1.2; color: rgb(53, 53, 53); white-space-collapse: collapse;\"><img decoding=\"async\" src=\"https:\/\/asiqfacility.cl\/wp-content\/uploads\/2025\/03\/cuadrado-amarillo.svg\" alt=\"\" width=\"20\" height=\"20\"><b style=\"display: inline !important;\">20kVA<\/b><\/div><div style=\"display: flex; align-items: center; gap: 15px; margin-bottom: 10px; width: 426.836px; font-size: 17px; font-family: Montserrat, sans-serif; line-height: 1.2; color: rgb(53, 53, 53); font-weight: 400; white-space-collapse: collapse;\"><h2 data-elementor-setting-key=\"title\" data-pen-placeholder=\"Teclea aqu\u00ed...\" style=\"font-family: Roboto, sans-serif; font-weight: 600; color: rgb(110, 193, 228);\"><div style=\"display: flex; align-items: center; gap: 15px; margin-bottom: 10px; width: 426.836px; font-size: 17px; font-family: Montserrat, sans-serif; line-height: 1.2; color: rgb(53, 53, 53); font-weight: 400; white-space-collapse: collapse;\">- Rackeable<br>- Uso solo con bater\u00edas externas<br>- Eficiencia: 95%<br>- Factor de Potencia: 1<br>- Configurable con salida trf\u00e1sica o monof\u00e1sica sin derrateo de potencia&nbsp;<\/div><div style=\"display: flex; align-items: center; gap: 15px; margin-bottom: 10px; width: 426.836px; font-size: 17px; font-family: Montserrat, sans-serif; line-height: 1.2; color: rgb(53, 53, 53); font-weight: 400; white-space-collapse: collapse;\">- Paralelizable hasta 3 UPS<\/div><\/h2><\/div><\/h2>\t\t\t\t<\/div>\n\t\t\t\t<\/div>\n\t\t\t\t\t<\/div>\n\t\t\t\t<\/div>\n\t\t\t\t<\/div>\n\t\t","protected":false},"excerpt":{"rendered":"<p><strong>Trif\u00e1sica<\/strong><\/p>\n<p><strong>UPS IoT 10kVA \/ 20kVA<\/strong><\/p>\n<p>Protecci\u00f3n de energ\u00eda de alta densidad, en l\u00ednea y de doble conversi\u00f3n real , capaz de soportar cargas de 1 a 20 kVA en formato convertible rack\/torre con un espacio de 2U\/3U.<\/p>\n<p>Esta \u00faltima gama de UPS viene con un dise\u00f1o de conectividad preparado para el futuro, con la capacidad de conectarse a la nube de manera fluida para permitir la monitorizaci\u00f3n del UPS en l\u00ednea a trav\u00e9s de cualquier dispositivo con conexi\u00f3n a internet. Para garantizar que la informaci\u00f3n de los usuarios est\u00e9 segura y protegida, esta conectividad cumple con el est\u00e1ndar IEC de ciberseguridad y con la normativa GDPR.<\/p>\n<p>&nbsp;<\/p>\n<p><a style=\"display: inline-block; padding: 12px 20px; background-color: #eeab00; color: #0a1724; text-decoration: none; border-radius: 5px; font-weight: bold; font-size: 16px;\" href=\"https:\/\/kolff.cl\/wp-content\/uploads\/2025\/05\/BLACK-RT-1-3K.pdf\">\ud83d\udcc4 Descargar ficha t\u00e9cnica<\/a><\/p>\n","protected":false},"featured_media":0,"comment_status":"open","ping_status":"closed","template":"","meta":{"content-type":""},"product_brand":[],"product_cat":[17],"product_tag":[],"class_list":{"0":"post-1972","1":"product","2":"type-product","3":"status-publish","5":"product_cat-sin-categorizar","7":"first","8":"instock","9":"shipping-taxable","10":"product-type-simple"},"yoast_head":"<!-- This site is optimized with the Yoast SEO plugin v25.3.1 - https:\/\/yoast.com\/wordpress\/plugins\/seo\/ -->\n<title>UPS IoT 10kVA \/ 20kVA - Kolff<\/title>\n<meta name=\"robots\" content=\"index, follow, max-snippet:-1, max-image-preview:large, max-video-preview:-1\" \/>\n<link rel=\"canonical\" href=\"https:\/\/kolff.cl\/index.php\/producto\/ups-iot-10k-20k\/\" \/>\n<meta property=\"og:locale\" content=\"es_ES\" \/>\n<meta property=\"og:type\" content=\"article\" \/>\n<meta property=\"og:title\" content=\"UPS IoT 10kVA \/ 20kVA - Kolff\" \/>\n<meta property=\"og:description\" content=\"Trif\u00e1sica  UPS IoT 10kVA \/ 20kVA  Protecci\u00f3n de energ\u00eda de alta densidad, en l\u00ednea y de doble conversi\u00f3n real , capaz de soportar cargas de 1 a 20 kVA en formato convertible rack\/torre con un espacio de 2U\/3U.  Esta \u00faltima gama de UPS viene con un dise\u00f1o de conectividad preparado para el futuro, con la capacidad de conectarse a la nube de manera fluida para permitir la monitorizaci\u00f3n del UPS en l\u00ednea a trav\u00e9s de cualquier dispositivo con conexi\u00f3n a internet. Para garantizar que la informaci\u00f3n de los usuarios est\u00e9 segura y protegida, esta conectividad cumple con el est\u00e1ndar IEC de ciberseguridad y con la normativa GDPR.  &nbsp;  \ud83d\udcc4 Descargar ficha t\u00e9cnica\" \/>\n<meta property=\"og:url\" content=\"https:\/\/kolff.cl\/index.php\/producto\/ups-iot-10k-20k\/\" \/>\n<meta property=\"og:site_name\" content=\"Kolff\" \/>\n<meta property=\"article:modified_time\" content=\"2025-10-23T12:42:21+00:00\" \/>\n<meta property=\"og:image\" content=\"https:\/\/asiqfacility.cl\/wp-content\/uploads\/2025\/03\/cuadrado-amarillo.svg\" \/>\n<meta name=\"twitter:card\" content=\"summary_large_image\" \/>\n<script type=\"application\/ld+json\" class=\"yoast-schema-graph\">{\"@context\":\"https:\/\/schema.org\",\"@graph\":[{\"@type\":\"WebPage\",\"@id\":\"https:\/\/kolff.cl\/index.php\/producto\/ups-iot-10k-20k\/\",\"url\":\"https:\/\/kolff.cl\/index.php\/producto\/ups-iot-10k-20k\/\",\"name\":\"UPS IoT 10kVA \/ 20kVA - Kolff\",\"isPartOf\":{\"@id\":\"https:\/\/kolff.cl\/#website\"},\"primaryImageOfPage\":{\"@id\":\"https:\/\/kolff.cl\/index.php\/producto\/ups-iot-10k-20k\/#primaryimage\"},\"image\":{\"@id\":\"https:\/\/kolff.cl\/index.php\/producto\/ups-iot-10k-20k\/#primaryimage\"},\"thumbnailUrl\":\"https:\/\/asiqfacility.cl\/wp-content\/uploads\/2025\/03\/cuadrado-amarillo.svg\",\"datePublished\":\"2025-08-28T20:12:59+00:00\",\"dateModified\":\"2025-10-23T12:42:21+00:00\",\"breadcrumb\":{\"@id\":\"https:\/\/kolff.cl\/index.php\/producto\/ups-iot-10k-20k\/#breadcrumb\"},\"inLanguage\":\"es\",\"potentialAction\":[{\"@type\":\"ReadAction\",\"target\":[\"https:\/\/kolff.cl\/index.php\/producto\/ups-iot-10k-20k\/\"]}]},{\"@type\":\"ImageObject\",\"inLanguage\":\"es\",\"@id\":\"https:\/\/kolff.cl\/index.php\/producto\/ups-iot-10k-20k\/#primaryimage\",\"url\":\"https:\/\/asiqfacility.cl\/wp-content\/uploads\/2025\/03\/cuadrado-amarillo.svg\",\"contentUrl\":\"https:\/\/asiqfacility.cl\/wp-content\/uploads\/2025\/03\/cuadrado-amarillo.svg\"},{\"@type\":\"BreadcrumbList\",\"@id\":\"https:\/\/kolff.cl\/index.php\/producto\/ups-iot-10k-20k\/#breadcrumb\",\"itemListElement\":[{\"@type\":\"ListItem\",\"position\":1,\"name\":\"Portada\",\"item\":\"https:\/\/kolff.cl\/\"},{\"@type\":\"ListItem\",\"position\":2,\"name\":\"Tienda\",\"item\":\"https:\/\/kolff.cl\/index.php\/tienda\/\"},{\"@type\":\"ListItem\",\"position\":3,\"name\":\"UPS IoT 10kVA \/ 20kVA\"}]},{\"@type\":\"WebSite\",\"@id\":\"https:\/\/kolff.cl\/#website\",\"url\":\"https:\/\/kolff.cl\/\",\"name\":\"Kolff\",\"description\":\"\",\"potentialAction\":[{\"@type\":\"SearchAction\",\"target\":{\"@type\":\"EntryPoint\",\"urlTemplate\":\"https:\/\/kolff.cl\/?s={search_term_string}\"},\"query-input\":{\"@type\":\"PropertyValueSpecification\",\"valueRequired\":true,\"valueName\":\"search_term_string\"}}],\"inLanguage\":\"es\"}]}<\/script>\n<!-- \/ Yoast SEO plugin. -->","yoast_head_json":{"title":"UPS IoT 10kVA \/ 20kVA - Kolff","robots":{"index":"index","follow":"follow","max-snippet":"max-snippet:-1","max-image-preview":"max-image-preview:large","max-video-preview":"max-video-preview:-1"},"canonical":"https:\/\/kolff.cl\/index.php\/producto\/ups-iot-10k-20k\/","og_locale":"es_ES","og_type":"article","og_title":"UPS IoT 10kVA \/ 20kVA - Kolff","og_description":"Trif\u00e1sica  UPS IoT 10kVA \/ 20kVA  Protecci\u00f3n de energ\u00eda de alta densidad, en l\u00ednea y de doble conversi\u00f3n real , capaz de soportar cargas de 1 a 20 kVA en formato convertible rack\/torre con un espacio de 2U\/3U.  Esta \u00faltima gama de UPS viene con un dise\u00f1o de conectividad preparado para el futuro, con la capacidad de conectarse a la nube de manera fluida para permitir la monitorizaci\u00f3n del UPS en l\u00ednea a trav\u00e9s de cualquier dispositivo con conexi\u00f3n a internet. Para garantizar que la informaci\u00f3n de los usuarios est\u00e9 segura y protegida, esta conectividad cumple con el est\u00e1ndar IEC de ciberseguridad y con la normativa GDPR.  &nbsp;  \ud83d\udcc4 Descargar ficha t\u00e9cnica","og_url":"https:\/\/kolff.cl\/index.php\/producto\/ups-iot-10k-20k\/","og_site_name":"Kolff","article_modified_time":"2025-10-23T12:42:21+00:00","og_image":[{"url":"https:\/\/asiqfacility.cl\/wp-content\/uploads\/2025\/03\/cuadrado-amarillo.svg","type":"","width":"","height":""}],"twitter_card":"summary_large_image","schema":{"@context":"https:\/\/schema.org","@graph":[{"@type":"WebPage","@id":"https:\/\/kolff.cl\/index.php\/producto\/ups-iot-10k-20k\/","url":"https:\/\/kolff.cl\/index.php\/producto\/ups-iot-10k-20k\/","name":"UPS IoT 10kVA \/ 20kVA - Kolff","isPartOf":{"@id":"https:\/\/kolff.cl\/#website"},"primaryImageOfPage":{"@id":"https:\/\/kolff.cl\/index.php\/producto\/ups-iot-10k-20k\/#primaryimage"},"image":{"@id":"https:\/\/kolff.cl\/index.php\/producto\/ups-iot-10k-20k\/#primaryimage"},"thumbnailUrl":"https:\/\/asiqfacility.cl\/wp-content\/uploads\/2025\/03\/cuadrado-amarillo.svg","datePublished":"2025-08-28T20:12:59+00:00","dateModified":"2025-10-23T12:42:21+00:00","breadcrumb":{"@id":"https:\/\/kolff.cl\/index.php\/producto\/ups-iot-10k-20k\/#breadcrumb"},"inLanguage":"es","potentialAction":[{"@type":"ReadAction","target":["https:\/\/kolff.cl\/index.php\/producto\/ups-iot-10k-20k\/"]}]},{"@type":"ImageObject","inLanguage":"es","@id":"https:\/\/kolff.cl\/index.php\/producto\/ups-iot-10k-20k\/#primaryimage","url":"https:\/\/asiqfacility.cl\/wp-content\/uploads\/2025\/03\/cuadrado-amarillo.svg","contentUrl":"https:\/\/asiqfacility.cl\/wp-content\/uploads\/2025\/03\/cuadrado-amarillo.svg"},{"@type":"BreadcrumbList","@id":"https:\/\/kolff.cl\/index.php\/producto\/ups-iot-10k-20k\/#breadcrumb","itemListElement":[{"@type":"ListItem","position":1,"name":"Portada","item":"https:\/\/kolff.cl\/"},{"@type":"ListItem","position":2,"name":"Tienda","item":"https:\/\/kolff.cl\/index.php\/tienda\/"},{"@type":"ListItem","position":3,"name":"UPS IoT 10kVA \/ 20kVA"}]},{"@type":"WebSite","@id":"https:\/\/kolff.cl\/#website","url":"https:\/\/kolff.cl\/","name":"Kolff","description":"","potentialAction":[{"@type":"SearchAction","target":{"@type":"EntryPoint","urlTemplate":"https:\/\/kolff.cl\/?s={search_term_string}"},"query-input":{"@type":"PropertyValueSpecification","valueRequired":true,"valueName":"search_term_string"}}],"inLanguage":"es"}]}},"_links":{"self":[{"href":"https:\/\/kolff.cl\/index.php\/wp-json\/wp\/v2\/product\/1972","targetHints":{"allow":["GET"]}}],"collection":[{"href":"https:\/\/kolff.cl\/index.php\/wp-json\/wp\/v2\/product"}],"about":[{"href":"https:\/\/kolff.cl\/index.php\/wp-json\/wp\/v2\/types\/product"}],"replies":[{"embeddable":true,"href":"https:\/\/kolff.cl\/index.php\/wp-json\/wp\/v2\/comments?post=1972"}],"version-history":[{"count":19,"href":"https:\/\/kolff.cl\/index.php\/wp-json\/wp\/v2\/product\/1972\/revisions"}],"predecessor-version":[{"id":2332,"href":"https:\/\/kolff.cl\/index.php\/wp-json\/wp\/v2\/product\/1972\/revisions\/2332"}],"wp:attachment":[{"href":"https:\/\/kolff.cl\/index.php\/wp-json\/wp\/v2\/media?parent=1972"}],"wp:term":[{"taxonomy":"product_brand","embeddable":true,"href":"https:\/\/kolff.cl\/index.php\/wp-json\/wp\/v2\/product_brand?post=1972"},{"taxonomy":"product_cat","embeddable":true,"href":"https:\/\/kolff.cl\/index.php\/wp-json\/wp\/v2\/product_cat?post=1972"},{"taxonomy":"product_tag","embeddable":true,"href":"https:\/\/kolff.cl\/index.php\/wp-json\/wp\/v2\/product_tag?post=1972"}],"curies":[{"name":"wp","href":"https:\/\/api.w.org\/{rel}","templated":true}]}}