{"id":1970,"date":"2025-08-28T20:08:18","date_gmt":"2025-08-28T20:08:18","guid":{"rendered":"https:\/\/kolff.cl\/?post_type=product&#038;p=1970"},"modified":"2026-02-02T11:40:18","modified_gmt":"2026-02-02T11:40:18","slug":"ups-lemon-10k-15k-20k-30k-40k","status":"publish","type":"product","link":"https:\/\/kolff.cl\/index.php\/producto\/ups-lemon-10k-15k-20k-30k-40k\/","title":{"rendered":"UPS Lemon 10kVA \/ 15kVA \/ 20kVA \/ 30kVA \/ 40kVA"},"content":{"rendered":"\t\t<div data-elementor-type=\"product-post\" data-elementor-id=\"1970\" class=\"elementor elementor-1970\" data-elementor-post-type=\"product\">\n\t\t\t\t<div class=\"elementor-element elementor-element-3409491 e-flex e-con-boxed e-con e-parent\" data-id=\"3409491\" data-element_type=\"container\">\n\t\t\t\t\t<div class=\"e-con-inner\">\n\t\t\t\t<div class=\"elementor-element elementor-element-c7096a8 jltma-glass-effect-no elementor-widget elementor-widget-heading\" data-id=\"c7096a8\" data-element_type=\"widget\" data-widget_type=\"heading.default\">\n\t\t\t\t<div class=\"elementor-widget-container\">\n\t\t\t\t\t<h2 class=\"elementor-heading-title elementor-size-default\"><div style=\"display: flex; align-items: center; gap: 15px; margin-bottom: 10px; width: 426.836px; font-size: 17px; font-family: Montserrat, sans-serif; line-height: 1.2; color: rgb(53, 53, 53); white-space-collapse: collapse;\"><img decoding=\"async\" src=\"https:\/\/asiqfacility.cl\/wp-content\/uploads\/2025\/03\/cuadrado-amarillo.svg\" alt=\"\" width=\"20\" height=\"20\"><b style=\"display: inline !important;\">10kVA - 15kVA<\/b><\/div><div style=\"display: flex; align-items: center; gap: 15px; margin-bottom: 10px; width: 426.836px; font-size: 17px; font-family: Montserrat, sans-serif; line-height: 1.2; color: rgb(53, 53, 53); font-weight: 400; white-space-collapse: collapse;\">- Tipo torre<br>- 8 minutos de autonom\u00eda con bater\u00edas internas&nbsp;<br>- Capacidad de autonom\u00eda extendida con bancos externos<br>- Eficiencia: 95%<br>- Factor de Potencia: 1<br>-&nbsp;Paralelizable hasta 4 UPS<\/div><\/h2>\t\t\t\t<\/div>\n\t\t\t\t<\/div>\n\t\t\t\t<div class=\"elementor-element elementor-element-d889242 jltma-glass-effect-no elementor-widget elementor-widget-heading\" data-id=\"d889242\" data-element_type=\"widget\" data-widget_type=\"heading.default\">\n\t\t\t\t<div class=\"elementor-widget-container\">\n\t\t\t\t\t<h2 class=\"elementor-heading-title elementor-size-default\"><div style=\"display: flex; align-items: center; gap: 15px; margin-bottom: 10px; width: 426.836px; font-size: 17px; font-family: Montserrat, sans-serif; line-height: 1.2; color: rgb(53, 53, 53); white-space-collapse: collapse;\"><img decoding=\"async\" src=\"https:\/\/asiqfacility.cl\/wp-content\/uploads\/2025\/03\/cuadrado-amarillo.svg\" alt=\"\" width=\"20\" height=\"20\"><b style=\"display: inline !important;\">20kVA - 30kVA<\/b><\/div><div style=\"display: flex; align-items: center; gap: 15px; margin-bottom: 10px; width: 426.836px; font-size: 17px; font-family: Montserrat, sans-serif; line-height: 1.2; color: rgb(53, 53, 53); font-weight: 400; white-space-collapse: collapse;\">- Tipo torre<br>- 1 a 3 minutos de autonom\u00eda con bater\u00edas internas&nbsp;<br>- Capacidad de autonom\u00eda extendida con bancos externos<br>- Eficiencia: 95%<br>- Factor de Potencia: 0,9<br>-&nbsp;Paralelizable hasta 4 UPS<\/div><\/h2>\t\t\t\t<\/div>\n\t\t\t\t<\/div>\n\t\t\t\t<div class=\"elementor-element elementor-element-ce8f13c jltma-glass-effect-no elementor-widget elementor-widget-heading\" data-id=\"ce8f13c\" data-element_type=\"widget\" data-widget_type=\"heading.default\">\n\t\t\t\t<div class=\"elementor-widget-container\">\n\t\t\t\t\t<h2 class=\"elementor-heading-title elementor-size-default\"><div style=\"display: flex; align-items: center; gap: 15px; margin-bottom: 10px; width: 426.836px; font-size: 17px; font-family: Montserrat, sans-serif; line-height: 1.2; color: rgb(53, 53, 53); white-space-collapse: collapse;\"><img decoding=\"async\" src=\"https:\/\/asiqfacility.cl\/wp-content\/uploads\/2025\/03\/cuadrado-amarillo.svg\" alt=\"\" width=\"20\" height=\"20\"><b style=\"display: inline !important;\">40kVA<\/b><\/div><div style=\"display: flex; align-items: center; gap: 15px; margin-bottom: 10px; width: 426.836px; font-size: 17px; font-family: Montserrat, sans-serif; line-height: 1.2; color: rgb(53, 53, 53); font-weight: 400; white-space-collapse: collapse;\">- Tipo torre<br>- 2 minutos de autonom\u00eda con bater\u00edas internas&nbsp;<br>- Capacidad de autonom\u00eda extendida con bancos externos<br>- Eficiencia: 96%<br>- Factor de Potencia: 0,9<br>-&nbsp;Paralelizable hasta 4 UPS<\/div><\/h2>\t\t\t\t<\/div>\n\t\t\t\t<\/div>\n\t\t\t\t\t<\/div>\n\t\t\t\t<\/div>\n\t\t\t\t<\/div>\n\t\t","protected":false},"excerpt":{"rendered":"<p><strong>Trif\u00e1sica<\/strong><\/p>\n<p><strong>Lemon 10kVA \/ 15kVA \/ 20kVA \/ 30kVA \/ 40kVA<\/strong><\/p>\n<p class=\"emergency-text\">El UPS de la serie LEMON integra tecnolog\u00eda avanzada que aumenta el rendimiento y la confiabilidad: dos DSP de alta velocidad con control digital completo para garantizar una alta calidad del UPS, un alto factor de potencia en la entrada y una baja distorsi\u00f3n de corriente en la entrada.<\/p>\n<p>&nbsp;<\/p>\n<p><a style=\"display: inline-block; padding: 12px 20px; background-color: #eeab00; color: #0a1724; text-decoration: none; border-radius: 5px; font-weight: bold; font-size: 16px;\" href=\"https:\/\/kolff.cl\/wp-content\/uploads\/2026\/02\/UPS-LEMON_compressed.pdf\">\ud83d\udcc4 Descargar ficha t\u00e9cnica<\/a><\/p>\n","protected":false},"featured_media":2974,"comment_status":"open","ping_status":"closed","template":"","meta":{"content-type":""},"product_brand":[],"product_cat":[17],"product_tag":[],"class_list":{"0":"post-1970","1":"product","2":"type-product","3":"status-publish","4":"has-post-thumbnail","6":"product_cat-sin-categorizar","8":"first","9":"instock","10":"shipping-taxable","11":"product-type-simple"},"yoast_head":"<!-- This site is optimized with the Yoast SEO plugin v25.3.1 - https:\/\/yoast.com\/wordpress\/plugins\/seo\/ -->\n<title>UPS Lemon 10kVA \/ 15kVA \/ 20kVA \/ 30kVA \/ 40kVA - Kolff<\/title>\n<meta name=\"robots\" content=\"index, follow, max-snippet:-1, max-image-preview:large, max-video-preview:-1\" \/>\n<link rel=\"canonical\" href=\"https:\/\/kolff.cl\/index.php\/producto\/ups-lemon-10k-15k-20k-30k-40k\/\" \/>\n<meta property=\"og:locale\" content=\"es_ES\" \/>\n<meta property=\"og:type\" content=\"article\" \/>\n<meta property=\"og:title\" content=\"UPS Lemon 10kVA \/ 15kVA \/ 20kVA \/ 30kVA \/ 40kVA - Kolff\" \/>\n<meta property=\"og:description\" content=\"Trif\u00e1sica  Lemon 10kVA \/ 15kVA \/ 20kVA \/ 30kVA \/ 40kVA El UPS de la serie LEMON integra tecnolog\u00eda avanzada que aumenta el rendimiento y la confiabilidad: dos DSP de alta velocidad con control digital completo para garantizar una alta calidad del UPS, un alto factor de potencia en la entrada y una baja distorsi\u00f3n de corriente en la entrada. &nbsp;  \ud83d\udcc4 Descargar ficha t\u00e9cnica\" \/>\n<meta property=\"og:url\" content=\"https:\/\/kolff.cl\/index.php\/producto\/ups-lemon-10k-15k-20k-30k-40k\/\" \/>\n<meta property=\"og:site_name\" content=\"Kolff\" \/>\n<meta property=\"article:modified_time\" content=\"2026-02-02T11:40:18+00:00\" \/>\n<meta property=\"og:image\" content=\"https:\/\/kolff.cl\/wp-content\/uploads\/2025\/08\/LEMONwebp.webp\" \/>\n\t<meta property=\"og:image:width\" content=\"1200\" \/>\n\t<meta property=\"og:image:height\" content=\"1200\" \/>\n\t<meta property=\"og:image:type\" content=\"image\/webp\" \/>\n<meta name=\"twitter:card\" content=\"summary_large_image\" \/>\n<meta name=\"twitter:label1\" content=\"Tiempo de lectura\" \/>\n\t<meta name=\"twitter:data1\" content=\"2 minutos\" \/>\n<script type=\"application\/ld+json\" class=\"yoast-schema-graph\">{\"@context\":\"https:\/\/schema.org\",\"@graph\":[{\"@type\":\"WebPage\",\"@id\":\"https:\/\/kolff.cl\/index.php\/producto\/ups-lemon-10k-15k-20k-30k-40k\/\",\"url\":\"https:\/\/kolff.cl\/index.php\/producto\/ups-lemon-10k-15k-20k-30k-40k\/\",\"name\":\"UPS Lemon 10kVA \/ 15kVA \/ 20kVA \/ 30kVA \/ 40kVA - Kolff\",\"isPartOf\":{\"@id\":\"https:\/\/kolff.cl\/#website\"},\"primaryImageOfPage\":{\"@id\":\"https:\/\/kolff.cl\/index.php\/producto\/ups-lemon-10k-15k-20k-30k-40k\/#primaryimage\"},\"image\":{\"@id\":\"https:\/\/kolff.cl\/index.php\/producto\/ups-lemon-10k-15k-20k-30k-40k\/#primaryimage\"},\"thumbnailUrl\":\"https:\/\/kolff.cl\/wp-content\/uploads\/2025\/08\/LEMONwebp.webp\",\"datePublished\":\"2025-08-28T20:08:18+00:00\",\"dateModified\":\"2026-02-02T11:40:18+00:00\",\"breadcrumb\":{\"@id\":\"https:\/\/kolff.cl\/index.php\/producto\/ups-lemon-10k-15k-20k-30k-40k\/#breadcrumb\"},\"inLanguage\":\"es\",\"potentialAction\":[{\"@type\":\"ReadAction\",\"target\":[\"https:\/\/kolff.cl\/index.php\/producto\/ups-lemon-10k-15k-20k-30k-40k\/\"]}]},{\"@type\":\"ImageObject\",\"inLanguage\":\"es\",\"@id\":\"https:\/\/kolff.cl\/index.php\/producto\/ups-lemon-10k-15k-20k-30k-40k\/#primaryimage\",\"url\":\"https:\/\/kolff.cl\/wp-content\/uploads\/2025\/08\/LEMONwebp.webp\",\"contentUrl\":\"https:\/\/kolff.cl\/wp-content\/uploads\/2025\/08\/LEMONwebp.webp\",\"width\":1200,\"height\":1200},{\"@type\":\"BreadcrumbList\",\"@id\":\"https:\/\/kolff.cl\/index.php\/producto\/ups-lemon-10k-15k-20k-30k-40k\/#breadcrumb\",\"itemListElement\":[{\"@type\":\"ListItem\",\"position\":1,\"name\":\"Portada\",\"item\":\"https:\/\/kolff.cl\/\"},{\"@type\":\"ListItem\",\"position\":2,\"name\":\"Tienda\",\"item\":\"https:\/\/kolff.cl\/index.php\/tienda\/\"},{\"@type\":\"ListItem\",\"position\":3,\"name\":\"UPS Lemon 10kVA \/ 15kVA \/ 20kVA \/ 30kVA \/ 40kVA\"}]},{\"@type\":\"WebSite\",\"@id\":\"https:\/\/kolff.cl\/#website\",\"url\":\"https:\/\/kolff.cl\/\",\"name\":\"Kolff\",\"description\":\"\",\"potentialAction\":[{\"@type\":\"SearchAction\",\"target\":{\"@type\":\"EntryPoint\",\"urlTemplate\":\"https:\/\/kolff.cl\/?s={search_term_string}\"},\"query-input\":{\"@type\":\"PropertyValueSpecification\",\"valueRequired\":true,\"valueName\":\"search_term_string\"}}],\"inLanguage\":\"es\"}]}<\/script>\n<!-- \/ Yoast SEO plugin. -->","yoast_head_json":{"title":"UPS Lemon 10kVA \/ 15kVA \/ 20kVA \/ 30kVA \/ 40kVA - Kolff","robots":{"index":"index","follow":"follow","max-snippet":"max-snippet:-1","max-image-preview":"max-image-preview:large","max-video-preview":"max-video-preview:-1"},"canonical":"https:\/\/kolff.cl\/index.php\/producto\/ups-lemon-10k-15k-20k-30k-40k\/","og_locale":"es_ES","og_type":"article","og_title":"UPS Lemon 10kVA \/ 15kVA \/ 20kVA \/ 30kVA \/ 40kVA - Kolff","og_description":"Trif\u00e1sica  Lemon 10kVA \/ 15kVA \/ 20kVA \/ 30kVA \/ 40kVA El UPS de la serie LEMON integra tecnolog\u00eda avanzada que aumenta el rendimiento y la confiabilidad: dos DSP de alta velocidad con control digital completo para garantizar una alta calidad del UPS, un alto factor de potencia en la entrada y una baja distorsi\u00f3n de corriente en la entrada. &nbsp;  \ud83d\udcc4 Descargar ficha t\u00e9cnica","og_url":"https:\/\/kolff.cl\/index.php\/producto\/ups-lemon-10k-15k-20k-30k-40k\/","og_site_name":"Kolff","article_modified_time":"2026-02-02T11:40:18+00:00","og_image":[{"width":1200,"height":1200,"url":"https:\/\/kolff.cl\/wp-content\/uploads\/2025\/08\/LEMONwebp.webp","type":"image\/webp"}],"twitter_card":"summary_large_image","twitter_misc":{"Tiempo de lectura":"2 minutos"},"schema":{"@context":"https:\/\/schema.org","@graph":[{"@type":"WebPage","@id":"https:\/\/kolff.cl\/index.php\/producto\/ups-lemon-10k-15k-20k-30k-40k\/","url":"https:\/\/kolff.cl\/index.php\/producto\/ups-lemon-10k-15k-20k-30k-40k\/","name":"UPS Lemon 10kVA \/ 15kVA \/ 20kVA \/ 30kVA \/ 40kVA - Kolff","isPartOf":{"@id":"https:\/\/kolff.cl\/#website"},"primaryImageOfPage":{"@id":"https:\/\/kolff.cl\/index.php\/producto\/ups-lemon-10k-15k-20k-30k-40k\/#primaryimage"},"image":{"@id":"https:\/\/kolff.cl\/index.php\/producto\/ups-lemon-10k-15k-20k-30k-40k\/#primaryimage"},"thumbnailUrl":"https:\/\/kolff.cl\/wp-content\/uploads\/2025\/08\/LEMONwebp.webp","datePublished":"2025-08-28T20:08:18+00:00","dateModified":"2026-02-02T11:40:18+00:00","breadcrumb":{"@id":"https:\/\/kolff.cl\/index.php\/producto\/ups-lemon-10k-15k-20k-30k-40k\/#breadcrumb"},"inLanguage":"es","potentialAction":[{"@type":"ReadAction","target":["https:\/\/kolff.cl\/index.php\/producto\/ups-lemon-10k-15k-20k-30k-40k\/"]}]},{"@type":"ImageObject","inLanguage":"es","@id":"https:\/\/kolff.cl\/index.php\/producto\/ups-lemon-10k-15k-20k-30k-40k\/#primaryimage","url":"https:\/\/kolff.cl\/wp-content\/uploads\/2025\/08\/LEMONwebp.webp","contentUrl":"https:\/\/kolff.cl\/wp-content\/uploads\/2025\/08\/LEMONwebp.webp","width":1200,"height":1200},{"@type":"BreadcrumbList","@id":"https:\/\/kolff.cl\/index.php\/producto\/ups-lemon-10k-15k-20k-30k-40k\/#breadcrumb","itemListElement":[{"@type":"ListItem","position":1,"name":"Portada","item":"https:\/\/kolff.cl\/"},{"@type":"ListItem","position":2,"name":"Tienda","item":"https:\/\/kolff.cl\/index.php\/tienda\/"},{"@type":"ListItem","position":3,"name":"UPS Lemon 10kVA \/ 15kVA \/ 20kVA \/ 30kVA \/ 40kVA"}]},{"@type":"WebSite","@id":"https:\/\/kolff.cl\/#website","url":"https:\/\/kolff.cl\/","name":"Kolff","description":"","potentialAction":[{"@type":"SearchAction","target":{"@type":"EntryPoint","urlTemplate":"https:\/\/kolff.cl\/?s={search_term_string}"},"query-input":{"@type":"PropertyValueSpecification","valueRequired":true,"valueName":"search_term_string"}}],"inLanguage":"es"}]}},"_links":{"self":[{"href":"https:\/\/kolff.cl\/index.php\/wp-json\/wp\/v2\/product\/1970","targetHints":{"allow":["GET"]}}],"collection":[{"href":"https:\/\/kolff.cl\/index.php\/wp-json\/wp\/v2\/product"}],"about":[{"href":"https:\/\/kolff.cl\/index.php\/wp-json\/wp\/v2\/types\/product"}],"replies":[{"embeddable":true,"href":"https:\/\/kolff.cl\/index.php\/wp-json\/wp\/v2\/comments?post=1970"}],"version-history":[{"count":32,"href":"https:\/\/kolff.cl\/index.php\/wp-json\/wp\/v2\/product\/1970\/revisions"}],"predecessor-version":[{"id":2976,"href":"https:\/\/kolff.cl\/index.php\/wp-json\/wp\/v2\/product\/1970\/revisions\/2976"}],"wp:featuredmedia":[{"embeddable":true,"href":"https:\/\/kolff.cl\/index.php\/wp-json\/wp\/v2\/media\/2974"}],"wp:attachment":[{"href":"https:\/\/kolff.cl\/index.php\/wp-json\/wp\/v2\/media?parent=1970"}],"wp:term":[{"taxonomy":"product_brand","embeddable":true,"href":"https:\/\/kolff.cl\/index.php\/wp-json\/wp\/v2\/product_brand?post=1970"},{"taxonomy":"product_cat","embeddable":true,"href":"https:\/\/kolff.cl\/index.php\/wp-json\/wp\/v2\/product_cat?post=1970"},{"taxonomy":"product_tag","embeddable":true,"href":"https:\/\/kolff.cl\/index.php\/wp-json\/wp\/v2\/product_tag?post=1970"}],"curies":[{"name":"wp","href":"https:\/\/api.w.org\/{rel}","templated":true}]}}