{"id":1952,"date":"2025-08-28T20:07:16","date_gmt":"2025-08-28T20:07:16","guid":{"rendered":"https:\/\/kolff.cl\/?post_type=product&#038;p=1952"},"modified":"2026-03-17T19:24:00","modified_gmt":"2026-03-17T19:24:00","slug":"ups-orange-modular-75k-200k","status":"publish","type":"product","link":"https:\/\/kolff.cl\/index.php\/producto\/ups-orange-modular-75k-200k\/","title":{"rendered":"UPS Orange Modular 75kVA \/ 200kVA"},"content":{"rendered":"\t\t<div data-elementor-type=\"product-post\" data-elementor-id=\"1952\" class=\"elementor elementor-1952\" data-elementor-post-type=\"product\">\n\t\t\t\t<div class=\"elementor-element elementor-element-191df38 e-flex e-con-boxed e-con e-parent\" data-id=\"191df38\" data-element_type=\"container\">\n\t\t\t\t\t<div class=\"e-con-inner\">\n\t\t\t\t<div class=\"elementor-element elementor-element-1460de7 jltma-glass-effect-no elementor-widget elementor-widget-heading\" data-id=\"1460de7\" data-element_type=\"widget\" data-widget_type=\"heading.default\">\n\t\t\t\t<div class=\"elementor-widget-container\">\n\t\t\t\t\t<h2 class=\"elementor-heading-title elementor-size-default\"><div style=\"display: flex; align-items: center; gap: 15px; margin-bottom: 10px; width: 426.836px; font-size: 17px; font-family: Montserrat, sans-serif; line-height: 1.2; color: rgb(53, 53, 53); white-space-collapse: collapse;\"><img decoding=\"async\" src=\"https:\/\/asiqfacility.cl\/wp-content\/uploads\/2025\/03\/cuadrado-amarillo.svg\" alt=\"\" width=\"20\" height=\"20\"><b style=\"display: inline !important;\">75kVA<\/b><\/div><div style=\"display: flex; align-items: center; gap: 15px; margin-bottom: 10px; width: 426.836px; line-height: 1.2; white-space-collapse: collapse; font-weight: 400; font-size: 17px; font-family: Montserrat, sans-serif; color: rgb(53, 53, 53);\">- Modular tipo armario<br>- Capacidad para 3 m\u00f3dulos de 25 kVA y 200 bater\u00edas internas&nbsp;<br>- Compatible con bater\u00edas VRLA, NiCd y Litio para autonom\u00eda extendida<br>- Eficiencia: 96%<br>- Factor de Potencia: 1&nbsp;<\/div><div style=\"display: flex; align-items: center; gap: 15px; margin-bottom: 10px; width: 426.836px; line-height: 1.2; white-space-collapse: collapse; font-weight: 400; font-size: 17px; font-family: Montserrat, sans-serif; color: rgb(53, 53, 53);\">- Paralelizable hasta 4 armarios<\/div><div style=\"display: flex; align-items: center; gap: 15px; margin-bottom: 10px; width: 426.836px; line-height: 1.2; white-space-collapse: collapse; font-weight: 400; font-size: 17px; font-family: Montserrat, sans-serif; color: rgb(53, 53, 53);\"><span style=\"color: rgb(110, 193, 228); font-family: Roboto, sans-serif; font-size: 2rem; font-weight: 600; white-space-collapse: preserve;\"><\/span><\/div><\/h2>\t\t\t\t<\/div>\n\t\t\t\t<\/div>\n\t\t\t\t<div class=\"elementor-element elementor-element-c861378 jltma-glass-effect-no elementor-widget elementor-widget-heading\" data-id=\"c861378\" data-element_type=\"widget\" data-widget_type=\"heading.default\">\n\t\t\t\t<div class=\"elementor-widget-container\">\n\t\t\t\t\t<h2 class=\"elementor-heading-title elementor-size-default\"><div style=\"display: flex; align-items: center; gap: 15px; margin-bottom: 10px; width: 426.836px; font-size: 17px; font-family: Montserrat, sans-serif; line-height: 1.2; color: rgb(53, 53, 53); white-space-collapse: collapse;\"><img decoding=\"async\" src=\"https:\/\/asiqfacility.cl\/wp-content\/uploads\/2025\/03\/cuadrado-amarillo.svg\" alt=\"\" width=\"20\" height=\"20\"><b style=\"display: inline !important;\">200kVA<\/b><\/div><span style=\"color: rgb(53, 53, 53); font-family: Montserrat, sans-serif; font-size: 17px; font-weight: 400; white-space-collapse: collapse;\">- Modular tipo armario<\/span><br><span style=\"color: rgb(53, 53, 53); font-family: Montserrat, sans-serif; font-size: 17px; font-weight: 400; white-space-collapse: collapse;\">- Capacidad para 8 m\u00f3dulos de 25 kVA&nbsp;<\/span><br><span style=\"color: rgb(53, 53, 53); font-family: Montserrat, sans-serif; font-size: 17px; font-weight: 400; white-space-collapse: collapse;\">- Uso solo con bater\u00edas externas&nbsp;<\/span><br style=\"color: rgb(53, 53, 53); font-family: Montserrat, sans-serif; font-size: 17px; font-weight: 400; white-space-collapse: collapse;\"><span style=\"color: rgb(53, 53, 53); font-family: Montserrat, sans-serif; font-size: 17px; font-weight: 400; white-space-collapse: collapse;\">- Compatible con bater\u00edas VRLA, NiCd y Litio<\/span><br style=\"color: rgb(53, 53, 53); font-family: Montserrat, sans-serif; font-size: 17px; font-weight: 400; white-space-collapse: collapse;\"><span style=\"color: rgb(53, 53, 53); font-family: Montserrat, sans-serif; font-size: 17px; font-weight: 400; white-space-collapse: collapse;\">- Eficiencia: 96%<\/span><br style=\"color: rgb(53, 53, 53); font-family: Montserrat, sans-serif; font-size: 17px; font-weight: 400; white-space-collapse: collapse;\"><span style=\"color: rgb(53, 53, 53); font-family: Montserrat, sans-serif; font-size: 17px; font-weight: 400; white-space-collapse: collapse;\">- Factor de Potencia: 1&nbsp;<\/span><br><span style=\"color: rgb(53, 53, 53); font-family: Montserrat, sans-serif; font-size: 17px; font-weight: 400; white-space-collapse: collapse;\">- Paralelizable hasta 4 armarios<\/span><div style=\"display: flex; align-items: center; gap: 15px; margin-bottom: 10px; width: 426.836px; font-size: 17px; font-family: Montserrat, sans-serif; line-height: 1.2; color: rgb(53, 53, 53); font-weight: 400; white-space-collapse: collapse;\">&nbsp;<span style=\"color: rgb(110, 193, 228); font-family: Roboto, sans-serif; font-size: 2rem; font-weight: 600; white-space-collapse: preserve;\"><\/span><\/div><\/h2>\t\t\t\t<\/div>\n\t\t\t\t<\/div>\n\t\t\t\t\t<\/div>\n\t\t\t\t<\/div>\n\t\t\t\t<\/div>\n\t\t","protected":false},"excerpt":{"rendered":"<p><strong>Trif\u00e1sica<\/strong><\/p>\n<p><strong>Orange Modular 75kVA \/ 200kVA<\/strong><\/p>\n<p>El modelo KOLFF ORANGE modular aplica una modularizaci\u00f3n completa con dise\u00f1os de f\u00e1cil conexi\u00f3n plug &amp; play, que incluyen bastidor del sistema, UPS, m\u00f3dulos de comunicaci\u00f3n y visualizaci\u00f3n, adem\u00e1s de paneles de distribuci\u00f3n de energ\u00eda opcionales, tarjetas inteligentes, etc., lo que permite una total adaptaci\u00f3n a los requisitos del cliente. Cada m\u00f3dulo UPS es un UPS de 25 kVA completamente funcional, con tecnolog\u00eda avanzada de control paralelo inal\u00e1mbrico y protocolos de comunicaci\u00f3n inteligentes, lo que permite que el UPS, el m\u00f3dulo de comunicaci\u00f3n y el de visualizaci\u00f3n realicen mantenimiento en l\u00ednea sin afectar sus operaciones diarias. Tambi\u00e9n pueden a\u00f1adirse nuevos m\u00f3dulos al sistema sin necesidad de calibraci\u00f3n. El mantenimiento y la expansi\u00f3n pueden realizarse f\u00e1cilmente.<\/p>\n<p><a style=\"display: inline-block; padding: 12px 20px; background-color: #eeab00; color: #0a1724; text-decoration: none; border-radius: 5px; font-weight: bold; font-size: 16px;\" href=\"https:\/\/kolff.cl\/wp-content\/uploads\/2026\/03\/UPS-ORANGE_compressed-1.pdf\">\ud83d\udcc4 Descargar ficha t\u00e9cnica<\/a><\/p>\n","protected":false},"featured_media":2989,"comment_status":"open","ping_status":"closed","template":"","meta":{"content-type":""},"product_brand":[],"product_cat":[17],"product_tag":[],"class_list":{"0":"post-1952","1":"product","2":"type-product","3":"status-publish","4":"has-post-thumbnail","6":"product_cat-sin-categorizar","8":"first","9":"instock","10":"shipping-taxable","11":"product-type-simple"},"yoast_head":"<!-- This site is optimized with the Yoast SEO plugin v25.3.1 - https:\/\/yoast.com\/wordpress\/plugins\/seo\/ -->\n<title>UPS Orange Modular 75kVA \/ 200kVA - Kolff<\/title>\n<meta name=\"robots\" content=\"index, follow, max-snippet:-1, max-image-preview:large, max-video-preview:-1\" \/>\n<link rel=\"canonical\" href=\"https:\/\/kolff.cl\/index.php\/producto\/ups-orange-modular-75k-200k\/\" \/>\n<meta property=\"og:locale\" content=\"es_ES\" \/>\n<meta property=\"og:type\" content=\"article\" \/>\n<meta property=\"og:title\" content=\"UPS Orange Modular 75kVA \/ 200kVA - Kolff\" \/>\n<meta property=\"og:description\" content=\"Trif\u00e1sica  Orange Modular 75kVA \/ 200kVA  El modelo KOLFF ORANGE modular aplica una modularizaci\u00f3n completa con dise\u00f1os de f\u00e1cil conexi\u00f3n plug &amp; play, que incluyen bastidor del sistema, UPS, m\u00f3dulos de comunicaci\u00f3n y visualizaci\u00f3n, adem\u00e1s de paneles de distribuci\u00f3n de energ\u00eda opcionales, tarjetas inteligentes, etc., lo que permite una total adaptaci\u00f3n a los requisitos del cliente. Cada m\u00f3dulo UPS es un UPS de 25 kVA completamente funcional, con tecnolog\u00eda avanzada de control paralelo inal\u00e1mbrico y protocolos de comunicaci\u00f3n inteligentes, lo que permite que el UPS, el m\u00f3dulo de comunicaci\u00f3n y el de visualizaci\u00f3n realicen mantenimiento en l\u00ednea sin afectar sus operaciones diarias. Tambi\u00e9n pueden a\u00f1adirse nuevos m\u00f3dulos al sistema sin necesidad de calibraci\u00f3n. El mantenimiento y la expansi\u00f3n pueden realizarse f\u00e1cilmente.  \ud83d\udcc4 Descargar ficha t\u00e9cnica\" \/>\n<meta property=\"og:url\" content=\"https:\/\/kolff.cl\/index.php\/producto\/ups-orange-modular-75k-200k\/\" \/>\n<meta property=\"og:site_name\" content=\"Kolff\" \/>\n<meta property=\"article:modified_time\" content=\"2026-03-17T19:24:00+00:00\" \/>\n<meta property=\"og:image\" content=\"https:\/\/kolff.cl\/wp-content\/uploads\/2025\/08\/orangev1webp.webp\" \/>\n\t<meta property=\"og:image:width\" content=\"1200\" \/>\n\t<meta property=\"og:image:height\" content=\"1200\" \/>\n\t<meta property=\"og:image:type\" content=\"image\/webp\" \/>\n<meta name=\"twitter:card\" content=\"summary_large_image\" \/>\n<meta name=\"twitter:label1\" content=\"Tiempo de lectura\" \/>\n\t<meta name=\"twitter:data1\" content=\"1 minuto\" \/>\n<script type=\"application\/ld+json\" class=\"yoast-schema-graph\">{\"@context\":\"https:\/\/schema.org\",\"@graph\":[{\"@type\":\"WebPage\",\"@id\":\"https:\/\/kolff.cl\/index.php\/producto\/ups-orange-modular-75k-200k\/\",\"url\":\"https:\/\/kolff.cl\/index.php\/producto\/ups-orange-modular-75k-200k\/\",\"name\":\"UPS Orange Modular 75kVA \/ 200kVA - Kolff\",\"isPartOf\":{\"@id\":\"https:\/\/kolff.cl\/#website\"},\"primaryImageOfPage\":{\"@id\":\"https:\/\/kolff.cl\/index.php\/producto\/ups-orange-modular-75k-200k\/#primaryimage\"},\"image\":{\"@id\":\"https:\/\/kolff.cl\/index.php\/producto\/ups-orange-modular-75k-200k\/#primaryimage\"},\"thumbnailUrl\":\"https:\/\/kolff.cl\/wp-content\/uploads\/2025\/08\/orangev1webp.webp\",\"datePublished\":\"2025-08-28T20:07:16+00:00\",\"dateModified\":\"2026-03-17T19:24:00+00:00\",\"breadcrumb\":{\"@id\":\"https:\/\/kolff.cl\/index.php\/producto\/ups-orange-modular-75k-200k\/#breadcrumb\"},\"inLanguage\":\"es\",\"potentialAction\":[{\"@type\":\"ReadAction\",\"target\":[\"https:\/\/kolff.cl\/index.php\/producto\/ups-orange-modular-75k-200k\/\"]}]},{\"@type\":\"ImageObject\",\"inLanguage\":\"es\",\"@id\":\"https:\/\/kolff.cl\/index.php\/producto\/ups-orange-modular-75k-200k\/#primaryimage\",\"url\":\"https:\/\/kolff.cl\/wp-content\/uploads\/2025\/08\/orangev1webp.webp\",\"contentUrl\":\"https:\/\/kolff.cl\/wp-content\/uploads\/2025\/08\/orangev1webp.webp\",\"width\":1200,\"height\":1200},{\"@type\":\"BreadcrumbList\",\"@id\":\"https:\/\/kolff.cl\/index.php\/producto\/ups-orange-modular-75k-200k\/#breadcrumb\",\"itemListElement\":[{\"@type\":\"ListItem\",\"position\":1,\"name\":\"Portada\",\"item\":\"https:\/\/kolff.cl\/\"},{\"@type\":\"ListItem\",\"position\":2,\"name\":\"Tienda\",\"item\":\"https:\/\/kolff.cl\/index.php\/tienda\/\"},{\"@type\":\"ListItem\",\"position\":3,\"name\":\"UPS Orange Modular 75kVA \/ 200kVA\"}]},{\"@type\":\"WebSite\",\"@id\":\"https:\/\/kolff.cl\/#website\",\"url\":\"https:\/\/kolff.cl\/\",\"name\":\"Kolff\",\"description\":\"\",\"potentialAction\":[{\"@type\":\"SearchAction\",\"target\":{\"@type\":\"EntryPoint\",\"urlTemplate\":\"https:\/\/kolff.cl\/?s={search_term_string}\"},\"query-input\":{\"@type\":\"PropertyValueSpecification\",\"valueRequired\":true,\"valueName\":\"search_term_string\"}}],\"inLanguage\":\"es\"}]}<\/script>\n<!-- \/ Yoast SEO plugin. -->","yoast_head_json":{"title":"UPS Orange Modular 75kVA \/ 200kVA - Kolff","robots":{"index":"index","follow":"follow","max-snippet":"max-snippet:-1","max-image-preview":"max-image-preview:large","max-video-preview":"max-video-preview:-1"},"canonical":"https:\/\/kolff.cl\/index.php\/producto\/ups-orange-modular-75k-200k\/","og_locale":"es_ES","og_type":"article","og_title":"UPS Orange Modular 75kVA \/ 200kVA - Kolff","og_description":"Trif\u00e1sica  Orange Modular 75kVA \/ 200kVA  El modelo KOLFF ORANGE modular aplica una modularizaci\u00f3n completa con dise\u00f1os de f\u00e1cil conexi\u00f3n plug &amp; play, que incluyen bastidor del sistema, UPS, m\u00f3dulos de comunicaci\u00f3n y visualizaci\u00f3n, adem\u00e1s de paneles de distribuci\u00f3n de energ\u00eda opcionales, tarjetas inteligentes, etc., lo que permite una total adaptaci\u00f3n a los requisitos del cliente. Cada m\u00f3dulo UPS es un UPS de 25 kVA completamente funcional, con tecnolog\u00eda avanzada de control paralelo inal\u00e1mbrico y protocolos de comunicaci\u00f3n inteligentes, lo que permite que el UPS, el m\u00f3dulo de comunicaci\u00f3n y el de visualizaci\u00f3n realicen mantenimiento en l\u00ednea sin afectar sus operaciones diarias. Tambi\u00e9n pueden a\u00f1adirse nuevos m\u00f3dulos al sistema sin necesidad de calibraci\u00f3n. El mantenimiento y la expansi\u00f3n pueden realizarse f\u00e1cilmente.  \ud83d\udcc4 Descargar ficha t\u00e9cnica","og_url":"https:\/\/kolff.cl\/index.php\/producto\/ups-orange-modular-75k-200k\/","og_site_name":"Kolff","article_modified_time":"2026-03-17T19:24:00+00:00","og_image":[{"width":1200,"height":1200,"url":"https:\/\/kolff.cl\/wp-content\/uploads\/2025\/08\/orangev1webp.webp","type":"image\/webp"}],"twitter_card":"summary_large_image","twitter_misc":{"Tiempo de lectura":"1 minuto"},"schema":{"@context":"https:\/\/schema.org","@graph":[{"@type":"WebPage","@id":"https:\/\/kolff.cl\/index.php\/producto\/ups-orange-modular-75k-200k\/","url":"https:\/\/kolff.cl\/index.php\/producto\/ups-orange-modular-75k-200k\/","name":"UPS Orange Modular 75kVA \/ 200kVA - Kolff","isPartOf":{"@id":"https:\/\/kolff.cl\/#website"},"primaryImageOfPage":{"@id":"https:\/\/kolff.cl\/index.php\/producto\/ups-orange-modular-75k-200k\/#primaryimage"},"image":{"@id":"https:\/\/kolff.cl\/index.php\/producto\/ups-orange-modular-75k-200k\/#primaryimage"},"thumbnailUrl":"https:\/\/kolff.cl\/wp-content\/uploads\/2025\/08\/orangev1webp.webp","datePublished":"2025-08-28T20:07:16+00:00","dateModified":"2026-03-17T19:24:00+00:00","breadcrumb":{"@id":"https:\/\/kolff.cl\/index.php\/producto\/ups-orange-modular-75k-200k\/#breadcrumb"},"inLanguage":"es","potentialAction":[{"@type":"ReadAction","target":["https:\/\/kolff.cl\/index.php\/producto\/ups-orange-modular-75k-200k\/"]}]},{"@type":"ImageObject","inLanguage":"es","@id":"https:\/\/kolff.cl\/index.php\/producto\/ups-orange-modular-75k-200k\/#primaryimage","url":"https:\/\/kolff.cl\/wp-content\/uploads\/2025\/08\/orangev1webp.webp","contentUrl":"https:\/\/kolff.cl\/wp-content\/uploads\/2025\/08\/orangev1webp.webp","width":1200,"height":1200},{"@type":"BreadcrumbList","@id":"https:\/\/kolff.cl\/index.php\/producto\/ups-orange-modular-75k-200k\/#breadcrumb","itemListElement":[{"@type":"ListItem","position":1,"name":"Portada","item":"https:\/\/kolff.cl\/"},{"@type":"ListItem","position":2,"name":"Tienda","item":"https:\/\/kolff.cl\/index.php\/tienda\/"},{"@type":"ListItem","position":3,"name":"UPS Orange Modular 75kVA \/ 200kVA"}]},{"@type":"WebSite","@id":"https:\/\/kolff.cl\/#website","url":"https:\/\/kolff.cl\/","name":"Kolff","description":"","potentialAction":[{"@type":"SearchAction","target":{"@type":"EntryPoint","urlTemplate":"https:\/\/kolff.cl\/?s={search_term_string}"},"query-input":{"@type":"PropertyValueSpecification","valueRequired":true,"valueName":"search_term_string"}}],"inLanguage":"es"}]}},"_links":{"self":[{"href":"https:\/\/kolff.cl\/index.php\/wp-json\/wp\/v2\/product\/1952","targetHints":{"allow":["GET"]}}],"collection":[{"href":"https:\/\/kolff.cl\/index.php\/wp-json\/wp\/v2\/product"}],"about":[{"href":"https:\/\/kolff.cl\/index.php\/wp-json\/wp\/v2\/types\/product"}],"replies":[{"embeddable":true,"href":"https:\/\/kolff.cl\/index.php\/wp-json\/wp\/v2\/comments?post=1952"}],"version-history":[{"count":20,"href":"https:\/\/kolff.cl\/index.php\/wp-json\/wp\/v2\/product\/1952\/revisions"}],"predecessor-version":[{"id":3164,"href":"https:\/\/kolff.cl\/index.php\/wp-json\/wp\/v2\/product\/1952\/revisions\/3164"}],"wp:featuredmedia":[{"embeddable":true,"href":"https:\/\/kolff.cl\/index.php\/wp-json\/wp\/v2\/media\/2989"}],"wp:attachment":[{"href":"https:\/\/kolff.cl\/index.php\/wp-json\/wp\/v2\/media?parent=1952"}],"wp:term":[{"taxonomy":"product_brand","embeddable":true,"href":"https:\/\/kolff.cl\/index.php\/wp-json\/wp\/v2\/product_brand?post=1952"},{"taxonomy":"product_cat","embeddable":true,"href":"https:\/\/kolff.cl\/index.php\/wp-json\/wp\/v2\/product_cat?post=1952"},{"taxonomy":"product_tag","embeddable":true,"href":"https:\/\/kolff.cl\/index.php\/wp-json\/wp\/v2\/product_tag?post=1952"}],"curies":[{"name":"wp","href":"https:\/\/api.w.org\/{rel}","templated":true}]}}