{"id":1290,"date":"2025-06-11T20:15:27","date_gmt":"2025-06-11T20:15:27","guid":{"rendered":"https:\/\/kolff.cl\/?post_type=product&#038;p=1290"},"modified":"2025-06-19T20:27:55","modified_gmt":"2025-06-19T20:27:55","slug":"kc-2000-inox","status":"publish","type":"product","link":"https:\/\/kolff.cl\/index.php\/producto\/kc-2000-inox\/","title":{"rendered":"KC-2000 INOX"},"content":{"rendered":"\t\t<div data-elementor-type=\"product-post\" data-elementor-id=\"1290\" class=\"elementor elementor-1290\" data-elementor-post-type=\"product\">\n\t\t\t\t<div class=\"elementor-element elementor-element-5dfd5678 e-flex e-con-boxed e-con e-parent\" data-id=\"5dfd5678\" data-element_type=\"container\">\n\t\t\t\t\t<div class=\"e-con-inner\">\n\t\t\t\t<div class=\"elementor-element elementor-element-2bf7df8d jltma-glass-effect-no elementor-widget elementor-widget-text-editor\" data-id=\"2bf7df8d\" data-element_type=\"widget\" data-widget_type=\"text-editor.default\">\n\t\t\t\t<div class=\"elementor-widget-container\">\n\t\t\t\t\t\t\t\t\t<div><div><img decoding=\"async\" src=\"https:\/\/asiqfacility.cl\/wp-content\/uploads\/2025\/03\/cuadrado-amarillo.svg\" alt=\"\" width=\"20\" height=\"20\" \/> \u00a0Superficie iluminada <strong>980m\u00b2<\/strong><\/div><div>\u00a0<\/div><div><img decoding=\"async\" src=\"https:\/\/asiqfacility.cl\/wp-content\/uploads\/2025\/03\/cuadrado-amarillo.svg\" alt=\"\" width=\"20\" height=\"20\" \/> Superficie iluminada para trabajos peligrosos <strong>120m\u00b2<\/strong><\/div><div>\u00a0<\/div><div><img decoding=\"async\" src=\"https:\/\/asiqfacility.cl\/wp-content\/uploads\/2025\/03\/cuadrado-amarillo.svg\" alt=\"\" width=\"20\" height=\"20\" \/> Autonom\u00eda <strong>5 Hrs.<\/strong><\/div><\/div><div>\u00a0<\/div><div><img decoding=\"async\" src=\"https:\/\/asiqfacility.cl\/wp-content\/uploads\/2025\/03\/cuadrado-amarillo.svg\" alt=\"\" width=\"20\" height=\"20\" \/> Gabinete de acero inoxidable.<\/div><div><div>\u00a0<\/div><div><div><p><img decoding=\"async\" src=\"https:\/\/asiqfacility.cl\/wp-content\/uploads\/2025\/03\/cuadrado-amarillo.svg\" alt=\"\" width=\"20\" height=\"20\" \/>\u00a0 Garant\u00eda <strong>KOLFF.<\/strong><\/p><\/div><\/div><\/div><p><!-- Fuente Montserrat --><\/p><p><style>\n  .feature {<br \/>    display: flex;<br \/>    align-items: center;<br \/>    gap: 15px;<br \/>    margin-bottom: 10px;<br \/>    width: 100%;<br \/>    font-size: 17px;<br \/>    font-family: 'Montserrat', sans-serif;<br \/>    line-height: 1.2;<br \/>  }<\/p>\n<p>  .feature-container {<br \/>    display: flex;<br \/>    flex-direction: column;<br \/>  }<\/p>\n<p>  .feature:last-child {<br \/>    margin-bottom: 0;<br \/>  }<br \/><\/style><\/p>\t\t\t\t\t\t\t\t<\/div>\n\t\t\t\t<\/div>\n\t\t\t\t\t<\/div>\n\t\t\t\t<\/div>\n\t\t<div class=\"elementor-element elementor-element-ebbef7d e-flex e-con-boxed e-con e-parent\" data-id=\"ebbef7d\" data-element_type=\"container\">\n\t\t\t\t\t<div class=\"e-con-inner\">\n\t\t\t\t<div class=\"elementor-element elementor-element-409a40c jltma-glass-effect-no elementor-widget elementor-widget-video\" data-id=\"409a40c\" data-element_type=\"widget\" data-settings=\"{&quot;video_type&quot;:&quot;hosted&quot;,&quot;loop&quot;:&quot;yes&quot;,&quot;controls&quot;:&quot;yes&quot;}\" data-widget_type=\"video.default\">\n\t\t\t\t<div class=\"elementor-widget-container\">\n\t\t\t\t\t\t\t<div class=\"e-hosted-video elementor-wrapper elementor-open-inline\">\n\t\t\t\t\t<video class=\"elementor-video\" src=\"https:\/\/kolff.cl\/wp-content\/uploads\/2025\/06\/kc-2000-inox-blanco0001-1000.mp4\" loop=\"\" controls=\"\" preload=\"metadata\" controlsList=\"nodownload\"><\/video>\n\t\t\t\t<\/div>\n\t\t\t\t\t\t<\/div>\n\t\t\t\t<\/div>\n\t\t\t\t\t<\/div>\n\t\t\t\t<\/div>\n\t\t\t\t<\/div>\n\t\t","protected":false},"excerpt":{"rendered":"<style><span data-mce-type=\"bookmark\" style=\"display: inline-block; width: 0px; overflow: hidden; line-height: 0;\" class=\"mce_SELRES_start\">\ufeff<\/span><span data-mce-type=\"bookmark\" style=\"display: inline-block; width: 0px; overflow: hidden; line-height: 0;\" class=\"mce_SELRES_start\">\ufeff<\/span><span data-mce-type=\"bookmark\" style=\"display: inline-block; width: 0px; overflow: hidden; line-height: 0;\" class=\"mce_SELRES_start\">\ufeff<\/span><span data-mce-type=\"bookmark\" style=\"display: inline-block; width: 0px; overflow: hidden; line-height: 0;\" class=\"mce_SELRES_start\">\ufeff<\/span><span data-mce-type=\"bookmark\" style=\"display: inline-block; width: 0px; overflow: hidden; line-height: 0;\" class=\"mce_SELRES_start\">\ufeff<\/span><span data-mce-type=\"bookmark\" style=\"display: inline-block; width: 0px; overflow: hidden; line-height: 0;\" class=\"mce_SELRES_start\">\ufeff<\/span><br \/>    .duoled {<br \/>        font-size: 48px;<br \/>        font-weight: 800; \/* Extra negrita *\/<br \/>        color: black; \/* Color negro *\/<br \/>    }<\/p>\n<p>    .emergency-text {<br \/>        font-size: 12px;<br \/>        line-height: 20px; \/* Altura de l\u00ednea *\/<br \/>        margin: 0;<br \/>    }<br \/><\/style>\n<p><strong>ILUMINACI\u00d3N PROFESIONAL INDUSTRIAL Y MINERA<\/strong><\/p>\n<p><strong>KC-2000 INOX<\/strong><\/p>\n<p>Equipo dise\u00f1ado para iluminar \u00e1reas interiores o exteriores en ambientes industriales y mineros extremos: h\u00famedos, polvorientos o fuertemente corrosivos.<br \/>\nEncendido autom\u00e1tico e instant\u00e1neo ante cortes de energ\u00eda el\u00e9ctrica.<br \/>\nDise\u00f1o para montaje en muro.<\/p>\n<p>&nbsp;<\/p>\n<p><a style=\"display: inline-block; padding: 12px 20px; background-color: #eeab00; color: #0a1724; text-decoration: none; border-radius: 5px; font-weight: bold; font-size: 16px;\" href=\"https:\/\/kolff.cl\/wp-content\/uploads\/2025\/06\/Ficha-tecnica-KC-2000-INOX-2025.pdf\" target=\"_blank\" rel=\"noopener\" download=\"\">\ud83d\udcc4 Descargar ficha t\u00e9cnica<br \/>\n<\/a><\/p>\n","protected":false},"featured_media":1159,"comment_status":"open","ping_status":"closed","template":"","meta":{"content-type":""},"product_brand":[],"product_cat":[19],"product_tag":[],"class_list":{"0":"post-1290","1":"product","2":"type-product","3":"status-publish","4":"has-post-thumbnail","6":"product_cat-iluminacion-de-emergencia","8":"first","9":"instock","10":"shipping-taxable","11":"product-type-simple"},"yoast_head":"<!-- This site is optimized with the Yoast SEO plugin v25.3.1 - https:\/\/yoast.com\/wordpress\/plugins\/seo\/ -->\n<title>KC-2000 INOX - Kolff<\/title>\n<meta name=\"robots\" content=\"index, follow, max-snippet:-1, max-image-preview:large, max-video-preview:-1\" \/>\n<link rel=\"canonical\" href=\"https:\/\/kolff.cl\/index.php\/producto\/kc-2000-inox\/\" \/>\n<meta property=\"og:locale\" content=\"es_ES\" \/>\n<meta property=\"og:type\" content=\"article\" \/>\n<meta property=\"og:title\" content=\"KC-2000 INOX - Kolff\" \/>\n<meta property=\"og:description\" content=\"ILUMINACI\u00d3N PROFESIONAL INDUSTRIAL Y MINERA  KC-2000 INOX  Equipo dise\u00f1ado para iluminar \u00e1reas interiores o exteriores en ambientes industriales y mineros extremos: h\u00famedos, polvorientos o fuertemente corrosivos. Encendido autom\u00e1tico e instant\u00e1neo ante cortes de energ\u00eda el\u00e9ctrica. Dise\u00f1o para montaje en muro.  &nbsp;  \ud83d\udcc4 Descargar ficha t\u00e9cnica\" \/>\n<meta property=\"og:url\" content=\"https:\/\/kolff.cl\/index.php\/producto\/kc-2000-inox\/\" \/>\n<meta property=\"og:site_name\" content=\"Kolff\" \/>\n<meta property=\"article:modified_time\" content=\"2025-06-19T20:27:55+00:00\" \/>\n<meta property=\"og:image\" content=\"https:\/\/kolff.cl\/wp-content\/uploads\/2025\/06\/KC-2000-INOX-scaled.webp\" \/>\n\t<meta property=\"og:image:width\" content=\"2560\" \/>\n\t<meta property=\"og:image:height\" content=\"2560\" \/>\n\t<meta property=\"og:image:type\" content=\"image\/webp\" \/>\n<meta name=\"twitter:card\" content=\"summary_large_image\" \/>\n<script type=\"application\/ld+json\" class=\"yoast-schema-graph\">{\"@context\":\"https:\/\/schema.org\",\"@graph\":[{\"@type\":\"WebPage\",\"@id\":\"https:\/\/kolff.cl\/index.php\/producto\/kc-2000-inox\/\",\"url\":\"https:\/\/kolff.cl\/index.php\/producto\/kc-2000-inox\/\",\"name\":\"KC-2000 INOX - Kolff\",\"isPartOf\":{\"@id\":\"https:\/\/kolff.cl\/#website\"},\"primaryImageOfPage\":{\"@id\":\"https:\/\/kolff.cl\/index.php\/producto\/kc-2000-inox\/#primaryimage\"},\"image\":{\"@id\":\"https:\/\/kolff.cl\/index.php\/producto\/kc-2000-inox\/#primaryimage\"},\"thumbnailUrl\":\"https:\/\/kolff.cl\/wp-content\/uploads\/2025\/06\/KC-2000-INOX-scaled.webp\",\"datePublished\":\"2025-06-11T20:15:27+00:00\",\"dateModified\":\"2025-06-19T20:27:55+00:00\",\"breadcrumb\":{\"@id\":\"https:\/\/kolff.cl\/index.php\/producto\/kc-2000-inox\/#breadcrumb\"},\"inLanguage\":\"es\",\"potentialAction\":[{\"@type\":\"ReadAction\",\"target\":[\"https:\/\/kolff.cl\/index.php\/producto\/kc-2000-inox\/\"]}]},{\"@type\":\"ImageObject\",\"inLanguage\":\"es\",\"@id\":\"https:\/\/kolff.cl\/index.php\/producto\/kc-2000-inox\/#primaryimage\",\"url\":\"https:\/\/kolff.cl\/wp-content\/uploads\/2025\/06\/KC-2000-INOX-scaled.webp\",\"contentUrl\":\"https:\/\/kolff.cl\/wp-content\/uploads\/2025\/06\/KC-2000-INOX-scaled.webp\",\"width\":2560,\"height\":2560},{\"@type\":\"BreadcrumbList\",\"@id\":\"https:\/\/kolff.cl\/index.php\/producto\/kc-2000-inox\/#breadcrumb\",\"itemListElement\":[{\"@type\":\"ListItem\",\"position\":1,\"name\":\"Portada\",\"item\":\"https:\/\/kolff.cl\/\"},{\"@type\":\"ListItem\",\"position\":2,\"name\":\"Tienda\",\"item\":\"https:\/\/kolff.cl\/index.php\/tienda\/\"},{\"@type\":\"ListItem\",\"position\":3,\"name\":\"KC-2000 INOX\"}]},{\"@type\":\"WebSite\",\"@id\":\"https:\/\/kolff.cl\/#website\",\"url\":\"https:\/\/kolff.cl\/\",\"name\":\"Kolff\",\"description\":\"\",\"potentialAction\":[{\"@type\":\"SearchAction\",\"target\":{\"@type\":\"EntryPoint\",\"urlTemplate\":\"https:\/\/kolff.cl\/?s={search_term_string}\"},\"query-input\":{\"@type\":\"PropertyValueSpecification\",\"valueRequired\":true,\"valueName\":\"search_term_string\"}}],\"inLanguage\":\"es\"}]}<\/script>\n<!-- \/ Yoast SEO plugin. -->","yoast_head_json":{"title":"KC-2000 INOX - Kolff","robots":{"index":"index","follow":"follow","max-snippet":"max-snippet:-1","max-image-preview":"max-image-preview:large","max-video-preview":"max-video-preview:-1"},"canonical":"https:\/\/kolff.cl\/index.php\/producto\/kc-2000-inox\/","og_locale":"es_ES","og_type":"article","og_title":"KC-2000 INOX - Kolff","og_description":"ILUMINACI\u00d3N PROFESIONAL INDUSTRIAL Y MINERA  KC-2000 INOX  Equipo dise\u00f1ado para iluminar \u00e1reas interiores o exteriores en ambientes industriales y mineros extremos: h\u00famedos, polvorientos o fuertemente corrosivos. Encendido autom\u00e1tico e instant\u00e1neo ante cortes de energ\u00eda el\u00e9ctrica. Dise\u00f1o para montaje en muro.  &nbsp;  \ud83d\udcc4 Descargar ficha t\u00e9cnica","og_url":"https:\/\/kolff.cl\/index.php\/producto\/kc-2000-inox\/","og_site_name":"Kolff","article_modified_time":"2025-06-19T20:27:55+00:00","og_image":[{"width":2560,"height":2560,"url":"https:\/\/kolff.cl\/wp-content\/uploads\/2025\/06\/KC-2000-INOX-scaled.webp","type":"image\/webp"}],"twitter_card":"summary_large_image","schema":{"@context":"https:\/\/schema.org","@graph":[{"@type":"WebPage","@id":"https:\/\/kolff.cl\/index.php\/producto\/kc-2000-inox\/","url":"https:\/\/kolff.cl\/index.php\/producto\/kc-2000-inox\/","name":"KC-2000 INOX - Kolff","isPartOf":{"@id":"https:\/\/kolff.cl\/#website"},"primaryImageOfPage":{"@id":"https:\/\/kolff.cl\/index.php\/producto\/kc-2000-inox\/#primaryimage"},"image":{"@id":"https:\/\/kolff.cl\/index.php\/producto\/kc-2000-inox\/#primaryimage"},"thumbnailUrl":"https:\/\/kolff.cl\/wp-content\/uploads\/2025\/06\/KC-2000-INOX-scaled.webp","datePublished":"2025-06-11T20:15:27+00:00","dateModified":"2025-06-19T20:27:55+00:00","breadcrumb":{"@id":"https:\/\/kolff.cl\/index.php\/producto\/kc-2000-inox\/#breadcrumb"},"inLanguage":"es","potentialAction":[{"@type":"ReadAction","target":["https:\/\/kolff.cl\/index.php\/producto\/kc-2000-inox\/"]}]},{"@type":"ImageObject","inLanguage":"es","@id":"https:\/\/kolff.cl\/index.php\/producto\/kc-2000-inox\/#primaryimage","url":"https:\/\/kolff.cl\/wp-content\/uploads\/2025\/06\/KC-2000-INOX-scaled.webp","contentUrl":"https:\/\/kolff.cl\/wp-content\/uploads\/2025\/06\/KC-2000-INOX-scaled.webp","width":2560,"height":2560},{"@type":"BreadcrumbList","@id":"https:\/\/kolff.cl\/index.php\/producto\/kc-2000-inox\/#breadcrumb","itemListElement":[{"@type":"ListItem","position":1,"name":"Portada","item":"https:\/\/kolff.cl\/"},{"@type":"ListItem","position":2,"name":"Tienda","item":"https:\/\/kolff.cl\/index.php\/tienda\/"},{"@type":"ListItem","position":3,"name":"KC-2000 INOX"}]},{"@type":"WebSite","@id":"https:\/\/kolff.cl\/#website","url":"https:\/\/kolff.cl\/","name":"Kolff","description":"","potentialAction":[{"@type":"SearchAction","target":{"@type":"EntryPoint","urlTemplate":"https:\/\/kolff.cl\/?s={search_term_string}"},"query-input":{"@type":"PropertyValueSpecification","valueRequired":true,"valueName":"search_term_string"}}],"inLanguage":"es"}]}},"_links":{"self":[{"href":"https:\/\/kolff.cl\/index.php\/wp-json\/wp\/v2\/product\/1290","targetHints":{"allow":["GET"]}}],"collection":[{"href":"https:\/\/kolff.cl\/index.php\/wp-json\/wp\/v2\/product"}],"about":[{"href":"https:\/\/kolff.cl\/index.php\/wp-json\/wp\/v2\/types\/product"}],"replies":[{"embeddable":true,"href":"https:\/\/kolff.cl\/index.php\/wp-json\/wp\/v2\/comments?post=1290"}],"version-history":[{"count":10,"href":"https:\/\/kolff.cl\/index.php\/wp-json\/wp\/v2\/product\/1290\/revisions"}],"predecessor-version":[{"id":1553,"href":"https:\/\/kolff.cl\/index.php\/wp-json\/wp\/v2\/product\/1290\/revisions\/1553"}],"wp:featuredmedia":[{"embeddable":true,"href":"https:\/\/kolff.cl\/index.php\/wp-json\/wp\/v2\/media\/1159"}],"wp:attachment":[{"href":"https:\/\/kolff.cl\/index.php\/wp-json\/wp\/v2\/media?parent=1290"}],"wp:term":[{"taxonomy":"product_brand","embeddable":true,"href":"https:\/\/kolff.cl\/index.php\/wp-json\/wp\/v2\/product_brand?post=1290"},{"taxonomy":"product_cat","embeddable":true,"href":"https:\/\/kolff.cl\/index.php\/wp-json\/wp\/v2\/product_cat?post=1290"},{"taxonomy":"product_tag","embeddable":true,"href":"https:\/\/kolff.cl\/index.php\/wp-json\/wp\/v2\/product_tag?post=1290"}],"curies":[{"name":"wp","href":"https:\/\/api.w.org\/{rel}","templated":true}]}}