{"id":288,"date":"2025-05-08T11:55:21","date_gmt":"2025-05-08T11:55:21","guid":{"rendered":"https:\/\/kolff.cl\/?page_id=288"},"modified":"2026-01-29T15:19:30","modified_gmt":"2026-01-29T15:19:30","slug":"sala-electrica","status":"publish","type":"page","link":"https:\/\/kolff.cl\/index.php\/sala-electrica\/","title":{"rendered":"Sala El\u00e9ctrica"},"content":{"rendered":"\t\t<div data-elementor-type=\"wp-page\" data-elementor-id=\"288\" class=\"elementor elementor-288\" data-elementor-post-type=\"page\">\n\t\t\t\t<div class=\"elementor-element elementor-element-22158bfc e-flex e-con-boxed e-con e-parent\" data-id=\"22158bfc\" data-element_type=\"container\" data-settings=\"{&quot;background_background&quot;:&quot;classic&quot;}\">\n\t\t\t\t\t<div class=\"e-con-inner\">\n\t\t\t\t\t<\/div>\n\t\t\t\t<\/div>\n\t\t<div class=\"elementor-element elementor-element-1cd71457 elementor-hidden-tablet elementor-hidden-mobile e-flex e-con-boxed e-con e-parent\" data-id=\"1cd71457\" data-element_type=\"container\" data-settings=\"{&quot;background_background&quot;:&quot;classic&quot;}\">\n\t\t\t\t\t<div class=\"e-con-inner\">\n\t\t<div class=\"elementor-element elementor-element-6291ed4c e-con-full e-flex e-con e-child\" data-id=\"6291ed4c\" data-element_type=\"container\">\n\t\t\t\t<div class=\"elementor-element elementor-element-54e81858 elementor-align-center jltma-glass-effect-no elementor-widget elementor-widget-button\" data-id=\"54e81858\" data-element_type=\"widget\" data-widget_type=\"button.default\">\n\t\t\t\t<div class=\"elementor-widget-container\">\n\t\t\t\t\t\t\t\t\t<div class=\"elementor-button-wrapper\">\n\t\t\t\t\t<a class=\"elementor-button elementor-button-link elementor-size-sm\" href=\"https:\/\/kolff.cl\/wp-content\/uploads\/2026\/01\/Sala-Electrica-KOLFF_compressed.pdf\" download=\"Ficha-T\u00e9cnica-Kollf\">\n\t\t\t\t\t\t<span class=\"elementor-button-content-wrapper\">\n\t\t\t\t\t\t\t\t\t<span class=\"elementor-button-text\">DESCARGAR FICHA<\/span>\n\t\t\t\t\t<\/span>\n\t\t\t\t\t<\/a>\n\t\t\t\t<\/div>\n\t\t\t\t\t\t\t\t<\/div>\n\t\t\t\t<\/div>\n\t\t\t\t<div class=\"elementor-element elementor-element-233d2382 elementor-widget__width-initial jltma-glass-effect-no elementor-widget elementor-widget-image\" data-id=\"233d2382\" data-element_type=\"widget\" data-widget_type=\"image.default\">\n\t\t\t\t<div class=\"elementor-widget-container\">\n\t\t\t\t\t\t\t\t\t\t\t\t\t\t\t<img fetchpriority=\"high\" decoding=\"async\" width=\"318\" height=\"203\" src=\"https:\/\/kolff.cl\/wp-content\/uploads\/2025\/05\/Recurso-17-1.webp\" class=\"attachment-large size-large wp-image-295\" alt=\"\" srcset=\"https:\/\/kolff.cl\/wp-content\/uploads\/2025\/05\/Recurso-17-1.webp 318w, https:\/\/kolff.cl\/wp-content\/uploads\/2025\/05\/Recurso-17-1-300x192.webp 300w\" sizes=\"(max-width: 318px) 100vw, 318px\" \/>\t\t\t\t\t\t\t\t\t\t\t\t\t\t\t<\/div>\n\t\t\t\t<\/div>\n\t\t\t\t<\/div>\n\t\t<div class=\"elementor-element elementor-element-3393772c e-con-full e-flex e-con e-child\" data-id=\"3393772c\" data-element_type=\"container\">\n\t\t<div class=\"elementor-element elementor-element-3c2546e e-con-full e-flex e-con e-child\" data-id=\"3c2546e\" data-element_type=\"container\">\n\t\t\t\t<div class=\"elementor-element elementor-element-74949218 jltma-glass-effect-no elementor-widget elementor-widget-image\" data-id=\"74949218\" data-element_type=\"widget\" data-widget_type=\"image.default\">\n\t\t\t\t<div class=\"elementor-widget-container\">\n\t\t\t\t\t\t\t\t\t\t\t\t\t\t\t<img decoding=\"async\" width=\"34\" height=\"239\" src=\"https:\/\/kolff.cl\/wp-content\/uploads\/2025\/05\/Recurso-1.webp\" class=\"attachment-large size-large wp-image-49\" alt=\"\" \/>\t\t\t\t\t\t\t\t\t\t\t\t\t\t\t<\/div>\n\t\t\t\t<\/div>\n\t\t\t\t<\/div>\n\t\t<div class=\"elementor-element elementor-element-4d7820f4 e-con-full e-flex e-con e-child\" data-id=\"4d7820f4\" data-element_type=\"container\">\n\t\t\t\t<div class=\"elementor-element elementor-element-51e33abf jltma-glass-effect-no elementor-widget elementor-widget-heading\" data-id=\"51e33abf\" data-element_type=\"widget\" data-widget_type=\"heading.default\">\n\t\t\t\t<div class=\"elementor-widget-container\">\n\t\t\t\t\t<h2 class=\"elementor-heading-title elementor-size-default\">Sala El\u00e9ctrica<br\/>\nModular de KOLFF<\/h2>\t\t\t\t<\/div>\n\t\t\t\t<\/div>\n\t\t\t\t<div class=\"elementor-element elementor-element-2676e657 jltma-glass-effect-no elementor-widget elementor-widget-text-editor\" data-id=\"2676e657\" data-element_type=\"widget\" data-widget_type=\"text-editor.default\">\n\t\t\t\t<div class=\"elementor-widget-container\">\n\t\t\t\t\t\t\t\t\t<p><span style=\"font-weight: 400;\">Soluci\u00f3n prefabricada y transportable dise\u00f1ada para integrar sistemas el\u00e9ctricos de media y baja tensi\u00f3n en proyectos industriales y de infraestructura. Fabricada bajo altos est\u00e1ndares de calidad, permite una instalaci\u00f3n r\u00e1pida y segura en terreno, adapt\u00e1ndose a distintas condiciones geogr\u00e1ficas.<\/span><\/p><p><span style=\"font-weight: 400;\">Incluye:<\/span><\/p><ul><li style=\"font-weight: 400;\" aria-level=\"1\"><b>Bases T\u00e9cnicas y Evaluaci\u00f3n<\/b><span style=\"font-weight: 400;\"> del proyecto seg\u00fan requerimientos normativos y operativos.<\/span><\/li><li style=\"font-weight: 400;\" aria-level=\"1\"><b>Ingenier\u00eda, Dise\u00f1o y Fabricaci\u00f3n<\/b><span style=\"font-weight: 400;\"> personalizada de la sala el\u00e9ctrica, con integraci\u00f3n de tableros, canalizaciones, climatizaci\u00f3n y protecci\u00f3n.<\/span><\/li><li style=\"font-weight: 400;\" aria-level=\"1\"><b>Servicio de Asistencia T\u00e9cnica (SAT) y Mantenci\u00f3n Preventiva<\/b><span style=\"font-weight: 400;\">, asegurando continuidad operativa.<\/span><\/li><li style=\"font-weight: 400;\" aria-level=\"1\"><b>Puesta en Marcha y Soporte Postventa<\/b><span style=\"font-weight: 400;\">, con acompa\u00f1amiento t\u00e9cnico permanente.<\/span><\/li><\/ul><p>\u00a0<\/p><p><span style=\"font-weight: 400;\">La soluci\u00f3n es escalable, resistente a condiciones ambientales adversas y puede ser instalada en faenas mineras, energ\u00e9ticas, industriales o log\u00edsticas.<\/span><\/p>\t\t\t\t\t\t\t\t<\/div>\n\t\t\t\t<\/div>\n\t\t\t\t<\/div>\n\t\t\t\t<\/div>\n\t\t\t\t\t<\/div>\n\t\t\t\t<\/div>\n\t\t<div class=\"elementor-element elementor-element-31613625 elementor-hidden-desktop elementor-hidden-widescreen e-flex e-con-boxed e-con e-parent\" data-id=\"31613625\" data-element_type=\"container\" data-settings=\"{&quot;background_background&quot;:&quot;classic&quot;}\">\n\t\t\t\t\t<div class=\"e-con-inner\">\n\t\t<div class=\"elementor-element elementor-element-5c5fe14f e-flex e-con-boxed e-con e-child\" data-id=\"5c5fe14f\" data-element_type=\"container\">\n\t\t\t\t\t<div class=\"e-con-inner\">\n\t\t<div class=\"elementor-element elementor-element-70b5a83b e-con-full e-flex e-con e-child\" data-id=\"70b5a83b\" data-element_type=\"container\">\n\t\t\t\t<div class=\"elementor-element elementor-element-27f9f828 jltma-glass-effect-no elementor-widget elementor-widget-heading\" data-id=\"27f9f828\" data-element_type=\"widget\" data-widget_type=\"heading.default\">\n\t\t\t\t<div class=\"elementor-widget-container\">\n\t\t\t\t\t<h2 class=\"elementor-heading-title elementor-size-default\">Sala El\u00e9ctrica\nModular de KOLFF<\/h2>\t\t\t\t<\/div>\n\t\t\t\t<\/div>\n\t\t\t\t<div class=\"elementor-element elementor-element-4ba5130d elementor-hidden-tablet elementor-hidden-mobile jltma-glass-effect-no elementor-widget elementor-widget-text-editor\" data-id=\"4ba5130d\" data-element_type=\"widget\" data-widget_type=\"text-editor.default\">\n\t\t\t\t<div class=\"elementor-widget-container\">\n\t\t\t\t\t\t\t\t\t<p>Suministro y fabricaci\u00f3n de una sala el\u00e9ctrica\u00a0<strong>100% operativa y<br \/>preparada<\/strong>\u00a0para la instalaci\u00f3n de equipos de comunicaciones en<br \/>racks, con el correspondiente equipamiento de respaldo de<br \/>energ\u00eda y dime de precisi\u00f3n.<\/p>\t\t\t\t\t\t\t\t<\/div>\n\t\t\t\t<\/div>\n\t\t\t\t<div class=\"elementor-element elementor-element-3cd84b97 elementor-hidden-widescreen elementor-hidden-desktop jltma-glass-effect-no elementor-widget elementor-widget-text-editor\" data-id=\"3cd84b97\" data-element_type=\"widget\" data-widget_type=\"text-editor.default\">\n\t\t\t\t<div class=\"elementor-widget-container\">\n\t\t\t\t\t\t\t\t\t<p>Suministro y fabricaci\u00f3n de una sala el\u00e9ctrica\u00a0<strong>100% operativa y preparada<\/strong> para la instalaci\u00f3n de equipos de comunicaciones en racks, con el correspondiente equipamiento de respaldo de energ\u00eda y dime de precisi\u00f3n.<\/p>\t\t\t\t\t\t\t\t<\/div>\n\t\t\t\t<\/div>\n\t\t\t\t<div class=\"elementor-element elementor-element-2989423e elementor-align-center jltma-glass-effect-no elementor-widget elementor-widget-button\" data-id=\"2989423e\" data-element_type=\"widget\" data-widget_type=\"button.default\">\n\t\t\t\t<div class=\"elementor-widget-container\">\n\t\t\t\t\t\t\t\t\t<div class=\"elementor-button-wrapper\">\n\t\t\t\t\t<a class=\"elementor-button elementor-button-link elementor-size-sm\" href=\"https:\/\/kolff.cl\/wp-content\/uploads\/2025\/05\/Ficha-Tecnica-Sala-Electrica.pdf\" download=\"Ficha-T\u00e9cnica-Kollf\">\n\t\t\t\t\t\t<span class=\"elementor-button-content-wrapper\">\n\t\t\t\t\t\t\t\t\t<span class=\"elementor-button-text\">DESCARGAR FICHA T\u00c9CNICA<\/span>\n\t\t\t\t\t<\/span>\n\t\t\t\t\t<\/a>\n\t\t\t\t<\/div>\n\t\t\t\t\t\t\t\t<\/div>\n\t\t\t\t<\/div>\n\t\t\t\t<\/div>\n\t\t\t\t\t<\/div>\n\t\t\t\t<\/div>\n\t\t\t\t\t<\/div>\n\t\t\t\t<\/div>\n\t\t<div class=\"elementor-element elementor-element-3b5fce41 e-con-full e-flex e-con e-parent\" data-id=\"3b5fce41\" data-element_type=\"container\" data-settings=\"{&quot;background_background&quot;:&quot;classic&quot;}\">\n\t\t\t\t<div class=\"elementor-element elementor-element-737118a5 jltma-glass-effect-no elementor-widget elementor-widget-video\" data-id=\"737118a5\" data-element_type=\"widget\" data-settings=\"{&quot;video_type&quot;:&quot;hosted&quot;,&quot;autoplay&quot;:&quot;yes&quot;,&quot;mute&quot;:&quot;yes&quot;,&quot;controls&quot;:&quot;yes&quot;}\" data-widget_type=\"video.default\">\n\t\t\t\t<div class=\"elementor-widget-container\">\n\t\t\t\t\t\t\t<div class=\"e-hosted-video elementor-wrapper elementor-open-inline\">\n\t\t\t\t\t<video class=\"elementor-video\" src=\"https:\/\/kolff.cl\/wp-content\/uploads\/2025\/05\/datacenter-1.mp4\" autoplay=\"\" controls=\"\" muted=\"muted\" controlsList=\"nodownload\"><\/video>\n\t\t\t\t<\/div>\n\t\t\t\t\t\t<\/div>\n\t\t\t\t<\/div>\n\t\t\t\t<\/div>\n\t\t<div class=\"elementor-element elementor-element-3e9f6b0 e-flex e-con-boxed e-con e-parent\" data-id=\"3e9f6b0\" data-element_type=\"container\" data-settings=\"{&quot;background_background&quot;:&quot;classic&quot;}\">\n\t\t\t\t\t<div class=\"e-con-inner\">\n\t\t<div class=\"elementor-element elementor-element-38136eaa e-con-full e-flex e-con e-child\" data-id=\"38136eaa\" data-element_type=\"container\">\n\t\t\t\t<div class=\"elementor-element elementor-element-669d8db1 jltma-glass-effect-no elementor-widget elementor-widget-image\" data-id=\"669d8db1\" data-element_type=\"widget\" data-widget_type=\"image.default\">\n\t\t\t\t<div class=\"elementor-widget-container\">\n\t\t\t\t\t\t\t\t\t\t\t\t\t\t\t<img decoding=\"async\" width=\"706\" height=\"478\" src=\"https:\/\/kolff.cl\/wp-content\/uploads\/2025\/05\/salaElectrica1.webp\" class=\"attachment-full size-full wp-image-296\" alt=\"\" srcset=\"https:\/\/kolff.cl\/wp-content\/uploads\/2025\/05\/salaElectrica1.webp 706w, https:\/\/kolff.cl\/wp-content\/uploads\/2025\/05\/salaElectrica1-600x406.webp 600w, https:\/\/kolff.cl\/wp-content\/uploads\/2025\/05\/salaElectrica1-300x203.webp 300w\" sizes=\"(max-width: 706px) 100vw, 706px\" \/>\t\t\t\t\t\t\t\t\t\t\t\t\t\t\t<\/div>\n\t\t\t\t<\/div>\n\t\t\t\t<\/div>\n\t\t<div class=\"elementor-element elementor-element-79bfcb1b e-flex e-con-boxed e-con e-child\" data-id=\"79bfcb1b\" data-element_type=\"container\">\n\t\t\t\t\t<div class=\"e-con-inner\">\n\t\t\t\t<div class=\"elementor-element elementor-element-6546d4e9 jltma-glass-effect-no elementor-widget elementor-widget-text-editor\" data-id=\"6546d4e9\" data-element_type=\"widget\" data-widget_type=\"text-editor.default\">\n\t\t\t\t<div class=\"elementor-widget-container\">\n\t\t\t\t\t\t\t\t\t<p><span style=\"font-weight: 400;\">Cuenta con sistemas de seguridad que garantizan operaci\u00f3n continua y segura para usuarios y equipos, incluyendo detecci\u00f3n y extinci\u00f3n de incendios, video vigilancia interior y exterior, y control de acceso biom\u00e9trico. Todo esto puede monitorearse remotamente seg\u00fan las necesidades del cliente. Su estructura met\u00e1lica y paneles de poliuretano aseguran hermeticidad, aislamiento, estanqueidad y protecci\u00f3n contra la corrosi\u00f3n.<\/span><\/p>\t\t\t\t\t\t\t\t<\/div>\n\t\t\t\t<\/div>\n\t\t\t\t\t<\/div>\n\t\t\t\t<\/div>\n\t\t<div class=\"elementor-element elementor-element-3a602f93 e-flex e-con-boxed e-con e-child\" data-id=\"3a602f93\" data-element_type=\"container\">\n\t\t\t\t\t<div class=\"e-con-inner\">\n\t\t\t\t<div class=\"elementor-element elementor-element-36465b8e elementor-align-center jltma-glass-effect-no elementor-widget elementor-widget-button\" data-id=\"36465b8e\" data-element_type=\"widget\" data-widget_type=\"button.default\">\n\t\t\t\t<div class=\"elementor-widget-container\">\n\t\t\t\t\t\t\t\t\t<div class=\"elementor-button-wrapper\">\n\t\t\t\t\t<a class=\"elementor-button elementor-button-link elementor-size-sm elementor-animation-grow\" href=\"https:\/\/kolff.cl\/index.php\/contacto\/\">\n\t\t\t\t\t\t<span class=\"elementor-button-content-wrapper\">\n\t\t\t\t\t\t\t\t\t<span class=\"elementor-button-text\">Cont\u00e1ctanos<\/span>\n\t\t\t\t\t<\/span>\n\t\t\t\t\t<\/a>\n\t\t\t\t<\/div>\n\t\t\t\t\t\t\t\t<\/div>\n\t\t\t\t<\/div>\n\t\t\t\t\t<\/div>\n\t\t\t\t<\/div>\n\t\t\t\t\t<\/div>\n\t\t\t\t<\/div>\n\t\t\t\t<\/div>\n\t\t","protected":false},"excerpt":{"rendered":"<p>DESCARGAR FICHA Sala El\u00e9ctrica Modular de KOLFF Soluci\u00f3n prefabricada y transportable dise\u00f1ada para integrar sistemas el\u00e9ctricos de media y baja tensi\u00f3n en proyectos industriales y de infraestructura. Fabricada bajo altos est\u00e1ndares de calidad, permite una instalaci\u00f3n r\u00e1pida y segura en terreno, adapt\u00e1ndose a distintas condiciones geogr\u00e1ficas. Incluye: Bases T\u00e9cnicas y Evaluaci\u00f3n del proyecto seg\u00fan requerimientos [&hellip;]<\/p>\n","protected":false},"author":2,"featured_media":0,"parent":0,"menu_order":0,"comment_status":"closed","ping_status":"closed","template":"elementor_header_footer","meta":{"content-type":"","footnotes":""},"class_list":["post-288","page","type-page","status-publish","hentry"],"yoast_head":"<!-- This site is optimized with the Yoast SEO plugin v25.3.1 - https:\/\/yoast.com\/wordpress\/plugins\/seo\/ -->\n<title>Sala El\u00e9ctrica - Kolff<\/title>\n<meta name=\"robots\" content=\"index, follow, max-snippet:-1, max-image-preview:large, max-video-preview:-1\" \/>\n<link rel=\"canonical\" href=\"https:\/\/kolff.cl\/index.php\/sala-electrica\/\" \/>\n<meta property=\"og:locale\" content=\"es_ES\" \/>\n<meta property=\"og:type\" content=\"article\" \/>\n<meta property=\"og:title\" content=\"Sala El\u00e9ctrica - Kolff\" \/>\n<meta property=\"og:description\" content=\"DESCARGAR FICHA Sala El\u00e9ctrica Modular de KOLFF Soluci\u00f3n prefabricada y transportable dise\u00f1ada para integrar sistemas el\u00e9ctricos de media y baja tensi\u00f3n en proyectos industriales y de infraestructura. Fabricada bajo altos est\u00e1ndares de calidad, permite una instalaci\u00f3n r\u00e1pida y segura en terreno, adapt\u00e1ndose a distintas condiciones geogr\u00e1ficas. Incluye: Bases T\u00e9cnicas y Evaluaci\u00f3n del proyecto seg\u00fan requerimientos [&hellip;]\" \/>\n<meta property=\"og:url\" content=\"https:\/\/kolff.cl\/index.php\/sala-electrica\/\" \/>\n<meta property=\"og:site_name\" content=\"Kolff\" \/>\n<meta property=\"article:modified_time\" content=\"2026-01-29T15:19:30+00:00\" \/>\n<meta property=\"og:image\" content=\"https:\/\/kolff.cl\/wp-content\/uploads\/2025\/05\/Recurso-17-1.webp\" \/>\n\t<meta property=\"og:image:width\" content=\"318\" \/>\n\t<meta property=\"og:image:height\" content=\"203\" \/>\n\t<meta property=\"og:image:type\" content=\"image\/webp\" \/>\n<meta name=\"twitter:card\" content=\"summary_large_image\" \/>\n<meta name=\"twitter:label1\" content=\"Tiempo de lectura\" \/>\n\t<meta name=\"twitter:data1\" content=\"2 minutos\" \/>\n<script type=\"application\/ld+json\" class=\"yoast-schema-graph\">{\"@context\":\"https:\/\/schema.org\",\"@graph\":[{\"@type\":\"WebPage\",\"@id\":\"https:\/\/kolff.cl\/index.php\/sala-electrica\/\",\"url\":\"https:\/\/kolff.cl\/index.php\/sala-electrica\/\",\"name\":\"Sala El\u00e9ctrica - Kolff\",\"isPartOf\":{\"@id\":\"https:\/\/kolff.cl\/#website\"},\"primaryImageOfPage\":{\"@id\":\"https:\/\/kolff.cl\/index.php\/sala-electrica\/#primaryimage\"},\"image\":{\"@id\":\"https:\/\/kolff.cl\/index.php\/sala-electrica\/#primaryimage\"},\"thumbnailUrl\":\"https:\/\/kolff.cl\/wp-content\/uploads\/2025\/05\/Recurso-17-1.webp\",\"datePublished\":\"2025-05-08T11:55:21+00:00\",\"dateModified\":\"2026-01-29T15:19:30+00:00\",\"breadcrumb\":{\"@id\":\"https:\/\/kolff.cl\/index.php\/sala-electrica\/#breadcrumb\"},\"inLanguage\":\"es\",\"potentialAction\":[{\"@type\":\"ReadAction\",\"target\":[\"https:\/\/kolff.cl\/index.php\/sala-electrica\/\"]}]},{\"@type\":\"ImageObject\",\"inLanguage\":\"es\",\"@id\":\"https:\/\/kolff.cl\/index.php\/sala-electrica\/#primaryimage\",\"url\":\"https:\/\/kolff.cl\/wp-content\/uploads\/2025\/05\/Recurso-17-1.webp\",\"contentUrl\":\"https:\/\/kolff.cl\/wp-content\/uploads\/2025\/05\/Recurso-17-1.webp\",\"width\":318,\"height\":203},{\"@type\":\"BreadcrumbList\",\"@id\":\"https:\/\/kolff.cl\/index.php\/sala-electrica\/#breadcrumb\",\"itemListElement\":[{\"@type\":\"ListItem\",\"position\":1,\"name\":\"Portada\",\"item\":\"https:\/\/kolff.cl\/\"},{\"@type\":\"ListItem\",\"position\":2,\"name\":\"Sala El\u00e9ctrica\"}]},{\"@type\":\"WebSite\",\"@id\":\"https:\/\/kolff.cl\/#website\",\"url\":\"https:\/\/kolff.cl\/\",\"name\":\"Kolff\",\"description\":\"\",\"potentialAction\":[{\"@type\":\"SearchAction\",\"target\":{\"@type\":\"EntryPoint\",\"urlTemplate\":\"https:\/\/kolff.cl\/?s={search_term_string}\"},\"query-input\":{\"@type\":\"PropertyValueSpecification\",\"valueRequired\":true,\"valueName\":\"search_term_string\"}}],\"inLanguage\":\"es\"}]}<\/script>\n<!-- \/ Yoast SEO plugin. -->","yoast_head_json":{"title":"Sala El\u00e9ctrica - Kolff","robots":{"index":"index","follow":"follow","max-snippet":"max-snippet:-1","max-image-preview":"max-image-preview:large","max-video-preview":"max-video-preview:-1"},"canonical":"https:\/\/kolff.cl\/index.php\/sala-electrica\/","og_locale":"es_ES","og_type":"article","og_title":"Sala El\u00e9ctrica - Kolff","og_description":"DESCARGAR FICHA Sala El\u00e9ctrica Modular de KOLFF Soluci\u00f3n prefabricada y transportable dise\u00f1ada para integrar sistemas el\u00e9ctricos de media y baja tensi\u00f3n en proyectos industriales y de infraestructura. Fabricada bajo altos est\u00e1ndares de calidad, permite una instalaci\u00f3n r\u00e1pida y segura en terreno, adapt\u00e1ndose a distintas condiciones geogr\u00e1ficas. Incluye: Bases T\u00e9cnicas y Evaluaci\u00f3n del proyecto seg\u00fan requerimientos [&hellip;]","og_url":"https:\/\/kolff.cl\/index.php\/sala-electrica\/","og_site_name":"Kolff","article_modified_time":"2026-01-29T15:19:30+00:00","og_image":[{"width":318,"height":203,"url":"https:\/\/kolff.cl\/wp-content\/uploads\/2025\/05\/Recurso-17-1.webp","type":"image\/webp"}],"twitter_card":"summary_large_image","twitter_misc":{"Tiempo de lectura":"2 minutos"},"schema":{"@context":"https:\/\/schema.org","@graph":[{"@type":"WebPage","@id":"https:\/\/kolff.cl\/index.php\/sala-electrica\/","url":"https:\/\/kolff.cl\/index.php\/sala-electrica\/","name":"Sala El\u00e9ctrica - Kolff","isPartOf":{"@id":"https:\/\/kolff.cl\/#website"},"primaryImageOfPage":{"@id":"https:\/\/kolff.cl\/index.php\/sala-electrica\/#primaryimage"},"image":{"@id":"https:\/\/kolff.cl\/index.php\/sala-electrica\/#primaryimage"},"thumbnailUrl":"https:\/\/kolff.cl\/wp-content\/uploads\/2025\/05\/Recurso-17-1.webp","datePublished":"2025-05-08T11:55:21+00:00","dateModified":"2026-01-29T15:19:30+00:00","breadcrumb":{"@id":"https:\/\/kolff.cl\/index.php\/sala-electrica\/#breadcrumb"},"inLanguage":"es","potentialAction":[{"@type":"ReadAction","target":["https:\/\/kolff.cl\/index.php\/sala-electrica\/"]}]},{"@type":"ImageObject","inLanguage":"es","@id":"https:\/\/kolff.cl\/index.php\/sala-electrica\/#primaryimage","url":"https:\/\/kolff.cl\/wp-content\/uploads\/2025\/05\/Recurso-17-1.webp","contentUrl":"https:\/\/kolff.cl\/wp-content\/uploads\/2025\/05\/Recurso-17-1.webp","width":318,"height":203},{"@type":"BreadcrumbList","@id":"https:\/\/kolff.cl\/index.php\/sala-electrica\/#breadcrumb","itemListElement":[{"@type":"ListItem","position":1,"name":"Portada","item":"https:\/\/kolff.cl\/"},{"@type":"ListItem","position":2,"name":"Sala El\u00e9ctrica"}]},{"@type":"WebSite","@id":"https:\/\/kolff.cl\/#website","url":"https:\/\/kolff.cl\/","name":"Kolff","description":"","potentialAction":[{"@type":"SearchAction","target":{"@type":"EntryPoint","urlTemplate":"https:\/\/kolff.cl\/?s={search_term_string}"},"query-input":{"@type":"PropertyValueSpecification","valueRequired":true,"valueName":"search_term_string"}}],"inLanguage":"es"}]}},"_links":{"self":[{"href":"https:\/\/kolff.cl\/index.php\/wp-json\/wp\/v2\/pages\/288","targetHints":{"allow":["GET"]}}],"collection":[{"href":"https:\/\/kolff.cl\/index.php\/wp-json\/wp\/v2\/pages"}],"about":[{"href":"https:\/\/kolff.cl\/index.php\/wp-json\/wp\/v2\/types\/page"}],"author":[{"embeddable":true,"href":"https:\/\/kolff.cl\/index.php\/wp-json\/wp\/v2\/users\/2"}],"replies":[{"embeddable":true,"href":"https:\/\/kolff.cl\/index.php\/wp-json\/wp\/v2\/comments?post=288"}],"version-history":[{"count":61,"href":"https:\/\/kolff.cl\/index.php\/wp-json\/wp\/v2\/pages\/288\/revisions"}],"predecessor-version":[{"id":2933,"href":"https:\/\/kolff.cl\/index.php\/wp-json\/wp\/v2\/pages\/288\/revisions\/2933"}],"wp:attachment":[{"href":"https:\/\/kolff.cl\/index.php\/wp-json\/wp\/v2\/media?parent=288"}],"curies":[{"name":"wp","href":"https:\/\/api.w.org\/{rel}","templated":true}]}}