{"id":1677,"date":"2025-08-06T20:17:46","date_gmt":"2025-08-06T20:17:46","guid":{"rendered":"https:\/\/kolff.cl\/?page_id=1677"},"modified":"2025-09-23T20:33:03","modified_gmt":"2025-09-23T20:33:03","slug":"sistema-de-medicion-de-satisfaccion-de-clientes","status":"publish","type":"page","link":"https:\/\/kolff.cl\/index.php\/sistema-de-medicion-de-satisfaccion-de-clientes\/","title":{"rendered":"Sistema de Medici\u00f3n de Satisfacci\u00f3n de Clientes"},"content":{"rendered":"\t\t<div data-elementor-type=\"wp-page\" data-elementor-id=\"1677\" class=\"elementor elementor-1677\" data-elementor-post-type=\"page\">\n\t\t\t\t<div class=\"elementor-element elementor-element-41606e1 elementor-hidden-tablet elementor-hidden-mobile e-flex e-con-boxed e-con e-parent\" data-id=\"41606e1\" data-element_type=\"container\" data-settings=\"{&quot;background_background&quot;:&quot;classic&quot;}\">\n\t\t\t\t\t<div class=\"e-con-inner\">\n\t\t<div class=\"elementor-element elementor-element-acff1be e-con-full e-flex e-con e-child\" data-id=\"acff1be\" data-element_type=\"container\">\n\t\t\t\t<div class=\"elementor-element elementor-element-d3812b1 jltma-glass-effect-no elementor-invisible elementor-widget elementor-widget-text-editor\" data-id=\"d3812b1\" data-element_type=\"widget\" data-settings=\"{&quot;_animation&quot;:&quot;fadeInUp&quot;}\" data-widget_type=\"text-editor.default\">\n\t\t\t\t<div class=\"elementor-widget-container\">\n\t\t\t\t\t\t\t\t\tEncuesta de Servicio T\u00e9cnico<br\/> KOLFF\t\t\t\t\t\t\t\t<\/div>\n\t\t\t\t<\/div>\n\t\t\t\t<\/div>\n\t\t\t\t\t<\/div>\n\t\t\t\t<\/div>\n\t\t<div class=\"elementor-element elementor-element-1c2928e e-flex e-con-boxed e-con e-parent\" data-id=\"1c2928e\" data-element_type=\"container\" data-settings=\"{&quot;background_background&quot;:&quot;classic&quot;}\">\n\t\t\t\t\t<div class=\"e-con-inner\">\n\t\t<div class=\"elementor-element elementor-element-5678cd3 e-con-full e-flex e-con e-child\" data-id=\"5678cd3\" data-element_type=\"container\">\n\t\t\t\t<div class=\"elementor-element elementor-element-409dfab jltma-glass-effect-no elementor-widget elementor-widget-html\" data-id=\"409dfab\" data-element_type=\"widget\" data-widget_type=\"html.default\">\n\t\t\t\t<div class=\"elementor-widget-container\">\n\t\t\t\t\t<iframe src=\"https:\/\/docs.google.com\/forms\/d\/e\/1FAIpQLScV7l5mwTqPXFGPTOLDx3QxFVJJdr13RPVuvfGKZhoZd-7_Wg\/viewform?embedded=true\" width=\"640\" height=\"1400\" frameborder=\"0\" marginheight=\"0\" marginwidth=\"0\">Cargando\u2026<\/iframe>\t\t\t\t<\/div>\n\t\t\t\t<\/div>\n\t\t\t\t<\/div>\n\t\t<div class=\"elementor-element elementor-element-1605bc0 e-con-full e-flex e-con e-child\" data-id=\"1605bc0\" data-element_type=\"container\">\n\t\t<div class=\"elementor-element elementor-element-31cf453 e-con-full e-flex e-con e-child\" data-id=\"31cf453\" data-element_type=\"container\">\n\t\t\t\t<div class=\"elementor-element elementor-element-61cfeef jltma-glass-effect-no elementor-widget elementor-widget-text-editor\" data-id=\"61cfeef\" data-element_type=\"widget\" data-widget_type=\"text-editor.default\">\n\t\t\t\t<div class=\"elementor-widget-container\">\n\t\t\t\t\t\t\t\t\t<p><i>La informaci\u00f3n recopilada ser\u00e1 utilizada solo con fines estad\u00edsticos y de mejora interna. Sus datos ser\u00e1n tratados con total confidencialidad.<\/i><\/p>\t\t\t\t\t\t\t\t<\/div>\n\t\t\t\t<\/div>\n\t\t\t\t<\/div>\n\t\t\t\t<\/div>\n\t\t\t\t\t<\/div>\n\t\t\t\t<\/div>\n\t\t\t\t<\/div>\n\t\t","protected":false},"excerpt":{"rendered":"<p>Encuesta de Servicio T\u00e9cnico KOLFF Cargando\u2026 La informaci\u00f3n recopilada ser\u00e1 utilizada solo con fines estad\u00edsticos y de mejora interna. Sus datos ser\u00e1n tratados con total confidencialidad.<\/p>\n","protected":false},"author":2,"featured_media":0,"parent":0,"menu_order":0,"comment_status":"closed","ping_status":"closed","template":"","meta":{"content-type":"","footnotes":""},"class_list":["post-1677","page","type-page","status-publish","hentry"],"yoast_head":"<!-- This site is optimized with the Yoast SEO plugin v25.3.1 - https:\/\/yoast.com\/wordpress\/plugins\/seo\/ -->\n<title>Sistema de Medici\u00f3n de Satisfacci\u00f3n de Clientes - Kolff<\/title>\n<meta name=\"robots\" content=\"index, follow, max-snippet:-1, max-image-preview:large, max-video-preview:-1\" \/>\n<link rel=\"canonical\" href=\"https:\/\/kolff.cl\/index.php\/sistema-de-medicion-de-satisfaccion-de-clientes\/\" \/>\n<meta property=\"og:locale\" content=\"es_ES\" \/>\n<meta property=\"og:type\" content=\"article\" \/>\n<meta property=\"og:title\" content=\"Sistema de Medici\u00f3n de Satisfacci\u00f3n de Clientes - Kolff\" \/>\n<meta property=\"og:description\" content=\"Encuesta de Servicio T\u00e9cnico KOLFF Cargando\u2026 La informaci\u00f3n recopilada ser\u00e1 utilizada solo con fines estad\u00edsticos y de mejora interna. Sus datos ser\u00e1n tratados con total confidencialidad.\" \/>\n<meta property=\"og:url\" content=\"https:\/\/kolff.cl\/index.php\/sistema-de-medicion-de-satisfaccion-de-clientes\/\" \/>\n<meta property=\"og:site_name\" content=\"Kolff\" \/>\n<meta property=\"article:modified_time\" content=\"2025-09-23T20:33:03+00:00\" \/>\n<meta name=\"twitter:card\" content=\"summary_large_image\" \/>\n<meta name=\"twitter:label1\" content=\"Tiempo de lectura\" \/>\n\t<meta name=\"twitter:data1\" content=\"1 minuto\" \/>\n<script type=\"application\/ld+json\" class=\"yoast-schema-graph\">{\"@context\":\"https:\/\/schema.org\",\"@graph\":[{\"@type\":\"WebPage\",\"@id\":\"https:\/\/kolff.cl\/index.php\/sistema-de-medicion-de-satisfaccion-de-clientes\/\",\"url\":\"https:\/\/kolff.cl\/index.php\/sistema-de-medicion-de-satisfaccion-de-clientes\/\",\"name\":\"Sistema de Medici\u00f3n de Satisfacci\u00f3n de Clientes - Kolff\",\"isPartOf\":{\"@id\":\"https:\/\/kolff.cl\/#website\"},\"datePublished\":\"2025-08-06T20:17:46+00:00\",\"dateModified\":\"2025-09-23T20:33:03+00:00\",\"breadcrumb\":{\"@id\":\"https:\/\/kolff.cl\/index.php\/sistema-de-medicion-de-satisfaccion-de-clientes\/#breadcrumb\"},\"inLanguage\":\"es\",\"potentialAction\":[{\"@type\":\"ReadAction\",\"target\":[\"https:\/\/kolff.cl\/index.php\/sistema-de-medicion-de-satisfaccion-de-clientes\/\"]}]},{\"@type\":\"BreadcrumbList\",\"@id\":\"https:\/\/kolff.cl\/index.php\/sistema-de-medicion-de-satisfaccion-de-clientes\/#breadcrumb\",\"itemListElement\":[{\"@type\":\"ListItem\",\"position\":1,\"name\":\"Portada\",\"item\":\"https:\/\/kolff.cl\/\"},{\"@type\":\"ListItem\",\"position\":2,\"name\":\"Sistema de Medici\u00f3n de Satisfacci\u00f3n de Clientes\"}]},{\"@type\":\"WebSite\",\"@id\":\"https:\/\/kolff.cl\/#website\",\"url\":\"https:\/\/kolff.cl\/\",\"name\":\"Kolff\",\"description\":\"\",\"potentialAction\":[{\"@type\":\"SearchAction\",\"target\":{\"@type\":\"EntryPoint\",\"urlTemplate\":\"https:\/\/kolff.cl\/?s={search_term_string}\"},\"query-input\":{\"@type\":\"PropertyValueSpecification\",\"valueRequired\":true,\"valueName\":\"search_term_string\"}}],\"inLanguage\":\"es\"}]}<\/script>\n<!-- \/ Yoast SEO plugin. -->","yoast_head_json":{"title":"Sistema de Medici\u00f3n de Satisfacci\u00f3n de Clientes - Kolff","robots":{"index":"index","follow":"follow","max-snippet":"max-snippet:-1","max-image-preview":"max-image-preview:large","max-video-preview":"max-video-preview:-1"},"canonical":"https:\/\/kolff.cl\/index.php\/sistema-de-medicion-de-satisfaccion-de-clientes\/","og_locale":"es_ES","og_type":"article","og_title":"Sistema de Medici\u00f3n de Satisfacci\u00f3n de Clientes - Kolff","og_description":"Encuesta de Servicio T\u00e9cnico KOLFF Cargando\u2026 La informaci\u00f3n recopilada ser\u00e1 utilizada solo con fines estad\u00edsticos y de mejora interna. Sus datos ser\u00e1n tratados con total confidencialidad.","og_url":"https:\/\/kolff.cl\/index.php\/sistema-de-medicion-de-satisfaccion-de-clientes\/","og_site_name":"Kolff","article_modified_time":"2025-09-23T20:33:03+00:00","twitter_card":"summary_large_image","twitter_misc":{"Tiempo de lectura":"1 minuto"},"schema":{"@context":"https:\/\/schema.org","@graph":[{"@type":"WebPage","@id":"https:\/\/kolff.cl\/index.php\/sistema-de-medicion-de-satisfaccion-de-clientes\/","url":"https:\/\/kolff.cl\/index.php\/sistema-de-medicion-de-satisfaccion-de-clientes\/","name":"Sistema de Medici\u00f3n de Satisfacci\u00f3n de Clientes - Kolff","isPartOf":{"@id":"https:\/\/kolff.cl\/#website"},"datePublished":"2025-08-06T20:17:46+00:00","dateModified":"2025-09-23T20:33:03+00:00","breadcrumb":{"@id":"https:\/\/kolff.cl\/index.php\/sistema-de-medicion-de-satisfaccion-de-clientes\/#breadcrumb"},"inLanguage":"es","potentialAction":[{"@type":"ReadAction","target":["https:\/\/kolff.cl\/index.php\/sistema-de-medicion-de-satisfaccion-de-clientes\/"]}]},{"@type":"BreadcrumbList","@id":"https:\/\/kolff.cl\/index.php\/sistema-de-medicion-de-satisfaccion-de-clientes\/#breadcrumb","itemListElement":[{"@type":"ListItem","position":1,"name":"Portada","item":"https:\/\/kolff.cl\/"},{"@type":"ListItem","position":2,"name":"Sistema de Medici\u00f3n de Satisfacci\u00f3n de Clientes"}]},{"@type":"WebSite","@id":"https:\/\/kolff.cl\/#website","url":"https:\/\/kolff.cl\/","name":"Kolff","description":"","potentialAction":[{"@type":"SearchAction","target":{"@type":"EntryPoint","urlTemplate":"https:\/\/kolff.cl\/?s={search_term_string}"},"query-input":{"@type":"PropertyValueSpecification","valueRequired":true,"valueName":"search_term_string"}}],"inLanguage":"es"}]}},"_links":{"self":[{"href":"https:\/\/kolff.cl\/index.php\/wp-json\/wp\/v2\/pages\/1677","targetHints":{"allow":["GET"]}}],"collection":[{"href":"https:\/\/kolff.cl\/index.php\/wp-json\/wp\/v2\/pages"}],"about":[{"href":"https:\/\/kolff.cl\/index.php\/wp-json\/wp\/v2\/types\/page"}],"author":[{"embeddable":true,"href":"https:\/\/kolff.cl\/index.php\/wp-json\/wp\/v2\/users\/2"}],"replies":[{"embeddable":true,"href":"https:\/\/kolff.cl\/index.php\/wp-json\/wp\/v2\/comments?post=1677"}],"version-history":[{"count":112,"href":"https:\/\/kolff.cl\/index.php\/wp-json\/wp\/v2\/pages\/1677\/revisions"}],"predecessor-version":[{"id":2158,"href":"https:\/\/kolff.cl\/index.php\/wp-json\/wp\/v2\/pages\/1677\/revisions\/2158"}],"wp:attachment":[{"href":"https:\/\/kolff.cl\/index.php\/wp-json\/wp\/v2\/media?parent=1677"}],"curies":[{"name":"wp","href":"https:\/\/api.w.org\/{rel}","templated":true}]}}